{"id":44861,"date":"2023-05-11T15:41:23","date_gmt":"2023-05-11T12:41:23","guid":{"rendered":"https:\/\/exlibris.ee\/toode\/campus-deutsch-lesen-lehrerhandbuch-als-pdf-download\/"},"modified":"2026-04-04T03:18:03","modified_gmt":"2026-04-04T00:18:03","slug":"campus-deutsch-lesen-lehrerhandbuch-als-pdf-download","status":"publish","type":"product","link":"https:\/\/exlibris.ee\/ru\/produkt\/campus-deutsch-lesen-lehrerhandbuch-als-pdf-download\/","title":{"rendered":"Campus Deutsch &#8212; Lesen  Lehrerhandbuch als PDF-Download"},"content":{"rendered":"<p>So wird der Umgang mit wissenschaftlichen Texten effektiv! Der Band Campus Deutsch \u2013 Lesen bef\u00e4higt, sich eigenst\u00e4ndig (popul\u00e4r)wissenschaftliche Texte aus unterschiedlichen Fachgebieten zu erschlie\u00dfen und dabei gezielt das W\u00f6rterbuch einzusetzen. Ein Basistext mit sehr kleinschrittigen Erkl\u00e4rungen sowie vier \u00dcbungstexte mit vielf\u00e4ltigen Aufgaben trainieren die verschiedenen Lesetechniken. Die L\u00f6sungen stehen als kostenloser Download im Lehrwerkservice zur Verf\u00fcgung.<\/p>\n","protected":false},"excerpt":{"rendered":"<p>So wird der Umgang mit wissenschaftlichen Texten effektiv! Der Band Campus Deutsch \u2013 Lesen bef\u00e4higt, sich eigenst\u00e4ndig (popul\u00e4r)wissenschaftliche Texte aus unterschiedlichen Fachgebieten zu erschlie\u00dfen und dabei gezielt das W\u00f6rterbuch einzusetzen. Ein Basistext mit sehr kleinschrittigen Erkl\u00e4rungen sowie vier \u00dcbungstexte mit&#8230;<\/p>\n","protected":false},"featured_media":56212,"template":"","meta":{"_acf_changed":false,"inline_featured_image":false},"product_brand":[],"product_cat":[558],"product_tag":[],"series":[{"id":559,"name":"Campus Deutsch","slug":"campus-deutsch"}],"publisher":[{"id":497,"name":"Hueber Verlag","slug":"hueber-verlag"}],"class_list":{"0":"post-44861","1":"product","2":"type-product","3":"status-publish","4":"has-post-thumbnail","6":"product_cat-deutsch-uben","7":"series-campus-deutsch","8":"publisher-hueber-verlag","10":"first","11":"onbackorder","12":"taxable","13":"shipping-taxable","14":"purchasable","15":"product-type-simple"},"acf":[],"_links":{"self":[{"href":"https:\/\/exlibris.ee\/ru\/wp-json\/wp\/v2\/product\/44861","targetHints":{"allow":["GET"]}}],"collection":[{"href":"https:\/\/exlibris.ee\/ru\/wp-json\/wp\/v2\/product"}],"about":[{"href":"https:\/\/exlibris.ee\/ru\/wp-json\/wp\/v2\/types\/product"}],"wp:featuredmedia":[{"embeddable":true,"href":"https:\/\/exlibris.ee\/ru\/wp-json\/wp\/v2\/media\/56212"}],"wp:attachment":[{"href":"https:\/\/exlibris.ee\/ru\/wp-json\/wp\/v2\/media?parent=44861"}],"wp:term":[{"taxonomy":"product_brand","embeddable":true,"href":"https:\/\/exlibris.ee\/ru\/wp-json\/wp\/v2\/product_brand?post=44861"},{"taxonomy":"product_cat","embeddable":true,"href":"https:\/\/exlibris.ee\/ru\/wp-json\/wp\/v2\/product_cat?post=44861"},{"taxonomy":"product_tag","embeddable":true,"href":"https:\/\/exlibris.ee\/ru\/wp-json\/wp\/v2\/product_tag?post=44861"},{"taxonomy":"series","embeddable":true,"href":"https:\/\/exlibris.ee\/ru\/wp-json\/wp\/v2\/series?post=44861"},{"taxonomy":"publisher","embeddable":true,"href":"https:\/\/exlibris.ee\/ru\/wp-json\/wp\/v2\/publisher?post=44861"}],"curies":[{"name":"wp","href":"https:\/\/api.w.org\/{rel}","templated":true}]}}