{"id":44862,"date":"2023-05-11T15:41:23","date_gmt":"2023-05-11T12:41:23","guid":{"rendered":"https:\/\/exlibris.ee\/toode\/vielfalt-b2-digitaler-unterrichtsplaner-b2-1\/"},"modified":"2026-04-25T17:35:00","modified_gmt":"2026-04-25T14:35:00","slug":"vielfalt-b2-digitaler-unterrichtsplaner-b2-1","status":"publish","type":"product","link":"https:\/\/exlibris.ee\/ru\/produkt\/vielfalt-b2-digitaler-unterrichtsplaner-b2-1\/","title":{"rendered":"Vielfalt B2.1  Add-on zum Kurs- und Arbeitsbuch auf Hueber interaktiv: Digitaler Unterrichtsplaner"},"content":{"rendered":"<p>Vielfalt B2.1 Digitaler Unterrichtsplaner Der digitale Unterrichtsplaner ist eine Erweiterung der interaktiven Version des Kurs- und Arbeitsbuchs auf Hueber interaktiv. Mit dem digitalen Unterrichtsplaner erhalten Sie eine F\u00fclle von Lehrhilfen: \u2022 Konzeptbeschreibung und Informationen zum Aufbau des Lehrwerks \u2022 einen Wegweiser zu den Unterrichtspl\u00e4nen \u2022 Unterrichtspl\u00e4ne zu den Moduleinstiegsseiten, Lektionen, Modulausstiegsseiten und den Extra-Beruf-Seiten im Kursbuch \u2013 mit vielen zus\u00e4tzlichen Hinweisen \u2022 vielf\u00e4ltige Kopiervorlagen zu den Moduleinstiegsseiten (mit einem Fokus auf das H\u00f6rsehverstehen) und zu den Lektionen im Kursbuch (samt L\u00f6sungen) in erster Linie zur Rubrik GRAMMATIK, aber auch zu W\u00d6RTER und KOMMUNIKATION) \u2022 zweiseitige, leicht einsetzbare Tests zu den Lektionen (samt L\u00f6sungen), mit denen der Lernstoff zu den Rubriken W\u00d6RTER, GRAMMATIK und KOMMUNIKATION und die rezeptiven Teilkompetenzen Lesen und H\u00f6ren \u00fcberpr\u00fcft werden k\u00f6nnen \u2022 eine Stoppuhr und einen Link zum Lehrwerkservice \u2022 Transkriptionen zu Audios, Filmen und Clips \u2022 L\u00f6sungsschl\u00fcssel zum Kurs- und Arbeitsbuch \u00dcbersichten zu Pr\u00fcfungsformaten, Aufgaben mit Bezug zum erweiterten Gemeinsamen Europ\u00e4ischen Referenzrahmen f\u00fcr Sprachen, unregelm\u00e4\u00dfigen Verben und dem Lernwortschatz Wichtiger Hinweis: Der digitale Unterrichtsplaner ist ein Zusatzprodukt der interaktiven Version des Kurs- und Arbeitsbuchs. Um den digitalen Unterrichtsplaner Vielfalt B2.1 nutzen zu k\u00f6nnen, ben\u00f6tigen Sie daher vorab die interaktive Version des Kurs- und Arbeitsbuchs Vielfalt B2.1 auf Hueber interaktiv (ISBN: 9978-3-19-211037-5, der Code ist auch im gedruckten Kurs- und Arbeitsbuchs Vielfalt B2.1 enthalten, ISBN: 978-3-19-201037-8). So geht es: 1. Sie l\u00f6sen auf Hueber interaktiv zun\u00e4chst den Code f\u00fcr das Kursbuch ein. 2. Anschlie\u00dfend kaufen Sie hier den Code f\u00fcr den digitalen Unterrichtsplaner und l\u00f6sen ihn auf Hueber interaktiv ein. Der Unterrichtsplaner legt sich dann an die Seiten Ihres Kurs- und Arbeitsbuchs (indem Sie<\/p>\n","protected":false},"excerpt":{"rendered":"<p>Vielfalt B2.1 Digitaler Unterrichtsplaner Der digitale Unterrichtsplaner ist eine Erweiterung der interaktiven Version des Kurs- und Arbeitsbuchs auf Hueber interaktiv. Mit dem digitalen Unterrichtsplaner erhalten Sie eine F\u00fclle von Lehrhilfen: \u2022 Konzeptbeschreibung und Informationen zum Aufbau des Lehrwerks \u2022 einen&#8230;<\/p>\n","protected":false},"featured_media":56341,"template":"","meta":{"_acf_changed":false,"inline_featured_image":false},"product_brand":[],"product_cat":[1121],"product_tag":[],"series":[{"id":990,"name":"Vielfalt B2","slug":"vielfalt-b2"}],"publisher":[{"id":497,"name":"Hueber Verlag","slug":"hueber-verlag"}],"class_list":{"0":"post-44862","1":"product","2":"type-product","3":"status-publish","4":"has-post-thumbnail","6":"product_cat-lehrwerke-fur-jugendliche-und-erwachsene","7":"series-vielfalt-b2","8":"publisher-hueber-verlag","10":"first","11":"onbackorder","12":"taxable","13":"shipping-taxable","14":"purchasable","15":"product-type-simple"},"acf":[],"_links":{"self":[{"href":"https:\/\/exlibris.ee\/ru\/wp-json\/wp\/v2\/product\/44862","targetHints":{"allow":["GET"]}}],"collection":[{"href":"https:\/\/exlibris.ee\/ru\/wp-json\/wp\/v2\/product"}],"about":[{"href":"https:\/\/exlibris.ee\/ru\/wp-json\/wp\/v2\/types\/product"}],"wp:featuredmedia":[{"embeddable":true,"href":"https:\/\/exlibris.ee\/ru\/wp-json\/wp\/v2\/media\/56341"}],"wp:attachment":[{"href":"https:\/\/exlibris.ee\/ru\/wp-json\/wp\/v2\/media?parent=44862"}],"wp:term":[{"taxonomy":"product_brand","embeddable":true,"href":"https:\/\/exlibris.ee\/ru\/wp-json\/wp\/v2\/product_brand?post=44862"},{"taxonomy":"product_cat","embeddable":true,"href":"https:\/\/exlibris.ee\/ru\/wp-json\/wp\/v2\/product_cat?post=44862"},{"taxonomy":"product_tag","embeddable":true,"href":"https:\/\/exlibris.ee\/ru\/wp-json\/wp\/v2\/product_tag?post=44862"},{"taxonomy":"series","embeddable":true,"href":"https:\/\/exlibris.ee\/ru\/wp-json\/wp\/v2\/series?post=44862"},{"taxonomy":"publisher","embeddable":true,"href":"https:\/\/exlibris.ee\/ru\/wp-json\/wp\/v2\/publisher?post=44862"}],"curies":[{"name":"wp","href":"https:\/\/api.w.org\/{rel}","templated":true}]}}