{"id":44863,"date":"2023-05-11T15:41:24","date_gmt":"2023-05-11T12:41:24","guid":{"rendered":"https:\/\/exlibris.ee\/toode\/beste-freunde-a1-deutsch-fur-jugendliche-leseheft-geheimnis-im-hotel\/"},"modified":"2026-04-18T15:37:25","modified_gmt":"2026-04-18T12:37:25","slug":"beste-freunde-a1-deutsch-fur-jugendliche-leseheft-geheimnis-im-hotel","status":"publish","type":"product","link":"https:\/\/exlibris.ee\/ru\/produkt\/beste-freunde-a1-deutsch-fur-jugendliche-leseheft-geheimnis-im-hotel\/","title":{"rendered":"Beste Freunde A1  Deutsch f\u00fcr Jugendliche \/ Leseheft: Geheimnis im Hotel"},"content":{"rendered":"<p>Zielgruppe Jugendliche ab 11 Jahren, die mit Beste Freunde A1 arbeiten.Eine leichte, farbig illustrierte Lekt\u00fcre mit den Protagonisten aus Beste Freunde A1.Laura und Simon erleben ein spannendes Abenteuer im Hotel. \u2013 Wer hat die Goldm\u00fcnzen aus dem Museum gestohlen?Alle Audiodateien, Aufgaben und L\u00f6sungen stehen Ihnen im Lehrwerkservice als kostenfreier Download zur Verf\u00fcgung.<\/p>\n","protected":false},"excerpt":{"rendered":"<p>Zielgruppe Jugendliche ab 11 Jahren, die mit Beste Freunde A1 arbeiten.Eine leichte, farbig illustrierte Lekt\u00fcre mit den Protagonisten aus Beste Freunde A1.Laura und Simon erleben ein spannendes Abenteuer im Hotel. \u2013 Wer hat die Goldm\u00fcnzen aus dem Museum gestohlen?Alle Audiodateien,&#8230;<\/p>\n","protected":false},"featured_media":56344,"template":"","meta":{"_acf_changed":false,"inline_featured_image":false},"product_brand":[],"product_cat":[477],"product_tag":[],"series":[{"id":577,"name":"Beste Freunde A1","slug":"beste-freunde-a1"}],"publisher":[{"id":497,"name":"Hueber Verlag","slug":"hueber-verlag"}],"class_list":{"0":"post-44863","1":"product","2":"type-product","3":"status-publish","4":"has-post-thumbnail","6":"product_cat-lehrwerke-fur-jugendliche","7":"series-beste-freunde-a1","8":"publisher-hueber-verlag","10":"first","11":"onbackorder","12":"taxable","13":"shipping-taxable","14":"purchasable","15":"product-type-simple"},"acf":[],"_links":{"self":[{"href":"https:\/\/exlibris.ee\/ru\/wp-json\/wp\/v2\/product\/44863","targetHints":{"allow":["GET"]}}],"collection":[{"href":"https:\/\/exlibris.ee\/ru\/wp-json\/wp\/v2\/product"}],"about":[{"href":"https:\/\/exlibris.ee\/ru\/wp-json\/wp\/v2\/types\/product"}],"wp:featuredmedia":[{"embeddable":true,"href":"https:\/\/exlibris.ee\/ru\/wp-json\/wp\/v2\/media\/56344"}],"wp:attachment":[{"href":"https:\/\/exlibris.ee\/ru\/wp-json\/wp\/v2\/media?parent=44863"}],"wp:term":[{"taxonomy":"product_brand","embeddable":true,"href":"https:\/\/exlibris.ee\/ru\/wp-json\/wp\/v2\/product_brand?post=44863"},{"taxonomy":"product_cat","embeddable":true,"href":"https:\/\/exlibris.ee\/ru\/wp-json\/wp\/v2\/product_cat?post=44863"},{"taxonomy":"product_tag","embeddable":true,"href":"https:\/\/exlibris.ee\/ru\/wp-json\/wp\/v2\/product_tag?post=44863"},{"taxonomy":"series","embeddable":true,"href":"https:\/\/exlibris.ee\/ru\/wp-json\/wp\/v2\/series?post=44863"},{"taxonomy":"publisher","embeddable":true,"href":"https:\/\/exlibris.ee\/ru\/wp-json\/wp\/v2\/publisher?post=44863"}],"curies":[{"name":"wp","href":"https:\/\/api.w.org\/{rel}","templated":true}]}}