{"id":44865,"date":"2023-05-11T15:41:24","date_gmt":"2023-05-11T12:41:24","guid":{"rendered":"https:\/\/exlibris.ee\/toode\/beste-freunde-b1-leseheft-schwarzes-eis\/"},"modified":"2026-04-20T09:37:40","modified_gmt":"2026-04-20T06:37:40","slug":"beste-freunde-b1-leseheft-schwarzes-eis","status":"publish","type":"product","link":"https:\/\/exlibris.ee\/ru\/produkt\/beste-freunde-b1-leseheft-schwarzes-eis\/","title":{"rendered":"Beste Freunde B1   \/ Leseheft: Schwarzes Eis"},"content":{"rendered":"<p>Zielgruppe: Jugendliche von 12 bis 14 Jahren, die mit Beste Freunde B1 arbeiten. Laura und Simon, die Protagonisten aus Beste Freunde B1, versuchen sich als Schriftsteller und schreiben einen spannungsgeladenen Krimi: M\u00fcnchen, Februar 1964. Ein ber\u00fchmter Fu\u00dfballspieler ist verschwunden. Seine junge Frau bittet Privatdetektiv Klaus Fischer um Hilfe. Fischer \u00fcbernimmt den Fall, obwohl er kein Anzeichen eines Verbrechens sieht. Schnell stellt sich heraus, dass die Ermittlungen viel gef\u00e4hrlicher sind als erwartet&#8230; Alle Audiodateien, Aufgaben und L\u00f6sungen stehen Ihnen im Lehrwerkservice als kostenfreier Download zur Verf\u00fcgung.<\/p>\n","protected":false},"excerpt":{"rendered":"<p>Zielgruppe: Jugendliche von 12 bis 14 Jahren, die mit Beste Freunde B1 arbeiten. Laura und Simon, die Protagonisten aus Beste Freunde B1, versuchen sich als Schriftsteller und schreiben einen spannungsgeladenen Krimi: M\u00fcnchen, Februar 1964. Ein ber\u00fchmter Fu\u00dfballspieler ist verschwunden. Seine&#8230;<\/p>\n","protected":false},"featured_media":56350,"template":"","meta":{"_acf_changed":false,"inline_featured_image":false},"product_brand":[],"product_cat":[477],"product_tag":[],"series":[{"id":991,"name":"Beste Freunde B1","slug":"beste-freunde-b1"}],"publisher":[{"id":497,"name":"Hueber Verlag","slug":"hueber-verlag"}],"class_list":{"0":"post-44865","1":"product","2":"type-product","3":"status-publish","4":"has-post-thumbnail","6":"product_cat-lehrwerke-fur-jugendliche","7":"series-beste-freunde-b1","8":"publisher-hueber-verlag","10":"first","11":"onbackorder","12":"taxable","13":"shipping-taxable","14":"purchasable","15":"product-type-simple"},"acf":[],"_links":{"self":[{"href":"https:\/\/exlibris.ee\/ru\/wp-json\/wp\/v2\/product\/44865","targetHints":{"allow":["GET"]}}],"collection":[{"href":"https:\/\/exlibris.ee\/ru\/wp-json\/wp\/v2\/product"}],"about":[{"href":"https:\/\/exlibris.ee\/ru\/wp-json\/wp\/v2\/types\/product"}],"wp:featuredmedia":[{"embeddable":true,"href":"https:\/\/exlibris.ee\/ru\/wp-json\/wp\/v2\/media\/56350"}],"wp:attachment":[{"href":"https:\/\/exlibris.ee\/ru\/wp-json\/wp\/v2\/media?parent=44865"}],"wp:term":[{"taxonomy":"product_brand","embeddable":true,"href":"https:\/\/exlibris.ee\/ru\/wp-json\/wp\/v2\/product_brand?post=44865"},{"taxonomy":"product_cat","embeddable":true,"href":"https:\/\/exlibris.ee\/ru\/wp-json\/wp\/v2\/product_cat?post=44865"},{"taxonomy":"product_tag","embeddable":true,"href":"https:\/\/exlibris.ee\/ru\/wp-json\/wp\/v2\/product_tag?post=44865"},{"taxonomy":"series","embeddable":true,"href":"https:\/\/exlibris.ee\/ru\/wp-json\/wp\/v2\/series?post=44865"},{"taxonomy":"publisher","embeddable":true,"href":"https:\/\/exlibris.ee\/ru\/wp-json\/wp\/v2\/publisher?post=44865"}],"curies":[{"name":"wp","href":"https:\/\/api.w.org\/{rel}","templated":true}]}}