{"id":44866,"date":"2023-05-11T15:41:24","date_gmt":"2023-05-11T12:41:24","guid":{"rendered":"https:\/\/exlibris.ee\/toode\/fit-furs-goethe-zertifikat-b2-deutschprufung-fur-jugendliche-lehrbuch-interaktive-version\/"},"modified":"2026-04-24T01:44:24","modified_gmt":"2026-04-23T22:44:24","slug":"fit-furs-goethe-zertifikat-b2-deutschprufung-fur-jugendliche-lehrbuch-interaktive-version","status":"publish","type":"product","link":"https:\/\/exlibris.ee\/ru\/produkt\/fit-furs-goethe-zertifikat-b2-deutschprufung-fur-jugendliche-lehrbuch-interaktive-version\/","title":{"rendered":"Fit f\u00fcrs Goethe-Zertifikat B2  Deutschpr\u00fcfung f\u00fcr Jugendliche \/ Lehrbuch &#8212; interaktive Version"},"content":{"rendered":"<p>Zielgruppe: jugendliche Lernende, die die neue Pr\u00fcfung Goethe-Zertifikat B2, Deutschpr\u00fcfung f\u00fcr Jugendliche (ab 2019) ablegen m\u00f6chten. &#8212; Einstieg mit hinf\u00fchrenden Aufgaben &#8212; \u00dcbungen mit pr\u00fcfungsvorbereitenden Aufgaben &#8212; Training f\u00fcr die Pr\u00fcfung &#8212; Pr\u00fcfungssimulation &#8212; Tipps zu jeder Pr\u00fcfungsaufgabe &#8212; ausf\u00fchrlicher L\u00f6sungsschl\u00fcssel zu allen Aufgaben &#8212; mit integrierten Audiodateien.<\/p>\n","protected":false},"excerpt":{"rendered":"<p>Zielgruppe: jugendliche Lernende, die die neue Pr\u00fcfung Goethe-Zertifikat B2, Deutschpr\u00fcfung f\u00fcr Jugendliche (ab 2019) ablegen m\u00f6chten. &#8212; Einstieg mit hinf\u00fchrenden Aufgaben &#8212; \u00dcbungen mit pr\u00fcfungsvorbereitenden Aufgaben &#8212; Training f\u00fcr die Pr\u00fcfung &#8212; Pr\u00fcfungssimulation &#8212; Tipps zu jeder Pr\u00fcfungsaufgabe &#8212; ausf\u00fchrlicher&#8230;<\/p>\n","protected":false},"featured_media":55957,"template":"","meta":{"_acf_changed":false,"inline_featured_image":false},"product_brand":[],"product_cat":[507],"product_tag":[],"series":[{"id":981,"name":"Fit f\u00fcrs Goethe-Zertifikat B2","slug":"fit-furs-goethe-zertifikat-b2"}],"publisher":[{"id":497,"name":"Hueber Verlag","slug":"hueber-verlag"}],"class_list":{"0":"post-44866","1":"product","2":"type-product","3":"status-publish","4":"has-post-thumbnail","6":"product_cat-prufungsvorbereitung","7":"series-fit-furs-goethe-zertifikat-b2","8":"publisher-hueber-verlag","10":"first","11":"onbackorder","12":"taxable","13":"shipping-taxable","14":"purchasable","15":"product-type-simple"},"acf":[],"_links":{"self":[{"href":"https:\/\/exlibris.ee\/ru\/wp-json\/wp\/v2\/product\/44866","targetHints":{"allow":["GET"]}}],"collection":[{"href":"https:\/\/exlibris.ee\/ru\/wp-json\/wp\/v2\/product"}],"about":[{"href":"https:\/\/exlibris.ee\/ru\/wp-json\/wp\/v2\/types\/product"}],"wp:featuredmedia":[{"embeddable":true,"href":"https:\/\/exlibris.ee\/ru\/wp-json\/wp\/v2\/media\/55957"}],"wp:attachment":[{"href":"https:\/\/exlibris.ee\/ru\/wp-json\/wp\/v2\/media?parent=44866"}],"wp:term":[{"taxonomy":"product_brand","embeddable":true,"href":"https:\/\/exlibris.ee\/ru\/wp-json\/wp\/v2\/product_brand?post=44866"},{"taxonomy":"product_cat","embeddable":true,"href":"https:\/\/exlibris.ee\/ru\/wp-json\/wp\/v2\/product_cat?post=44866"},{"taxonomy":"product_tag","embeddable":true,"href":"https:\/\/exlibris.ee\/ru\/wp-json\/wp\/v2\/product_tag?post=44866"},{"taxonomy":"series","embeddable":true,"href":"https:\/\/exlibris.ee\/ru\/wp-json\/wp\/v2\/series?post=44866"},{"taxonomy":"publisher","embeddable":true,"href":"https:\/\/exlibris.ee\/ru\/wp-json\/wp\/v2\/publisher?post=44866"}],"curies":[{"name":"wp","href":"https:\/\/api.w.org\/{rel}","templated":true}]}}