{"id":44867,"date":"2023-05-11T15:41:24","date_gmt":"2023-05-11T12:41:24","guid":{"rendered":"https:\/\/exlibris.ee\/toode\/deutschfuchs-white-label-online-kurs\/"},"modified":"2026-04-17T15:39:30","modified_gmt":"2026-04-17T12:39:30","slug":"deutschfuchs-white-label-online-kurs","status":"publish","type":"product","link":"https:\/\/exlibris.ee\/ru\/produkt\/deutschfuchs-white-label-online-kurs\/","title":{"rendered":"Deutschfuchs White Label  Online-Kurs"},"content":{"rendered":"<p>Nach 18 Jahren meldet eine fr\u00fchere Mitsch\u00fclerin von Carsten Tsara ihren pl\u00f6tzlichen Besuch an. Der Detektiv kann sich nicht an sie erinnern, aber als er sie sieht, ist er fasziniert. Trotzdem: Diese Christine hat Geheimnisse, sie l\u00fcgt ganz offensichtlich und pl\u00f6tzlich ist sie weg. Und da ist Tsaras Auftrag als Detektiv: die Suche nach einer skrupellosen Betr\u00fcgerin. Seine Nachforschungen offenbaren ein verwirrendes Netz an Lug und Trug. Und mittendrin seine sch\u00f6ne Christine. Carsten Tsara macht eine erstaunliche Entdeckung.<\/p>\n","protected":false},"excerpt":{"rendered":"<p>Nach 18 Jahren meldet eine fr\u00fchere Mitsch\u00fclerin von Carsten Tsara ihren pl\u00f6tzlichen Besuch an. Der Detektiv kann sich nicht an sie erinnern, aber als er sie sieht, ist er fasziniert. Trotzdem: Diese Christine hat Geheimnisse, sie l\u00fcgt ganz offensichtlich und&#8230;<\/p>\n","protected":false},"featured_media":56359,"template":"","meta":{"_acf_changed":false,"inline_featured_image":false},"product_brand":[],"product_cat":[538],"product_tag":[],"series":[{"id":977,"name":"Deutschfuchs","slug":"deutschfuchs"}],"publisher":[{"id":497,"name":"Hueber Verlag","slug":"hueber-verlag"}],"class_list":{"0":"post-44867","1":"product","2":"type-product","3":"status-publish","4":"has-post-thumbnail","6":"product_cat-lehrwerke-fur-erwachsene","7":"series-deutschfuchs","8":"publisher-hueber-verlag","10":"first","11":"onbackorder","12":"taxable","13":"shipping-taxable","14":"purchasable","15":"product-type-simple"},"acf":[],"_links":{"self":[{"href":"https:\/\/exlibris.ee\/ru\/wp-json\/wp\/v2\/product\/44867","targetHints":{"allow":["GET"]}}],"collection":[{"href":"https:\/\/exlibris.ee\/ru\/wp-json\/wp\/v2\/product"}],"about":[{"href":"https:\/\/exlibris.ee\/ru\/wp-json\/wp\/v2\/types\/product"}],"wp:featuredmedia":[{"embeddable":true,"href":"https:\/\/exlibris.ee\/ru\/wp-json\/wp\/v2\/media\/56359"}],"wp:attachment":[{"href":"https:\/\/exlibris.ee\/ru\/wp-json\/wp\/v2\/media?parent=44867"}],"wp:term":[{"taxonomy":"product_brand","embeddable":true,"href":"https:\/\/exlibris.ee\/ru\/wp-json\/wp\/v2\/product_brand?post=44867"},{"taxonomy":"product_cat","embeddable":true,"href":"https:\/\/exlibris.ee\/ru\/wp-json\/wp\/v2\/product_cat?post=44867"},{"taxonomy":"product_tag","embeddable":true,"href":"https:\/\/exlibris.ee\/ru\/wp-json\/wp\/v2\/product_tag?post=44867"},{"taxonomy":"series","embeddable":true,"href":"https:\/\/exlibris.ee\/ru\/wp-json\/wp\/v2\/series?post=44867"},{"taxonomy":"publisher","embeddable":true,"href":"https:\/\/exlibris.ee\/ru\/wp-json\/wp\/v2\/publisher?post=44867"}],"curies":[{"name":"wp","href":"https:\/\/api.w.org\/{rel}","templated":true}]}}