{"id":44882,"date":"2023-05-12T11:19:24","date_gmt":"2023-05-12T08:19:24","guid":{"rendered":"https:\/\/exlibris.ee\/toode\/planet-plus-a1-2-digitalisiertes-arbeitsbuch\/"},"modified":"2026-04-12T11:31:14","modified_gmt":"2026-04-12T08:31:14","slug":"planet-plus-a1-2-digitalisiertes-arbeitsbuch","status":"publish","type":"product","link":"https:\/\/exlibris.ee\/ru\/produkt\/planet-plus-a1-2-digitalisiertes-arbeitsbuch\/","title":{"rendered":"Planet Plus A1.2 \u2013 Interaktive digitale Ausgabe  Deutsch f\u00fcr Jugendliche \/ Digitalisiertes Kursbuch mit integrierten Audiodateien"},"content":{"rendered":"<p>Eine Vielzahl der Aufgaben k\u00f6nnen auch als interaktive \u00dcbungen online gel\u00f6st werden. &#8212; Ein Halbband umfasst 4 Module mit je 3 Lektionen \u00e0 3-4 Seiten. &#8212; die Start-Lektion erm\u00f6glicht einen sanften Einstieg und weckt Interesse. &#8212; Den Moduleinstieg bildet eine Bild-Text-Seite mit einer Einstiegsaufgabe und der Ank\u00fcndigung aller Modulthemen und Lernziele. &#8212; Jede Lektion beginnt mit einer prominenten Aufgabe und verf\u00fcgt \u00fcber eine Extra-Spalte, in der die ge\u00fcbten Kommunikations-, Wortschatz- und Grammatikinhalte systematisch und tabellarisch wieder aufgegriffen werden. Aussprache\u00fcbungen sind im Lektionsverlauf integriert. &#8212; Am Ende jedes Moduls gibt es eine Doppelseite &#171;Zum Schluss&#187; mit wiederkehrenden Rubriken wie z.B. Landeskunde, Projektarbeit, Sprachmittlung sowie eine Modul-Zusammenfassung &#171;Das kann ich schon&#187; auf der letzten Modulseite. Hier werden die auf der Moduleinstiegsseiten genannten Lernziele mit Beispielen wieder aufgef\u00fchrt. &#8212; Die Magazin-Seiten &#171;PluMa&#187; am Ende des Kursbuchs bieten lektionsbezogene Spiele und weitere Spielideen sowie landeskundliche Informationen zu Festen und Feiern. &#8212; inklusive H\u00f6rdateien im Format MP3.<\/p>\n","protected":false},"excerpt":{"rendered":"<p>Eine Vielzahl der Aufgaben k\u00f6nnen auch als interaktive \u00dcbungen online gel\u00f6st werden. &#8212; Ein Halbband umfasst 4 Module mit je 3 Lektionen \u00e0 3-4 Seiten. &#8212; die Start-Lektion erm\u00f6glicht einen sanften Einstieg und weckt Interesse. &#8212; Den Moduleinstieg bildet eine&#8230;<\/p>\n","protected":false},"featured_media":56452,"template":"","meta":{"_acf_changed":false,"inline_featured_image":false},"product_brand":[],"product_cat":[477],"product_tag":[],"series":[{"id":533,"name":"Planet Plus A1.2","slug":"planet-plus-a1-2"}],"publisher":[{"id":497,"name":"Hueber Verlag","slug":"hueber-verlag"}],"class_list":{"0":"post-44882","1":"product","2":"type-product","3":"status-publish","4":"has-post-thumbnail","6":"product_cat-lehrwerke-fur-jugendliche","7":"series-planet-plus-a1-2","8":"publisher-hueber-verlag","10":"first","11":"onbackorder","12":"taxable","13":"shipping-taxable","14":"purchasable","15":"product-type-simple"},"acf":[],"_links":{"self":[{"href":"https:\/\/exlibris.ee\/ru\/wp-json\/wp\/v2\/product\/44882","targetHints":{"allow":["GET"]}}],"collection":[{"href":"https:\/\/exlibris.ee\/ru\/wp-json\/wp\/v2\/product"}],"about":[{"href":"https:\/\/exlibris.ee\/ru\/wp-json\/wp\/v2\/types\/product"}],"wp:featuredmedia":[{"embeddable":true,"href":"https:\/\/exlibris.ee\/ru\/wp-json\/wp\/v2\/media\/56452"}],"wp:attachment":[{"href":"https:\/\/exlibris.ee\/ru\/wp-json\/wp\/v2\/media?parent=44882"}],"wp:term":[{"taxonomy":"product_brand","embeddable":true,"href":"https:\/\/exlibris.ee\/ru\/wp-json\/wp\/v2\/product_brand?post=44882"},{"taxonomy":"product_cat","embeddable":true,"href":"https:\/\/exlibris.ee\/ru\/wp-json\/wp\/v2\/product_cat?post=44882"},{"taxonomy":"product_tag","embeddable":true,"href":"https:\/\/exlibris.ee\/ru\/wp-json\/wp\/v2\/product_tag?post=44882"},{"taxonomy":"series","embeddable":true,"href":"https:\/\/exlibris.ee\/ru\/wp-json\/wp\/v2\/series?post=44882"},{"taxonomy":"publisher","embeddable":true,"href":"https:\/\/exlibris.ee\/ru\/wp-json\/wp\/v2\/publisher?post=44882"}],"curies":[{"name":"wp","href":"https:\/\/api.w.org\/{rel}","templated":true}]}}