{"id":44893,"date":"2023-05-12T11:19:27","date_gmt":"2023-05-12T08:19:27","guid":{"rendered":"https:\/\/exlibris.ee\/toode\/einstiegskurs-daz-zu-beste-freunde-deutsch-fur-jugendliche-kursbuch\/"},"modified":"2026-04-22T09:54:32","modified_gmt":"2026-04-22T06:54:32","slug":"einstiegskurs-daz-zu-beste-freunde-deutsch-fur-jugendliche-kursbuch","status":"publish","type":"product","link":"https:\/\/exlibris.ee\/ru\/produkt\/einstiegskurs-daz-zu-beste-freunde-deutsch-fur-jugendliche-kursbuch\/","title":{"rendered":"Einstiegskurs DaZ zu Beste Freunde  Deutsch f\u00fcr Jugendliche \/ Kursbuch"},"content":{"rendered":"<p>Zielgruppe: Erwachsene mit Grundkenntnissen auf der Niveaustufe A2 Ein verregneter Morgen in der Stadt. Isabel kommt viel zu sp\u00e4t aus dem Bett und auf dem Weg ins B\u00fcro geht schief, was nur schiefgehen kann &#8230; Soll das die n\u00e4chsten 30 Jahre so weitergehen? Im Meeting wird Isabel mitgeteilt, dass sie in eine Kleinstadt versetzt werden soll &#8212; dort er\u00f6ffnet ihre Firma eine neue Filiale. Nach anf\u00e4nglichem Entsetzen beschlie\u00dft Isabel, das als Chance zu sehen und ihr Leben grundlegend zu ver\u00e4ndern. In einem kleinen Dorf in der Umgebung der Kleinstadt mietet sie ein altes H\u00e4uschen und st\u00fcrzt sich mit Elan auf Gem\u00fcseanbau und Tierhaltung. Die Realit\u00e4t ist allerdings viel weniger romantisch, als es anfangs scheint &#8230; bis sie von unerwarteter Seite Unterst\u00fctzung erh\u00e4lt. Am Ende kommt auch die Romantik nicht zu kurz &#8230;<\/p>\n","protected":false},"excerpt":{"rendered":"<p>Zielgruppe: Erwachsene mit Grundkenntnissen auf der Niveaustufe A2 Ein verregneter Morgen in der Stadt. Isabel kommt viel zu sp\u00e4t aus dem Bett und auf dem Weg ins B\u00fcro geht schief, was nur schiefgehen kann &#8230; Soll das die n\u00e4chsten 30&#8230;<\/p>\n","protected":false},"featured_media":56524,"template":"","meta":{"_acf_changed":false,"inline_featured_image":false},"product_brand":[],"product_cat":[477],"product_tag":[],"series":[{"id":997,"name":"Beste Freunde","slug":"beste-freunde"}],"publisher":[{"id":497,"name":"Hueber Verlag","slug":"hueber-verlag"}],"class_list":{"0":"post-44893","1":"product","2":"type-product","3":"status-publish","4":"has-post-thumbnail","6":"product_cat-lehrwerke-fur-jugendliche","7":"series-beste-freunde","8":"publisher-hueber-verlag","10":"first","11":"onbackorder","12":"taxable","13":"shipping-taxable","14":"purchasable","15":"product-type-simple"},"acf":[],"_links":{"self":[{"href":"https:\/\/exlibris.ee\/ru\/wp-json\/wp\/v2\/product\/44893","targetHints":{"allow":["GET"]}}],"collection":[{"href":"https:\/\/exlibris.ee\/ru\/wp-json\/wp\/v2\/product"}],"about":[{"href":"https:\/\/exlibris.ee\/ru\/wp-json\/wp\/v2\/types\/product"}],"wp:featuredmedia":[{"embeddable":true,"href":"https:\/\/exlibris.ee\/ru\/wp-json\/wp\/v2\/media\/56524"}],"wp:attachment":[{"href":"https:\/\/exlibris.ee\/ru\/wp-json\/wp\/v2\/media?parent=44893"}],"wp:term":[{"taxonomy":"product_brand","embeddable":true,"href":"https:\/\/exlibris.ee\/ru\/wp-json\/wp\/v2\/product_brand?post=44893"},{"taxonomy":"product_cat","embeddable":true,"href":"https:\/\/exlibris.ee\/ru\/wp-json\/wp\/v2\/product_cat?post=44893"},{"taxonomy":"product_tag","embeddable":true,"href":"https:\/\/exlibris.ee\/ru\/wp-json\/wp\/v2\/product_tag?post=44893"},{"taxonomy":"series","embeddable":true,"href":"https:\/\/exlibris.ee\/ru\/wp-json\/wp\/v2\/series?post=44893"},{"taxonomy":"publisher","embeddable":true,"href":"https:\/\/exlibris.ee\/ru\/wp-json\/wp\/v2\/publisher?post=44893"}],"curies":[{"name":"wp","href":"https:\/\/api.w.org\/{rel}","templated":true}]}}