{"id":44897,"date":"2023-05-12T11:19:28","date_gmt":"2023-05-12T08:19:28","guid":{"rendered":"https:\/\/exlibris.ee\/toode\/deutsch-ubungsgrammatik-fur-die-mittelstufe-aktuell-buch-mit-beigelegtem-losungsschlussel-und-online-tests\/"},"modified":"2026-04-04T03:19:00","modified_gmt":"2026-04-04T00:19:00","slug":"deutsch-ubungsgrammatik-fur-die-mittelstufe-aktuell-buch-mit-beigelegtem-losungsschlussel-und-online-tests","status":"publish","type":"product","link":"https:\/\/exlibris.ee\/ru\/produkt\/deutsch-ubungsgrammatik-fur-die-mittelstufe-aktuell-buch-mit-beigelegtem-losungsschlussel-und-online-tests\/","title":{"rendered":"Deutsch \u2013 \u00dcbungsgrammatik f\u00fcr die Mittelstufe \u2013 aktuell  Buch mit beigelegtem L\u00f6sungsschl\u00fcssel und Online-Tests"},"content":{"rendered":"<p>Diese Hueber \u00dcbungsgrammatik begleitet Deutschlerner in der Mittelstufe bis zur Niveaustufe C1. Ideal f\u00fcr das autonome Lernen ist die moderne, kleinschrittige Didaktik mit Doppelseiten-Prinzip, bei dem links die Erkl\u00e4rungen und rechts gleich gegen\u00fcber die \u00dcbungen angeordnet sind. Besonders abwechslungsreiche \u00dcbungsformen und authentische Texte halten das Interesse des Lernenden wach. Die \u00dcbungsgrammatik f\u00fcr die Mittelstufe Deutsch als Fremdsprache aktuell basiert auf der erfolgreichen Sicher! \u00dcbungsgrammatik. &#8212; exzellente Lernersteuerung &#8212; Online-Tests &#8212; mehr Lernerautonomie durch Selbstevaluierung &#8212; herausnehmbaren L\u00f6sungsschl\u00fcssel.<\/p>\n","protected":false},"excerpt":{"rendered":"<p>Diese Hueber \u00dcbungsgrammatik begleitet Deutschlerner in der Mittelstufe bis zur Niveaustufe C1. Ideal f\u00fcr das autonome Lernen ist die moderne, kleinschrittige Didaktik mit Doppelseiten-Prinzip, bei dem links die Erkl\u00e4rungen und rechts gleich gegen\u00fcber die \u00dcbungen angeordnet sind. Besonders abwechslungsreiche \u00dcbungsformen&#8230;<\/p>\n","protected":false},"featured_media":56542,"template":"","meta":{"_acf_changed":false,"inline_featured_image":false},"product_brand":[],"product_cat":[480],"product_tag":[],"series":[{"id":985,"name":"Deutsch \u2013 \u00dcbungsgrammatik","slug":"deutsch-ubungsgrammatik"}],"publisher":[{"id":497,"name":"Hueber Verlag","slug":"hueber-verlag"}],"class_list":{"0":"post-44897","1":"product","2":"type-product","3":"status-publish","4":"has-post-thumbnail","6":"product_cat-grammatiken","7":"series-deutsch-ubungsgrammatik","8":"publisher-hueber-verlag","10":"first","11":"onbackorder","12":"taxable","13":"shipping-taxable","14":"purchasable","15":"product-type-simple"},"acf":[],"_links":{"self":[{"href":"https:\/\/exlibris.ee\/ru\/wp-json\/wp\/v2\/product\/44897","targetHints":{"allow":["GET"]}}],"collection":[{"href":"https:\/\/exlibris.ee\/ru\/wp-json\/wp\/v2\/product"}],"about":[{"href":"https:\/\/exlibris.ee\/ru\/wp-json\/wp\/v2\/types\/product"}],"wp:featuredmedia":[{"embeddable":true,"href":"https:\/\/exlibris.ee\/ru\/wp-json\/wp\/v2\/media\/56542"}],"wp:attachment":[{"href":"https:\/\/exlibris.ee\/ru\/wp-json\/wp\/v2\/media?parent=44897"}],"wp:term":[{"taxonomy":"product_brand","embeddable":true,"href":"https:\/\/exlibris.ee\/ru\/wp-json\/wp\/v2\/product_brand?post=44897"},{"taxonomy":"product_cat","embeddable":true,"href":"https:\/\/exlibris.ee\/ru\/wp-json\/wp\/v2\/product_cat?post=44897"},{"taxonomy":"product_tag","embeddable":true,"href":"https:\/\/exlibris.ee\/ru\/wp-json\/wp\/v2\/product_tag?post=44897"},{"taxonomy":"series","embeddable":true,"href":"https:\/\/exlibris.ee\/ru\/wp-json\/wp\/v2\/series?post=44897"},{"taxonomy":"publisher","embeddable":true,"href":"https:\/\/exlibris.ee\/ru\/wp-json\/wp\/v2\/publisher?post=44897"}],"curies":[{"name":"wp","href":"https:\/\/api.w.org\/{rel}","templated":true}]}}