{"id":44911,"date":"2023-05-12T11:19:31","date_gmt":"2023-05-12T08:19:31","guid":{"rendered":"https:\/\/exlibris.ee\/toode\/akademie-deutsch-a2-band-2-intensivlehrwerk-mit-audios-online\/"},"modified":"2026-04-18T15:37:34","modified_gmt":"2026-04-18T12:37:34","slug":"akademie-deutsch-a2-band-2-intensivlehrwerk-mit-audios-online","status":"publish","type":"product","link":"https:\/\/exlibris.ee\/ru\/produkt\/akademie-deutsch-a2-band-2-intensivlehrwerk-mit-audios-online\/","title":{"rendered":"Akademie Deutsch A2+  Band 2 \/ Intensivlehrwerk mit Audios online"},"content":{"rendered":"<p>&#171;Akademie Deutsch ist ein Intensivlehrwerk f\u00fcr lerngewohnte Erwachsene, akademisch gepr\u00e4gte Lerner:innen, Studienbewerber:innen, Studienkollegs und Studierende, die ein Studium oder eine qualifizierte berufliche T\u00e4tigkeit im deutschsprachigen Raum anstreben.Akademie Deutsch A2+ \u2013 Kursbuch mit Audios online\u2022 zielt auf eine autonome Sprachverwendung in Alltag, Studium und Beruf ab\u2022 f\u00fchrt schnell und zielorientiert zur Niveaustufe A2+\u2022 vertieft dabei insbesondere Strukturen und produktive Elemente\u2022 ber\u00fccksichtigt neben den Fertigkeiten des Gemeinsamen Europ\u00e4ischen Referenzrahmens auch die Anforderungen akademischer Zugangspr\u00fcfungen\u2022 praxiserprobt in Intensivkursen f\u00fcr Studienbewerber:innen und Studierende\u2022 unterschiedliche methodische Ans\u00e4tze unterst\u00fctzen die verschiedenen Lerntypen\u2022 steile Grammatikprogression mit hohem Vertiefungsgrad \u2022 vielf\u00e4ltiges, abwechslungsreiches Aufgaben- und \u00dcbungsangebot zu allen Fertigkeiten sowie zu pr\u00fcfungsrelevanten Strukturen&#187;.<\/p>\n","protected":false},"excerpt":{"rendered":"<p>&#171;Akademie Deutsch ist ein Intensivlehrwerk f\u00fcr lerngewohnte Erwachsene, akademisch gepr\u00e4gte Lerner:innen, Studienbewerber:innen, Studienkollegs und Studierende, die ein Studium oder eine qualifizierte berufliche T\u00e4tigkeit im deutschsprachigen Raum anstreben.Akademie Deutsch A2+ \u2013 Kursbuch mit Audios online\u2022 zielt auf eine autonome Sprachverwendung in&#8230;<\/p>\n","protected":false},"featured_media":56608,"template":"","meta":{"_acf_changed":false,"inline_featured_image":false},"product_brand":[],"product_cat":[538],"product_tag":[],"series":[{"id":998,"name":"Akademie Deutsch A2+","slug":"akademie-deutsch-a2"}],"publisher":[{"id":497,"name":"Hueber Verlag","slug":"hueber-verlag"}],"class_list":{"0":"post-44911","1":"product","2":"type-product","3":"status-publish","4":"has-post-thumbnail","6":"product_cat-lehrwerke-fur-erwachsene","7":"series-akademie-deutsch-a2","8":"publisher-hueber-verlag","10":"first","11":"instock","12":"taxable","13":"shipping-taxable","14":"purchasable","15":"product-type-simple"},"acf":[],"_links":{"self":[{"href":"https:\/\/exlibris.ee\/ru\/wp-json\/wp\/v2\/product\/44911","targetHints":{"allow":["GET"]}}],"collection":[{"href":"https:\/\/exlibris.ee\/ru\/wp-json\/wp\/v2\/product"}],"about":[{"href":"https:\/\/exlibris.ee\/ru\/wp-json\/wp\/v2\/types\/product"}],"wp:featuredmedia":[{"embeddable":true,"href":"https:\/\/exlibris.ee\/ru\/wp-json\/wp\/v2\/media\/56608"}],"wp:attachment":[{"href":"https:\/\/exlibris.ee\/ru\/wp-json\/wp\/v2\/media?parent=44911"}],"wp:term":[{"taxonomy":"product_brand","embeddable":true,"href":"https:\/\/exlibris.ee\/ru\/wp-json\/wp\/v2\/product_brand?post=44911"},{"taxonomy":"product_cat","embeddable":true,"href":"https:\/\/exlibris.ee\/ru\/wp-json\/wp\/v2\/product_cat?post=44911"},{"taxonomy":"product_tag","embeddable":true,"href":"https:\/\/exlibris.ee\/ru\/wp-json\/wp\/v2\/product_tag?post=44911"},{"taxonomy":"series","embeddable":true,"href":"https:\/\/exlibris.ee\/ru\/wp-json\/wp\/v2\/series?post=44911"},{"taxonomy":"publisher","embeddable":true,"href":"https:\/\/exlibris.ee\/ru\/wp-json\/wp\/v2\/publisher?post=44911"}],"curies":[{"name":"wp","href":"https:\/\/api.w.org\/{rel}","templated":true}]}}