{"id":44916,"date":"2023-05-12T11:19:32","date_gmt":"2023-05-12T08:19:32","guid":{"rendered":"https:\/\/exlibris.ee\/toode\/deutsch-ubungsgrammatik-fur-die-grundstufe-aktuell-pdf-download\/"},"modified":"2026-04-04T03:19:03","modified_gmt":"2026-04-04T00:19:03","slug":"deutsch-ubungsgrammatik-fur-die-grundstufe-aktuell-pdf-download","status":"publish","type":"product","link":"https:\/\/exlibris.ee\/ru\/produkt\/deutsch-ubungsgrammatik-fur-die-grundstufe-aktuell-pdf-download\/","title":{"rendered":"Deutsch \u2013 \u00dcbungsgrammatik f\u00fcr die Grundstufe \u2013 aktuell  PDF-Download"},"content":{"rendered":"<p>Die lehrwerksunabh\u00e4ngige \u00dcbungsgrammatik f\u00fcr die Grundstufe \u2013 aktuell richtet sich an alle Lerner der Niveaustufen A1 bis B1. Sie vermittelt einfach und klar die zentralen Grammatikthemen der Grundstufe. &#8212; abwechslungsreiche und authentische \u00dcbungen wie L\u00fcckentexte, Zuordnungs-, Umformungs- und Satzbildungs\u00fcbungen &#8212; L\u00f6sungsschl\u00fcssel zu den \u00dcbungen und eine Liste unregelm\u00e4\u00dfiger Verben im Anhang &#8212; \u00fcbersichtliches, lernerfreundliches Layout f\u00fcr den schnellen \u00dcberblick &#8212; kleinschrittiger Aufbau &#8212; zahlreiche vierfarbige Illustrationen f\u00fcr mehr Spa\u00df am Lernen &#8212; kostenlose Online-Tests zur \u00dcberpr\u00fcfung des Lernerfolgs &#8212; geeignet f\u00fcr den Einsatz im Unterricht und das Selbststudium zu Hause.<\/p>\n","protected":false},"excerpt":{"rendered":"<p>Die lehrwerksunabh\u00e4ngige \u00dcbungsgrammatik f\u00fcr die Grundstufe \u2013 aktuell richtet sich an alle Lerner der Niveaustufen A1 bis B1. Sie vermittelt einfach und klar die zentralen Grammatikthemen der Grundstufe. &#8212; abwechslungsreiche und authentische \u00dcbungen wie L\u00fcckentexte, Zuordnungs-, Umformungs- und Satzbildungs\u00fcbungen &#8212;&#8230;<\/p>\n","protected":false},"featured_media":56626,"template":"","meta":{"_acf_changed":false,"inline_featured_image":false},"product_brand":[],"product_cat":[480],"product_tag":[],"series":[{"id":985,"name":"Deutsch \u2013 \u00dcbungsgrammatik","slug":"deutsch-ubungsgrammatik"}],"publisher":[{"id":497,"name":"Hueber Verlag","slug":"hueber-verlag"}],"class_list":{"0":"post-44916","1":"product","2":"type-product","3":"status-publish","4":"has-post-thumbnail","6":"product_cat-grammatiken","7":"series-deutsch-ubungsgrammatik","8":"publisher-hueber-verlag","10":"first","11":"onbackorder","12":"taxable","13":"shipping-taxable","14":"purchasable","15":"product-type-simple"},"acf":[],"_links":{"self":[{"href":"https:\/\/exlibris.ee\/ru\/wp-json\/wp\/v2\/product\/44916","targetHints":{"allow":["GET"]}}],"collection":[{"href":"https:\/\/exlibris.ee\/ru\/wp-json\/wp\/v2\/product"}],"about":[{"href":"https:\/\/exlibris.ee\/ru\/wp-json\/wp\/v2\/types\/product"}],"wp:featuredmedia":[{"embeddable":true,"href":"https:\/\/exlibris.ee\/ru\/wp-json\/wp\/v2\/media\/56626"}],"wp:attachment":[{"href":"https:\/\/exlibris.ee\/ru\/wp-json\/wp\/v2\/media?parent=44916"}],"wp:term":[{"taxonomy":"product_brand","embeddable":true,"href":"https:\/\/exlibris.ee\/ru\/wp-json\/wp\/v2\/product_brand?post=44916"},{"taxonomy":"product_cat","embeddable":true,"href":"https:\/\/exlibris.ee\/ru\/wp-json\/wp\/v2\/product_cat?post=44916"},{"taxonomy":"product_tag","embeddable":true,"href":"https:\/\/exlibris.ee\/ru\/wp-json\/wp\/v2\/product_tag?post=44916"},{"taxonomy":"series","embeddable":true,"href":"https:\/\/exlibris.ee\/ru\/wp-json\/wp\/v2\/series?post=44916"},{"taxonomy":"publisher","embeddable":true,"href":"https:\/\/exlibris.ee\/ru\/wp-json\/wp\/v2\/publisher?post=44916"}],"curies":[{"name":"wp","href":"https:\/\/api.w.org\/{rel}","templated":true}]}}