{"id":44917,"date":"2023-05-12T11:19:32","date_gmt":"2023-05-12T08:19:32","guid":{"rendered":"https:\/\/exlibris.ee\/toode\/deutsch-fur-besserwisser-b1-typische-fehler-verstehen-und-vermeiden-pdf-paket\/"},"modified":"2026-04-05T15:31:34","modified_gmt":"2026-04-05T12:31:34","slug":"deutsch-fur-besserwisser-b1-typische-fehler-verstehen-und-vermeiden-pdf-paket","status":"publish","type":"product","link":"https:\/\/exlibris.ee\/ru\/produkt\/deutsch-fur-besserwisser-b1-typische-fehler-verstehen-und-vermeiden-pdf-paket\/","title":{"rendered":"Deutsch f\u00fcr Besserwisser B1  Typische Fehler verstehen und vermeiden  \/ PDF Paket"},"content":{"rendered":"<p>Deutsch f\u00fcr Besserwisser B1&#8243; behandelt typische Schwierigkeiten und h\u00e4ufige Fehlerquellen der deutschen Sprache. Durch abwechslungsreiche \u00dcbungen (Zuordnungs\u00fcbungen, L\u00fcckentexte, Satzbildungs\u00fcbungen u.v.m.), didaktisch sinnvolle, lernf\u00f6rdernde Illustrationen sowie situationsbezogene landeskundliche und interkulturelle Zusatzinformationen werden Sie optimal auf Pr\u00fcfungen der Niveaustufe B1 vorbereitet. H\u00f6rverst\u00e4ndnis-\u00dcbungen stehen im Format MP3 zur Verf\u00fcgung.<\/p>\n","protected":false},"excerpt":{"rendered":"<p>Deutsch f\u00fcr Besserwisser B1&#8243; behandelt typische Schwierigkeiten und h\u00e4ufige Fehlerquellen der deutschen Sprache. Durch abwechslungsreiche \u00dcbungen (Zuordnungs\u00fcbungen, L\u00fcckentexte, Satzbildungs\u00fcbungen u.v.m.), didaktisch sinnvolle, lernf\u00f6rdernde Illustrationen sowie situationsbezogene landeskundliche und interkulturelle Zusatzinformationen werden Sie optimal auf Pr\u00fcfungen der Niveaustufe B1 vorbereitet. H\u00f6rverst\u00e4ndnis-\u00dcbungen&#8230;<\/p>\n","protected":false},"featured_media":56629,"template":"","meta":{"_acf_changed":false,"inline_featured_image":false},"product_brand":[],"product_cat":[480],"product_tag":[],"series":[{"id":962,"name":"Deutsch f\u00fcr Besserwisser","slug":"deutsch-fur-besserwisser"}],"publisher":[{"id":497,"name":"Hueber Verlag","slug":"hueber-verlag"}],"class_list":{"0":"post-44917","1":"product","2":"type-product","3":"status-publish","4":"has-post-thumbnail","6":"product_cat-grammatiken","7":"series-deutsch-fur-besserwisser","8":"publisher-hueber-verlag","10":"first","11":"onbackorder","12":"taxable","13":"shipping-taxable","14":"purchasable","15":"product-type-simple"},"acf":[],"_links":{"self":[{"href":"https:\/\/exlibris.ee\/ru\/wp-json\/wp\/v2\/product\/44917","targetHints":{"allow":["GET"]}}],"collection":[{"href":"https:\/\/exlibris.ee\/ru\/wp-json\/wp\/v2\/product"}],"about":[{"href":"https:\/\/exlibris.ee\/ru\/wp-json\/wp\/v2\/types\/product"}],"wp:featuredmedia":[{"embeddable":true,"href":"https:\/\/exlibris.ee\/ru\/wp-json\/wp\/v2\/media\/56629"}],"wp:attachment":[{"href":"https:\/\/exlibris.ee\/ru\/wp-json\/wp\/v2\/media?parent=44917"}],"wp:term":[{"taxonomy":"product_brand","embeddable":true,"href":"https:\/\/exlibris.ee\/ru\/wp-json\/wp\/v2\/product_brand?post=44917"},{"taxonomy":"product_cat","embeddable":true,"href":"https:\/\/exlibris.ee\/ru\/wp-json\/wp\/v2\/product_cat?post=44917"},{"taxonomy":"product_tag","embeddable":true,"href":"https:\/\/exlibris.ee\/ru\/wp-json\/wp\/v2\/product_tag?post=44917"},{"taxonomy":"series","embeddable":true,"href":"https:\/\/exlibris.ee\/ru\/wp-json\/wp\/v2\/series?post=44917"},{"taxonomy":"publisher","embeddable":true,"href":"https:\/\/exlibris.ee\/ru\/wp-json\/wp\/v2\/publisher?post=44917"}],"curies":[{"name":"wp","href":"https:\/\/api.w.org\/{rel}","templated":true}]}}