{"id":44919,"date":"2023-05-12T11:19:32","date_gmt":"2023-05-12T08:19:32","guid":{"rendered":"https:\/\/exlibris.ee\/toode\/campus-deutsch-schreiben-lehrerhandbuch-als-pdf-download\/"},"modified":"2026-04-04T03:19:04","modified_gmt":"2026-04-04T00:19:04","slug":"campus-deutsch-schreiben-lehrerhandbuch-als-pdf-download","status":"publish","type":"product","link":"https:\/\/exlibris.ee\/ru\/produkt\/campus-deutsch-schreiben-lehrerhandbuch-als-pdf-download\/","title":{"rendered":"Campus Deutsch &#8212; Schreiben  Lehrerhandbuch als PDF-Download"},"content":{"rendered":"<p>Praktische Tipps f\u00fcr den Einsatz von Campus Deutsch &#8212; Schreiben im Unterricht sowie ausf\u00fchrliche L\u00f6sungen zu den Aufgaben und \u00dcbungen.<\/p>\n","protected":false},"excerpt":{"rendered":"<p>Praktische Tipps f\u00fcr den Einsatz von Campus Deutsch &#8212; Schreiben im Unterricht sowie ausf\u00fchrliche L\u00f6sungen zu den Aufgaben und \u00dcbungen.<\/p>\n","protected":false},"featured_media":56644,"template":"","meta":{"_acf_changed":false,"inline_featured_image":false},"product_brand":[],"product_cat":[558],"product_tag":[],"series":[{"id":559,"name":"Campus Deutsch","slug":"campus-deutsch"}],"publisher":[{"id":497,"name":"Hueber Verlag","slug":"hueber-verlag"}],"class_list":{"0":"post-44919","1":"product","2":"type-product","3":"status-publish","4":"has-post-thumbnail","6":"product_cat-deutsch-uben","7":"series-campus-deutsch","8":"publisher-hueber-verlag","10":"first","11":"onbackorder","12":"taxable","13":"shipping-taxable","14":"purchasable","15":"product-type-simple"},"acf":[],"_links":{"self":[{"href":"https:\/\/exlibris.ee\/ru\/wp-json\/wp\/v2\/product\/44919","targetHints":{"allow":["GET"]}}],"collection":[{"href":"https:\/\/exlibris.ee\/ru\/wp-json\/wp\/v2\/product"}],"about":[{"href":"https:\/\/exlibris.ee\/ru\/wp-json\/wp\/v2\/types\/product"}],"wp:featuredmedia":[{"embeddable":true,"href":"https:\/\/exlibris.ee\/ru\/wp-json\/wp\/v2\/media\/56644"}],"wp:attachment":[{"href":"https:\/\/exlibris.ee\/ru\/wp-json\/wp\/v2\/media?parent=44919"}],"wp:term":[{"taxonomy":"product_brand","embeddable":true,"href":"https:\/\/exlibris.ee\/ru\/wp-json\/wp\/v2\/product_brand?post=44919"},{"taxonomy":"product_cat","embeddable":true,"href":"https:\/\/exlibris.ee\/ru\/wp-json\/wp\/v2\/product_cat?post=44919"},{"taxonomy":"product_tag","embeddable":true,"href":"https:\/\/exlibris.ee\/ru\/wp-json\/wp\/v2\/product_tag?post=44919"},{"taxonomy":"series","embeddable":true,"href":"https:\/\/exlibris.ee\/ru\/wp-json\/wp\/v2\/series?post=44919"},{"taxonomy":"publisher","embeddable":true,"href":"https:\/\/exlibris.ee\/ru\/wp-json\/wp\/v2\/publisher?post=44919"}],"curies":[{"name":"wp","href":"https:\/\/api.w.org\/{rel}","templated":true}]}}