{"id":44926,"date":"2023-05-12T11:19:34","date_gmt":"2023-05-12T08:19:34","guid":{"rendered":"https:\/\/exlibris.ee\/toode\/akademie-deutsch-b1-band-3-intensivlehrwerk-mit-audios-online\/"},"modified":"2026-04-05T15:32:55","modified_gmt":"2026-04-05T12:32:55","slug":"akademie-deutsch-b1-band-3-intensivlehrwerk-mit-audios-online","status":"publish","type":"product","link":"https:\/\/exlibris.ee\/ru\/produkt\/akademie-deutsch-b1-band-3-intensivlehrwerk-mit-audios-online\/","title":{"rendered":"Akademie Deutsch B1+  Band 3 \/ Intensivlehrwerk mit Audios online"},"content":{"rendered":"<p>&#171;Akademie Deutsch ist ein Intensivlehrwerk f\u00fcr lerngewohnte Erwachsene, akademisch gepr\u00e4gte Lerner:innen, Studienbewerber:innen, Studienkollegs und Studierende, die ein Studium oder eine qualifizierte berufliche T\u00e4tigkeit im deutschsprachigen Raum anstreben.Akademie Deutsch B1+ \u2013 Kursbuch mit Audios online \u2022 zielt auf eine autonome Sprachverwendung in Alltag, Studium und Beruf ab \u2022 f\u00fchrt schnell und zielorientiert zur Niveaustufe B1+\u2022 vertieft dabei insbesondere Strukturen und produktive Elemente\u2022 ber\u00fccksichtigt neben den Fertigkeiten des Gemeinsamen Europ\u00e4ischen Referenzrahmens auch die Anforderungen akademischer Zugangspr\u00fcfungen \u2022 praxiserprobt in Intensivkursen f\u00fcr Studienbewerber:innen und Studierende \u2022 unterschiedliche methodische Ans\u00e4tze unterst\u00fctzen die verschiedenen Lerntypen\u2022 steile Grammatikprogression mit hohem Vertiefungsgrad \u2022 vielf\u00e4ltiges, abwechslungsreiches Aufgaben- und \u00dcbungsangebot zu allen Fertigkeiten sowie zu pr\u00fcfungsrelevanten Strukturen&#187;<\/p>\n","protected":false},"excerpt":{"rendered":"<p>&#171;Akademie Deutsch ist ein Intensivlehrwerk f\u00fcr lerngewohnte Erwachsene, akademisch gepr\u00e4gte Lerner:innen, Studienbewerber:innen, Studienkollegs und Studierende, die ein Studium oder eine qualifizierte berufliche T\u00e4tigkeit im deutschsprachigen Raum anstreben.Akademie Deutsch B1+ \u2013 Kursbuch mit Audios online \u2022 zielt auf eine autonome Sprachverwendung&#8230;<\/p>\n","protected":false},"featured_media":56701,"template":"","meta":{"_acf_changed":false,"inline_featured_image":false},"product_brand":[],"product_cat":[538],"product_tag":[],"series":[{"id":1000,"name":"Akademie Deutsch B1+","slug":"akademie-deutsch-b1"}],"publisher":[{"id":497,"name":"Hueber Verlag","slug":"hueber-verlag"}],"class_list":{"0":"post-44926","1":"product","2":"type-product","3":"status-publish","4":"has-post-thumbnail","6":"product_cat-lehrwerke-fur-erwachsene","7":"series-akademie-deutsch-b1","8":"publisher-hueber-verlag","10":"first","11":"instock","12":"taxable","13":"shipping-taxable","14":"purchasable","15":"product-type-simple"},"acf":[],"_links":{"self":[{"href":"https:\/\/exlibris.ee\/ru\/wp-json\/wp\/v2\/product\/44926","targetHints":{"allow":["GET"]}}],"collection":[{"href":"https:\/\/exlibris.ee\/ru\/wp-json\/wp\/v2\/product"}],"about":[{"href":"https:\/\/exlibris.ee\/ru\/wp-json\/wp\/v2\/types\/product"}],"wp:featuredmedia":[{"embeddable":true,"href":"https:\/\/exlibris.ee\/ru\/wp-json\/wp\/v2\/media\/56701"}],"wp:attachment":[{"href":"https:\/\/exlibris.ee\/ru\/wp-json\/wp\/v2\/media?parent=44926"}],"wp:term":[{"taxonomy":"product_brand","embeddable":true,"href":"https:\/\/exlibris.ee\/ru\/wp-json\/wp\/v2\/product_brand?post=44926"},{"taxonomy":"product_cat","embeddable":true,"href":"https:\/\/exlibris.ee\/ru\/wp-json\/wp\/v2\/product_cat?post=44926"},{"taxonomy":"product_tag","embeddable":true,"href":"https:\/\/exlibris.ee\/ru\/wp-json\/wp\/v2\/product_tag?post=44926"},{"taxonomy":"series","embeddable":true,"href":"https:\/\/exlibris.ee\/ru\/wp-json\/wp\/v2\/series?post=44926"},{"taxonomy":"publisher","embeddable":true,"href":"https:\/\/exlibris.ee\/ru\/wp-json\/wp\/v2\/publisher?post=44926"}],"curies":[{"name":"wp","href":"https:\/\/api.w.org\/{rel}","templated":true}]}}