{"id":44928,"date":"2023-05-12T11:19:34","date_gmt":"2023-05-12T08:19:34","guid":{"rendered":"https:\/\/exlibris.ee\/toode\/deutsch-ubungsbuch-grammatik-a2-b2-pdf-download\/"},"modified":"2026-04-18T15:39:17","modified_gmt":"2026-04-18T12:39:17","slug":"deutsch-ubungsbuch-grammatik-a2-b2-pdf-download","status":"publish","type":"product","link":"https:\/\/exlibris.ee\/ru\/produkt\/deutsch-ubungsbuch-grammatik-a2-b2-pdf-download\/","title":{"rendered":"Deutsch \u00dcbungsbuch Grammatik A2-B2  PDF-Download"},"content":{"rendered":"<p>Enth\u00e4lt alle H\u00f6rtexte des Kursbuchs deutsch.com 1.<\/p>\n","protected":false},"excerpt":{"rendered":"<p>Enth\u00e4lt alle H\u00f6rtexte des Kursbuchs deutsch.com 1.<\/p>\n","protected":false},"featured_media":56707,"template":"","meta":{"_acf_changed":false,"inline_featured_image":false},"product_brand":[],"product_cat":[480],"product_tag":[],"series":[{"id":974,"name":"Deutsch \u00dcbungsbuch Grammatik","slug":"deutsch-ubungsbuch-grammatik"}],"publisher":[{"id":497,"name":"Hueber Verlag","slug":"hueber-verlag"}],"class_list":{"0":"post-44928","1":"product","2":"type-product","3":"status-publish","4":"has-post-thumbnail","6":"product_cat-grammatiken","7":"series-deutsch-ubungsbuch-grammatik","8":"publisher-hueber-verlag","10":"first","11":"onbackorder","12":"taxable","13":"shipping-taxable","14":"purchasable","15":"product-type-simple"},"acf":[],"_links":{"self":[{"href":"https:\/\/exlibris.ee\/ru\/wp-json\/wp\/v2\/product\/44928","targetHints":{"allow":["GET"]}}],"collection":[{"href":"https:\/\/exlibris.ee\/ru\/wp-json\/wp\/v2\/product"}],"about":[{"href":"https:\/\/exlibris.ee\/ru\/wp-json\/wp\/v2\/types\/product"}],"wp:featuredmedia":[{"embeddable":true,"href":"https:\/\/exlibris.ee\/ru\/wp-json\/wp\/v2\/media\/56707"}],"wp:attachment":[{"href":"https:\/\/exlibris.ee\/ru\/wp-json\/wp\/v2\/media?parent=44928"}],"wp:term":[{"taxonomy":"product_brand","embeddable":true,"href":"https:\/\/exlibris.ee\/ru\/wp-json\/wp\/v2\/product_brand?post=44928"},{"taxonomy":"product_cat","embeddable":true,"href":"https:\/\/exlibris.ee\/ru\/wp-json\/wp\/v2\/product_cat?post=44928"},{"taxonomy":"product_tag","embeddable":true,"href":"https:\/\/exlibris.ee\/ru\/wp-json\/wp\/v2\/product_tag?post=44928"},{"taxonomy":"series","embeddable":true,"href":"https:\/\/exlibris.ee\/ru\/wp-json\/wp\/v2\/series?post=44928"},{"taxonomy":"publisher","embeddable":true,"href":"https:\/\/exlibris.ee\/ru\/wp-json\/wp\/v2\/publisher?post=44928"}],"curies":[{"name":"wp","href":"https:\/\/api.w.org\/{rel}","templated":true}]}}