{"id":44936,"date":"2023-05-12T11:19:36","date_gmt":"2023-05-12T08:19:36","guid":{"rendered":"https:\/\/exlibris.ee\/toode\/der-salto-und-andere-geschichten-lekture-mit-audios-online\/"},"modified":"2026-04-04T03:19:59","modified_gmt":"2026-04-04T00:19:59","slug":"der-salto-und-andere-geschichten-lekture-mit-audios-online","status":"publish","type":"product","link":"https:\/\/exlibris.ee\/ru\/produkt\/der-salto-und-andere-geschichten-lekture-mit-audios-online\/","title":{"rendered":"Der Salto und andere Geschichten  Lekt\u00fcre mit Audios online"},"content":{"rendered":"<p>Zielgruppe: Kinder\/Jugendliche von 11-15 Jahren (Niveaustufe A1) Der 15-j\u00e4hrige Marvin sieht im Schwimmbad ein M\u00e4dchen, das ihm gef\u00e4llt. Aber wie soll er ihre Aufmerksamkeit erlangen? Einfach zu ihr hingehen ist doof. Zum Gl\u00fcck ist Marvin ein sportlicher Typ und kann sie sicher mit einem supercoolen Salto vom Drei-Meter-Turm beeindrucken \u2026 Zehn heitere, \u00fcberraschende, bewegende und hintergr\u00fcndige Kurzgeschichten. Die vierfarbigen Illustrationen im Comicstil unterst\u00fctzen die Wortschatzarbeit und sprechen gleichzeitig den Geschmack der jugendlichen Leser an. \u00dcbungen zum Leseverstehen erg\u00e4nzen die Lekt\u00fcre. Ein kostenloser MP3-Download mit der H\u00f6rfassung des Textes erm\u00f6glicht zus\u00e4tzlich das Training des H\u00f6rverstehens.<\/p>\n","protected":false},"excerpt":{"rendered":"<p>Zielgruppe: Kinder\/Jugendliche von 11-15 Jahren (Niveaustufe A1) Der 15-j\u00e4hrige Marvin sieht im Schwimmbad ein M\u00e4dchen, das ihm gef\u00e4llt. Aber wie soll er ihre Aufmerksamkeit erlangen? Einfach zu ihr hingehen ist doof. Zum Gl\u00fcck ist Marvin ein sportlicher Typ und kann&#8230;<\/p>\n","protected":false},"featured_media":131084,"template":"","meta":{"_acf_changed":false,"inline_featured_image":false},"product_brand":[],"product_cat":[851],"product_tag":[],"series":[{"id":963,"name":"Der Salto","slug":"der-salto"}],"publisher":[{"id":497,"name":"Hueber Verlag","slug":"hueber-verlag"}],"class_list":{"0":"post-44936","1":"product","2":"type-product","3":"status-publish","4":"has-post-thumbnail","6":"product_cat-lesetexte-deutsch","7":"series-der-salto","8":"publisher-hueber-verlag","10":"first","11":"onbackorder","12":"taxable","13":"shipping-taxable","14":"purchasable","15":"product-type-simple"},"acf":[],"_links":{"self":[{"href":"https:\/\/exlibris.ee\/ru\/wp-json\/wp\/v2\/product\/44936","targetHints":{"allow":["GET"]}}],"collection":[{"href":"https:\/\/exlibris.ee\/ru\/wp-json\/wp\/v2\/product"}],"about":[{"href":"https:\/\/exlibris.ee\/ru\/wp-json\/wp\/v2\/types\/product"}],"wp:featuredmedia":[{"embeddable":true,"href":"https:\/\/exlibris.ee\/ru\/wp-json\/wp\/v2\/media\/131084"}],"wp:attachment":[{"href":"https:\/\/exlibris.ee\/ru\/wp-json\/wp\/v2\/media?parent=44936"}],"wp:term":[{"taxonomy":"product_brand","embeddable":true,"href":"https:\/\/exlibris.ee\/ru\/wp-json\/wp\/v2\/product_brand?post=44936"},{"taxonomy":"product_cat","embeddable":true,"href":"https:\/\/exlibris.ee\/ru\/wp-json\/wp\/v2\/product_cat?post=44936"},{"taxonomy":"product_tag","embeddable":true,"href":"https:\/\/exlibris.ee\/ru\/wp-json\/wp\/v2\/product_tag?post=44936"},{"taxonomy":"series","embeddable":true,"href":"https:\/\/exlibris.ee\/ru\/wp-json\/wp\/v2\/series?post=44936"},{"taxonomy":"publisher","embeddable":true,"href":"https:\/\/exlibris.ee\/ru\/wp-json\/wp\/v2\/publisher?post=44936"}],"curies":[{"name":"wp","href":"https:\/\/api.w.org\/{rel}","templated":true}]}}