{"id":44949,"date":"2023-05-12T11:19:38","date_gmt":"2023-05-12T08:19:38","guid":{"rendered":"https:\/\/exlibris.ee\/toode\/starten-wir-a1-digitalisiertes-arbeitsbuch\/"},"modified":"2026-04-04T03:20:01","modified_gmt":"2026-04-04T00:20:01","slug":"starten-wir-a1-digitalisiertes-arbeitsbuch","status":"publish","type":"product","link":"https:\/\/exlibris.ee\/ru\/produkt\/starten-wir-a1-digitalisiertes-arbeitsbuch\/","title":{"rendered":"Starten wir! A1 &#8212; Interaktive digitale Ausgabe  Digitalisiertes Arbeitsbuch mit integrierten Audiodateien und interaktiven \u00dcbungen"},"content":{"rendered":"<p>Digitales Arbeitsbuch mit integrierten MP3-Dateien und zahlreichen interaktiven \u00dcbungen &#8212; \u00dcbungen zu Wortschatz, Grammatik, Redemitteln und Aussprache &#8212; Diktate &#8212; sprachvergleichende \u00dcbungen nutzen die Mehrsprachigkeit der Lernenden &#8212; pro Lektion \u00dcbersicht von Lernwortschatz und Redemitteln &#8212; intensives Aussprachetraining.<\/p>\n","protected":false},"excerpt":{"rendered":"<p>Digitales Arbeitsbuch mit integrierten MP3-Dateien und zahlreichen interaktiven \u00dcbungen &#8212; \u00dcbungen zu Wortschatz, Grammatik, Redemitteln und Aussprache &#8212; Diktate &#8212; sprachvergleichende \u00dcbungen nutzen die Mehrsprachigkeit der Lernenden &#8212; pro Lektion \u00dcbersicht von Lernwortschatz und Redemitteln &#8212; intensives Aussprachetraining.<\/p>\n","protected":false},"featured_media":56815,"template":"","meta":{"_acf_changed":false,"inline_featured_image":false},"product_brand":[],"product_cat":[1121],"product_tag":[],"series":[{"id":552,"name":"Starten Wir! A1","slug":"starten-wir-a1"}],"publisher":[{"id":497,"name":"Hueber Verlag","slug":"hueber-verlag"}],"class_list":{"0":"post-44949","1":"product","2":"type-product","3":"status-publish","4":"has-post-thumbnail","6":"product_cat-lehrwerke-fur-jugendliche-und-erwachsene","7":"series-starten-wir-a1","8":"publisher-hueber-verlag","10":"first","11":"onbackorder","12":"taxable","13":"shipping-taxable","14":"purchasable","15":"product-type-simple"},"acf":[],"_links":{"self":[{"href":"https:\/\/exlibris.ee\/ru\/wp-json\/wp\/v2\/product\/44949","targetHints":{"allow":["GET"]}}],"collection":[{"href":"https:\/\/exlibris.ee\/ru\/wp-json\/wp\/v2\/product"}],"about":[{"href":"https:\/\/exlibris.ee\/ru\/wp-json\/wp\/v2\/types\/product"}],"wp:featuredmedia":[{"embeddable":true,"href":"https:\/\/exlibris.ee\/ru\/wp-json\/wp\/v2\/media\/56815"}],"wp:attachment":[{"href":"https:\/\/exlibris.ee\/ru\/wp-json\/wp\/v2\/media?parent=44949"}],"wp:term":[{"taxonomy":"product_brand","embeddable":true,"href":"https:\/\/exlibris.ee\/ru\/wp-json\/wp\/v2\/product_brand?post=44949"},{"taxonomy":"product_cat","embeddable":true,"href":"https:\/\/exlibris.ee\/ru\/wp-json\/wp\/v2\/product_cat?post=44949"},{"taxonomy":"product_tag","embeddable":true,"href":"https:\/\/exlibris.ee\/ru\/wp-json\/wp\/v2\/product_tag?post=44949"},{"taxonomy":"series","embeddable":true,"href":"https:\/\/exlibris.ee\/ru\/wp-json\/wp\/v2\/series?post=44949"},{"taxonomy":"publisher","embeddable":true,"href":"https:\/\/exlibris.ee\/ru\/wp-json\/wp\/v2\/publisher?post=44949"}],"curies":[{"name":"wp","href":"https:\/\/api.w.org\/{rel}","templated":true}]}}