{"id":44959,"date":"2023-05-12T11:19:40","date_gmt":"2023-05-12T08:19:40","guid":{"rendered":"https:\/\/exlibris.ee\/toode\/die-ganze-wahrheit-carsten-tsara-hat-besuch-leseheft\/"},"modified":"2026-04-04T03:20:04","modified_gmt":"2026-04-04T00:20:04","slug":"die-ganze-wahrheit-carsten-tsara-hat-besuch-leseheft","status":"publish","type":"product","link":"https:\/\/exlibris.ee\/ru\/produkt\/die-ganze-wahrheit-carsten-tsara-hat-besuch-leseheft\/","title":{"rendered":"Die ganze Wahrheit Carsten Tsara hat Besuch \/ Leseheft"},"content":{"rendered":"<p>Zielgruppe: Erwachsene, DaF-Lerner mit Grundkenntnissen auf der Niveaustufe A2 Zehn Kurzgeschichten wie \u201eDoros Date\u201c: Doro ist nerv\u00f6s. Ihre Freundin hat ein Date f\u00fcr sie organisiert, \u00fcber eine Internet-Agentur. Zuerst wollte Doro gar nicht mitmachen, aber schlie\u00dflich lie\u00df sie sich doch \u00fcberzeugen und trifft jetzt den Mann in einem Caf\u00e9. Wider Erwarten ist die Begegnung entspannt und sehr erfreulich \u2013 der Mann ist interessant, witzig und ein guter Zuh\u00f6rer. Trotzdem melden sich Zweifel \u2026 Ist dieses Treffen f\u00fcr den Typen vielleicht nur eines unter vielen? Das gesamte H\u00f6rbuch der Lekt\u00fcre und die Tracks zu den \u00dcbungen stehen als kostenloser MP3-Download zur Verf\u00fcgung. Mit gro\u00dfem Quiz zu allen Geschichten.<\/p>\n","protected":false},"excerpt":{"rendered":"<p>Zielgruppe: Erwachsene, DaF-Lerner mit Grundkenntnissen auf der Niveaustufe A2 Zehn Kurzgeschichten wie \u201eDoros Date\u201c: Doro ist nerv\u00f6s. Ihre Freundin hat ein Date f\u00fcr sie organisiert, \u00fcber eine Internet-Agentur. Zuerst wollte Doro gar nicht mitmachen, aber schlie\u00dflich lie\u00df sie sich doch&#8230;<\/p>\n","protected":false},"featured_media":56893,"template":"","meta":{"_acf_changed":false,"inline_featured_image":false},"product_brand":[],"product_cat":[851],"product_tag":[],"series":[{"id":969,"name":"Die ganze Wahrheit","slug":"die-ganze-wahrheit"}],"publisher":[{"id":497,"name":"Hueber Verlag","slug":"hueber-verlag"}],"class_list":{"0":"post-44959","1":"product","2":"type-product","3":"status-publish","4":"has-post-thumbnail","6":"product_cat-lesetexte-deutsch","7":"series-die-ganze-wahrheit","8":"publisher-hueber-verlag","10":"first","11":"instock","12":"taxable","13":"shipping-taxable","14":"purchasable","15":"product-type-simple"},"acf":[],"_links":{"self":[{"href":"https:\/\/exlibris.ee\/ru\/wp-json\/wp\/v2\/product\/44959","targetHints":{"allow":["GET"]}}],"collection":[{"href":"https:\/\/exlibris.ee\/ru\/wp-json\/wp\/v2\/product"}],"about":[{"href":"https:\/\/exlibris.ee\/ru\/wp-json\/wp\/v2\/types\/product"}],"wp:featuredmedia":[{"embeddable":true,"href":"https:\/\/exlibris.ee\/ru\/wp-json\/wp\/v2\/media\/56893"}],"wp:attachment":[{"href":"https:\/\/exlibris.ee\/ru\/wp-json\/wp\/v2\/media?parent=44959"}],"wp:term":[{"taxonomy":"product_brand","embeddable":true,"href":"https:\/\/exlibris.ee\/ru\/wp-json\/wp\/v2\/product_brand?post=44959"},{"taxonomy":"product_cat","embeddable":true,"href":"https:\/\/exlibris.ee\/ru\/wp-json\/wp\/v2\/product_cat?post=44959"},{"taxonomy":"product_tag","embeddable":true,"href":"https:\/\/exlibris.ee\/ru\/wp-json\/wp\/v2\/product_tag?post=44959"},{"taxonomy":"series","embeddable":true,"href":"https:\/\/exlibris.ee\/ru\/wp-json\/wp\/v2\/series?post=44959"},{"taxonomy":"publisher","embeddable":true,"href":"https:\/\/exlibris.ee\/ru\/wp-json\/wp\/v2\/publisher?post=44959"}],"curies":[{"name":"wp","href":"https:\/\/api.w.org\/{rel}","templated":true}]}}