{"id":44962,"date":"2023-05-12T11:19:40","date_gmt":"2023-05-12T08:19:40","guid":{"rendered":"https:\/\/exlibris.ee\/toode\/deutsch-in-der-pflege-englisch-franzosisch-italienisch-russisch-buch-mit-mp3-download\/"},"modified":"2026-04-03T09:19:26","modified_gmt":"2026-04-03T06:19:26","slug":"deutsch-in-der-pflege-englisch-franzosisch-italienisch-russisch-buch-mit-mp3-download","status":"publish","type":"product","link":"https:\/\/exlibris.ee\/ru\/produkt\/deutsch-in-der-pflege-englisch-franzosisch-italienisch-russisch-buch-mit-mp3-download\/","title":{"rendered":"Deutsch in der Pflege  Englisch, Franz\u00f6sisch, Italienisch, Russisch \/ Buch mit MP3-Download"},"content":{"rendered":"<p>Der handliche Berufssprachf\u00fchrer Deutsch in der Pflege im robusten Flexcover bietet die M\u00f6glichkeit, deutsche Vokabeln und Redemittel f\u00fcr typische Berufssituationen in diesem Bereich einzu\u00fcben oder sie schnell nachzuschlagen. Dabei werden u. a. folgende Themen behandelt: mit Patienten sprechen, mit Kollegen sprechen oder mit \u00c4rzten sprechen. Deutsch in der Pflege wendet sich prim\u00e4r an griechische, polnische, rum\u00e4nische und spanische Muttersprachler. F\u00fcr jede dieser Sprachen gibt es einen kostenlosen MP3-Download, der alle S\u00e4tze vertont in Deutsch und als \u00dcbersetzung bereitstellt.<\/p>\n","protected":false},"excerpt":{"rendered":"<p>Der handliche Berufssprachf\u00fchrer Deutsch in der Pflege im robusten Flexcover bietet die M\u00f6glichkeit, deutsche Vokabeln und Redemittel f\u00fcr typische Berufssituationen in diesem Bereich einzu\u00fcben oder sie schnell nachzuschlagen. Dabei werden u. a. folgende Themen behandelt: mit Patienten sprechen, mit Kollegen&#8230;<\/p>\n","protected":false},"featured_media":56926,"template":"","meta":{"_acf_changed":false,"inline_featured_image":false},"product_brand":[],"product_cat":[885],"product_tag":[],"series":[{"id":960,"name":"Deutsch in der Pflege","slug":"deutsch-in-der-pflege"}],"publisher":[{"id":497,"name":"Hueber Verlag","slug":"hueber-verlag"}],"class_list":{"0":"post-44962","1":"product","2":"type-product","3":"status-publish","4":"has-post-thumbnail","6":"product_cat-berufssprache","7":"series-deutsch-in-der-pflege","8":"publisher-hueber-verlag","10":"first","11":"instock","12":"taxable","13":"shipping-taxable","14":"purchasable","15":"product-type-simple"},"acf":[],"_links":{"self":[{"href":"https:\/\/exlibris.ee\/ru\/wp-json\/wp\/v2\/product\/44962","targetHints":{"allow":["GET"]}}],"collection":[{"href":"https:\/\/exlibris.ee\/ru\/wp-json\/wp\/v2\/product"}],"about":[{"href":"https:\/\/exlibris.ee\/ru\/wp-json\/wp\/v2\/types\/product"}],"wp:featuredmedia":[{"embeddable":true,"href":"https:\/\/exlibris.ee\/ru\/wp-json\/wp\/v2\/media\/56926"}],"wp:attachment":[{"href":"https:\/\/exlibris.ee\/ru\/wp-json\/wp\/v2\/media?parent=44962"}],"wp:term":[{"taxonomy":"product_brand","embeddable":true,"href":"https:\/\/exlibris.ee\/ru\/wp-json\/wp\/v2\/product_brand?post=44962"},{"taxonomy":"product_cat","embeddable":true,"href":"https:\/\/exlibris.ee\/ru\/wp-json\/wp\/v2\/product_cat?post=44962"},{"taxonomy":"product_tag","embeddable":true,"href":"https:\/\/exlibris.ee\/ru\/wp-json\/wp\/v2\/product_tag?post=44962"},{"taxonomy":"series","embeddable":true,"href":"https:\/\/exlibris.ee\/ru\/wp-json\/wp\/v2\/series?post=44962"},{"taxonomy":"publisher","embeddable":true,"href":"https:\/\/exlibris.ee\/ru\/wp-json\/wp\/v2\/publisher?post=44962"}],"curies":[{"name":"wp","href":"https:\/\/api.w.org\/{rel}","templated":true}]}}