{"id":44971,"date":"2023-05-12T11:19:42","date_gmt":"2023-05-12T08:19:42","guid":{"rendered":"https:\/\/exlibris.ee\/toode\/du-findest-mich-nicht-fender-ermittelt-pdf-download\/"},"modified":"2026-04-18T15:41:09","modified_gmt":"2026-04-18T12:41:09","slug":"du-findest-mich-nicht-fender-ermittelt-pdf-download","status":"publish","type":"product","link":"https:\/\/exlibris.ee\/ru\/produkt\/du-findest-mich-nicht-fender-ermittelt-pdf-download\/","title":{"rendered":"Du findest mich nicht!  Fender ermittelt \/ PDF-Download"},"content":{"rendered":"<p>Zielgruppe: Jugendliche von 12\u201317 Jahren (Niveaustufe A2) Kesete geht in die 9. Klasse. Er ist allein aus Eritrea nach Deutschland gefl\u00fcchtet. Sein Traum: Ein ber\u00fchmter Rapper zu werden. Einen Rap hat er f\u00fcr seine heimliche Liebe Maja geschrieben. Eines Tages findet er einen 100-Euro-Schein \u2013 damit kann er einen Termin im Tonstudio vereinbaren! Da erf\u00e4hrt er, dass ein Nachbar das Geld verloren hat. Den ganzen Abend probt er Majas Rap, um endlich einen professionellen Song hochzuladen und entdeckt zu werden, und gleichzeitig Maja seine Liebe zu gestehen. Doch nach einer schlaflosen Nacht beichtet Kesete seinem Nachbarn, wo das Geld geblieben ist \u2026 Ist nun alles aus oder wird es sich zum Positiven wenden? Zu jedem Kapitel gibt es \u00dcbungen zum Lese- und H\u00f6rverstehen. Die L\u00f6sungen finden sich im Anhang. Fu\u00dfnoten mit Worterkl\u00e4rungen und vierfarbige Illustrationen helfen beim Leseverst\u00e4ndnis. Das komplette H\u00f6rbuch und die H\u00f6rverst\u00e4ndnis-\u00dcbungen stehen als kostenloser MP3-Download zur Verf\u00fcgung.<\/p>\n","protected":false},"excerpt":{"rendered":"<p>Zielgruppe: Jugendliche von 12\u201317 Jahren (Niveaustufe A2) Kesete geht in die 9. Klasse. Er ist allein aus Eritrea nach Deutschland gefl\u00fcchtet. Sein Traum: Ein ber\u00fchmter Rapper zu werden. Einen Rap hat er f\u00fcr seine heimliche Liebe Maja geschrieben. Eines Tages&#8230;<\/p>\n","protected":false},"featured_media":56986,"template":"","meta":{"_acf_changed":false,"inline_featured_image":false},"product_brand":[],"product_cat":[851],"product_tag":[],"series":[{"id":1005,"name":"Du findest mich nicht!","slug":"du-findest-mich-nicht"}],"publisher":[{"id":497,"name":"Hueber Verlag","slug":"hueber-verlag"}],"class_list":{"0":"post-44971","1":"product","2":"type-product","3":"status-publish","4":"has-post-thumbnail","6":"product_cat-lesetexte-deutsch","7":"series-du-findest-mich-nicht","8":"publisher-hueber-verlag","10":"first","11":"onbackorder","12":"taxable","13":"shipping-taxable","14":"purchasable","15":"product-type-simple"},"acf":[],"_links":{"self":[{"href":"https:\/\/exlibris.ee\/ru\/wp-json\/wp\/v2\/product\/44971","targetHints":{"allow":["GET"]}}],"collection":[{"href":"https:\/\/exlibris.ee\/ru\/wp-json\/wp\/v2\/product"}],"about":[{"href":"https:\/\/exlibris.ee\/ru\/wp-json\/wp\/v2\/types\/product"}],"wp:featuredmedia":[{"embeddable":true,"href":"https:\/\/exlibris.ee\/ru\/wp-json\/wp\/v2\/media\/56986"}],"wp:attachment":[{"href":"https:\/\/exlibris.ee\/ru\/wp-json\/wp\/v2\/media?parent=44971"}],"wp:term":[{"taxonomy":"product_brand","embeddable":true,"href":"https:\/\/exlibris.ee\/ru\/wp-json\/wp\/v2\/product_brand?post=44971"},{"taxonomy":"product_cat","embeddable":true,"href":"https:\/\/exlibris.ee\/ru\/wp-json\/wp\/v2\/product_cat?post=44971"},{"taxonomy":"product_tag","embeddable":true,"href":"https:\/\/exlibris.ee\/ru\/wp-json\/wp\/v2\/product_tag?post=44971"},{"taxonomy":"series","embeddable":true,"href":"https:\/\/exlibris.ee\/ru\/wp-json\/wp\/v2\/series?post=44971"},{"taxonomy":"publisher","embeddable":true,"href":"https:\/\/exlibris.ee\/ru\/wp-json\/wp\/v2\/publisher?post=44971"}],"curies":[{"name":"wp","href":"https:\/\/api.w.org\/{rel}","templated":true}]}}