{"id":44975,"date":"2023-05-12T11:19:43","date_gmt":"2023-05-12T08:19:43","guid":{"rendered":"https:\/\/exlibris.ee\/toode\/deutsch-ubungsgrammatik-fur-die-oberstufe-aktuell-pdf-download\/"},"modified":"2026-04-04T03:20:58","modified_gmt":"2026-04-04T00:20:58","slug":"deutsch-ubungsgrammatik-fur-die-oberstufe-aktuell-pdf-download","status":"publish","type":"product","link":"https:\/\/exlibris.ee\/ru\/produkt\/deutsch-ubungsgrammatik-fur-die-oberstufe-aktuell-pdf-download\/","title":{"rendered":"Deutsch \u2013 \u00dcbungsgrammatik f\u00fcr die Oberstufe \u2013 aktuell  PDF-Download"},"content":{"rendered":"<p>Zielgruppe: Die \u00dcbungsgrammatik f\u00fcr die Oberstufe aktuell wendet sich gezielt an anspruchsvolle, fortgeschrittene Lernende, die das Niveau B1 erreicht haben und die die vorhandenen Grundkenntnisse bis weit in den Oberstufenbereich hinein vertiefen wollen, bzw. als Referenzgrammatik an Lehrer dieses Niveaus. Lernziel\/Abschlussniveau: Lernziel ist die Beherrschung auch der lernintensiven Grammatikthemen \u00fcber die B1-Pr\u00fcfungen hinaus. Sie kann studienvorbereitend und studienbegleitend eingesetzt werden, zur Vorbereitung auf die Mittel- und Oberstufenpr\u00fcfung oder die DSH. &#8212; auch f\u00fcr den Einsatz im Unterricht geeignet &#8212; separater L\u00f6sungsschl\u00fcssel als kostenloser PDF-Download &#8212; kostenlose Onlinetests &#8212; klar strukturiert, \u00fcbersichtlich und lernerfreundlich &#8212; einb\u00e4ndig, vierfarbig und illustriert &#8212; detaillierte Erkl\u00e4rungen mit zahlreichen Beispielen &#8212; zahlreiche \u00dcbungen auf Basis von zusammenh\u00e4ngenden, authentischen Texten &#8212; umfangreiche Listen zum Nachschlagen.<\/p>\n","protected":false},"excerpt":{"rendered":"<p>Zielgruppe: Die \u00dcbungsgrammatik f\u00fcr die Oberstufe aktuell wendet sich gezielt an anspruchsvolle, fortgeschrittene Lernende, die das Niveau B1 erreicht haben und die die vorhandenen Grundkenntnisse bis weit in den Oberstufenbereich hinein vertiefen wollen, bzw. als Referenzgrammatik an Lehrer dieses Niveaus&#8230;.<\/p>\n","protected":false},"featured_media":57031,"template":"","meta":{"_acf_changed":false,"inline_featured_image":false},"product_brand":[],"product_cat":[480],"product_tag":[],"series":[{"id":985,"name":"Deutsch \u2013 \u00dcbungsgrammatik","slug":"deutsch-ubungsgrammatik"}],"publisher":[{"id":497,"name":"Hueber Verlag","slug":"hueber-verlag"}],"class_list":{"0":"post-44975","1":"product","2":"type-product","3":"status-publish","4":"has-post-thumbnail","6":"product_cat-grammatiken","7":"series-deutsch-ubungsgrammatik","8":"publisher-hueber-verlag","10":"first","11":"onbackorder","12":"taxable","13":"shipping-taxable","14":"purchasable","15":"product-type-simple"},"acf":[],"_links":{"self":[{"href":"https:\/\/exlibris.ee\/ru\/wp-json\/wp\/v2\/product\/44975","targetHints":{"allow":["GET"]}}],"collection":[{"href":"https:\/\/exlibris.ee\/ru\/wp-json\/wp\/v2\/product"}],"about":[{"href":"https:\/\/exlibris.ee\/ru\/wp-json\/wp\/v2\/types\/product"}],"wp:featuredmedia":[{"embeddable":true,"href":"https:\/\/exlibris.ee\/ru\/wp-json\/wp\/v2\/media\/57031"}],"wp:attachment":[{"href":"https:\/\/exlibris.ee\/ru\/wp-json\/wp\/v2\/media?parent=44975"}],"wp:term":[{"taxonomy":"product_brand","embeddable":true,"href":"https:\/\/exlibris.ee\/ru\/wp-json\/wp\/v2\/product_brand?post=44975"},{"taxonomy":"product_cat","embeddable":true,"href":"https:\/\/exlibris.ee\/ru\/wp-json\/wp\/v2\/product_cat?post=44975"},{"taxonomy":"product_tag","embeddable":true,"href":"https:\/\/exlibris.ee\/ru\/wp-json\/wp\/v2\/product_tag?post=44975"},{"taxonomy":"series","embeddable":true,"href":"https:\/\/exlibris.ee\/ru\/wp-json\/wp\/v2\/series?post=44975"},{"taxonomy":"publisher","embeddable":true,"href":"https:\/\/exlibris.ee\/ru\/wp-json\/wp\/v2\/publisher?post=44975"}],"curies":[{"name":"wp","href":"https:\/\/api.w.org\/{rel}","templated":true}]}}