{"id":44976,"date":"2023-05-12T11:19:43","date_gmt":"2023-05-12T08:19:43","guid":{"rendered":"https:\/\/exlibris.ee\/toode\/du-findest-mich-nicht-fender-ermittelt-epub-download\/"},"modified":"2026-04-17T15:42:56","modified_gmt":"2026-04-17T12:42:56","slug":"du-findest-mich-nicht-fender-ermittelt-epub-download","status":"publish","type":"product","link":"https:\/\/exlibris.ee\/ru\/produkt\/du-findest-mich-nicht-fender-ermittelt-epub-download\/","title":{"rendered":"Du findest mich nicht!  Fender ermittelt \/ EPUB-Download"},"content":{"rendered":"<p>Zielgruppe: Kinder\/Jugendliche von 11\u201313 Jahren (Niveaustufe A1) Familie Papadakis ist aus Griechenland nach M\u00fcnchen gezogen. Die Kinder Sophia und Niko m\u00fcssen sich neu orientieren. Niko findet durch das Skaten bald erste Freunde. Sophie kn\u00fcpft beim Reiten langsam Kontakte. Alles prima, w\u00e4re da nicht ein Problem: Beide Hobbies haben die Eltern eigentlich verboten! Die Heimlichtuerei geht so lange gut, bis Sophia vom Pferd f\u00e4llt und die Reitlehrerein bei ihren Eltern vor der T\u00fcr steht \u2026 Der komplette Lekt\u00fcretext und die Tracks zu den \u00dcbungen stehen als gratis MP3-Download zur Verf\u00fcgung. Vierfarbige Comiczeichnungen lockern den Text auf.<\/p>\n","protected":false},"excerpt":{"rendered":"<p>Zielgruppe: Kinder\/Jugendliche von 11\u201313 Jahren (Niveaustufe A1) Familie Papadakis ist aus Griechenland nach M\u00fcnchen gezogen. Die Kinder Sophia und Niko m\u00fcssen sich neu orientieren. Niko findet durch das Skaten bald erste Freunde. Sophie kn\u00fcpft beim Reiten langsam Kontakte. Alles prima,&#8230;<\/p>\n","protected":false},"featured_media":56332,"template":"","meta":{"_acf_changed":false,"inline_featured_image":false},"product_brand":[],"product_cat":[851],"product_tag":[],"series":[{"id":1005,"name":"Du findest mich nicht!","slug":"du-findest-mich-nicht"}],"publisher":[{"id":497,"name":"Hueber Verlag","slug":"hueber-verlag"}],"class_list":{"0":"post-44976","1":"product","2":"type-product","3":"status-publish","4":"has-post-thumbnail","6":"product_cat-lesetexte-deutsch","7":"series-du-findest-mich-nicht","8":"publisher-hueber-verlag","10":"first","11":"onbackorder","12":"taxable","13":"shipping-taxable","14":"purchasable","15":"product-type-simple"},"acf":[],"_links":{"self":[{"href":"https:\/\/exlibris.ee\/ru\/wp-json\/wp\/v2\/product\/44976","targetHints":{"allow":["GET"]}}],"collection":[{"href":"https:\/\/exlibris.ee\/ru\/wp-json\/wp\/v2\/product"}],"about":[{"href":"https:\/\/exlibris.ee\/ru\/wp-json\/wp\/v2\/types\/product"}],"wp:featuredmedia":[{"embeddable":true,"href":"https:\/\/exlibris.ee\/ru\/wp-json\/wp\/v2\/media\/56332"}],"wp:attachment":[{"href":"https:\/\/exlibris.ee\/ru\/wp-json\/wp\/v2\/media?parent=44976"}],"wp:term":[{"taxonomy":"product_brand","embeddable":true,"href":"https:\/\/exlibris.ee\/ru\/wp-json\/wp\/v2\/product_brand?post=44976"},{"taxonomy":"product_cat","embeddable":true,"href":"https:\/\/exlibris.ee\/ru\/wp-json\/wp\/v2\/product_cat?post=44976"},{"taxonomy":"product_tag","embeddable":true,"href":"https:\/\/exlibris.ee\/ru\/wp-json\/wp\/v2\/product_tag?post=44976"},{"taxonomy":"series","embeddable":true,"href":"https:\/\/exlibris.ee\/ru\/wp-json\/wp\/v2\/series?post=44976"},{"taxonomy":"publisher","embeddable":true,"href":"https:\/\/exlibris.ee\/ru\/wp-json\/wp\/v2\/publisher?post=44976"}],"curies":[{"name":"wp","href":"https:\/\/api.w.org\/{rel}","templated":true}]}}