{"id":44986,"date":"2023-05-12T11:19:56","date_gmt":"2023-05-12T08:19:56","guid":{"rendered":"https:\/\/exlibris.ee\/toode\/deutsch-in-der-firma-russisch-pdf-mp3-download\/"},"modified":"2026-04-19T11:59:39","modified_gmt":"2026-04-19T08:59:39","slug":"deutsch-in-der-firma-russisch-pdf-mp3-download","status":"publish","type":"product","link":"https:\/\/exlibris.ee\/ru\/produkt\/deutsch-in-der-firma-russisch-pdf-mp3-download\/","title":{"rendered":"Deutsch in der Firma  Russisch \/ PDF\/MP3-Download"},"content":{"rendered":"<p>Der Berufssprachf\u00fchrer &#171;Deutsch in der Firma&#187; bietet die M\u00f6glichkeit, deutsche Vokabeln und Redemittel f\u00fcr typische Berufssituationen einzu\u00fcben oder sie schnell nachzuschlagen. &#171;Deutsch in der Firma&#187; wendet sich prim\u00e4r an russische Muttersprachler. Alle S\u00e4tze sind vertont in Deutsch und als \u00dcbersetzung verf\u00fcgbar. Behandelte Themen u. a.: &#8212; Neu in der Firma &#8212; Vertr\u00e4ge und Bestellungen &#8212; Am Telefon &#8212; Konfliktsituationen &#8212; Besprechungen &#8212; Termine koordinieren &#8212; Small Talk u. v. m.<\/p>\n","protected":false},"excerpt":{"rendered":"<p>Der Berufssprachf\u00fchrer &#171;Deutsch in der Firma&#187; bietet die M\u00f6glichkeit, deutsche Vokabeln und Redemittel f\u00fcr typische Berufssituationen einzu\u00fcben oder sie schnell nachzuschlagen. &#171;Deutsch in der Firma&#187; wendet sich prim\u00e4r an russische Muttersprachler. Alle S\u00e4tze sind vertont in Deutsch und als \u00dcbersetzung&#8230;<\/p>\n","protected":false},"featured_media":57103,"template":"","meta":{"_acf_changed":false,"inline_featured_image":false},"product_brand":[],"product_cat":[885],"product_tag":[],"series":[],"publisher":[{"id":497,"name":"Hueber Verlag","slug":"hueber-verlag"}],"class_list":{"0":"post-44986","1":"product","2":"type-product","3":"status-publish","4":"has-post-thumbnail","6":"product_cat-berufssprache","7":"publisher-hueber-verlag","9":"first","10":"onbackorder","11":"taxable","12":"shipping-taxable","13":"purchasable","14":"product-type-simple"},"acf":[],"_links":{"self":[{"href":"https:\/\/exlibris.ee\/ru\/wp-json\/wp\/v2\/product\/44986","targetHints":{"allow":["GET"]}}],"collection":[{"href":"https:\/\/exlibris.ee\/ru\/wp-json\/wp\/v2\/product"}],"about":[{"href":"https:\/\/exlibris.ee\/ru\/wp-json\/wp\/v2\/types\/product"}],"wp:featuredmedia":[{"embeddable":true,"href":"https:\/\/exlibris.ee\/ru\/wp-json\/wp\/v2\/media\/57103"}],"wp:attachment":[{"href":"https:\/\/exlibris.ee\/ru\/wp-json\/wp\/v2\/media?parent=44986"}],"wp:term":[{"taxonomy":"product_brand","embeddable":true,"href":"https:\/\/exlibris.ee\/ru\/wp-json\/wp\/v2\/product_brand?post=44986"},{"taxonomy":"product_cat","embeddable":true,"href":"https:\/\/exlibris.ee\/ru\/wp-json\/wp\/v2\/product_cat?post=44986"},{"taxonomy":"product_tag","embeddable":true,"href":"https:\/\/exlibris.ee\/ru\/wp-json\/wp\/v2\/product_tag?post=44986"},{"taxonomy":"series","embeddable":true,"href":"https:\/\/exlibris.ee\/ru\/wp-json\/wp\/v2\/series?post=44986"},{"taxonomy":"publisher","embeddable":true,"href":"https:\/\/exlibris.ee\/ru\/wp-json\/wp\/v2\/publisher?post=44986"}],"curies":[{"name":"wp","href":"https:\/\/api.w.org\/{rel}","templated":true}]}}