{"id":44993,"date":"2023-05-12T11:19:57","date_gmt":"2023-05-12T08:19:57","guid":{"rendered":"https:\/\/exlibris.ee\/toode\/das-gleiche-ist-nicht-dasselbe-stolpersteine-der-deutschen-sprache-buch\/"},"modified":"2026-04-14T19:28:07","modified_gmt":"2026-04-14T16:28:07","slug":"das-gleiche-ist-nicht-dasselbe-stolpersteine-der-deutschen-sprache-buch","status":"publish","type":"product","link":"https:\/\/exlibris.ee\/ru\/produkt\/das-gleiche-ist-nicht-dasselbe-stolpersteine-der-deutschen-sprache-buch\/","title":{"rendered":"\u00bbDas Gleiche ist nicht dasselbe!\u00ab  Stolpersteine der deutschen Sprache \/ Buch"},"content":{"rendered":"<p>Alle wichtigen Bereiche der Rechtschreibung und Zeichensetzung sowie typische Quellen f\u00fcr Grammatikfehler deckt der Taschentrainer ab und hilft gezielt, typische Fehler zu vermeiden.- 30 \u00dcbungseinheiten als Trimm-dich-Runden ergeben ein komplettes Fitness-Programm zur Fehlervermeidung &#8212; Jedes Kapitel schlie\u00dft mit der entsprechenden Regel ab &#8212; ideal zum Nachschlagen in Zweifelsf\u00e4llen &#8212; Am\u00fcsante und praxisnahe Beispiele machen das Lernen zum Vergn\u00fcgen.<\/p>\n","protected":false},"excerpt":{"rendered":"<p>Alle wichtigen Bereiche der Rechtschreibung und Zeichensetzung sowie typische Quellen f\u00fcr Grammatikfehler deckt der Taschentrainer ab und hilft gezielt, typische Fehler zu vermeiden.- 30 \u00dcbungseinheiten als Trimm-dich-Runden ergeben ein komplettes Fitness-Programm zur Fehlervermeidung &#8212; Jedes Kapitel schlie\u00dft mit der entsprechenden&#8230;<\/p>\n","protected":false},"featured_media":57139,"template":"","meta":{"_acf_changed":false,"inline_featured_image":false},"product_brand":[],"product_cat":[558],"product_tag":[],"series":[],"publisher":[{"id":497,"name":"Hueber Verlag","slug":"hueber-verlag"}],"class_list":{"0":"post-44993","1":"product","2":"type-product","3":"status-publish","4":"has-post-thumbnail","6":"product_cat-deutsch-uben","7":"publisher-hueber-verlag","9":"first","10":"instock","11":"taxable","12":"shipping-taxable","13":"purchasable","14":"product-type-simple"},"acf":[],"_links":{"self":[{"href":"https:\/\/exlibris.ee\/ru\/wp-json\/wp\/v2\/product\/44993","targetHints":{"allow":["GET"]}}],"collection":[{"href":"https:\/\/exlibris.ee\/ru\/wp-json\/wp\/v2\/product"}],"about":[{"href":"https:\/\/exlibris.ee\/ru\/wp-json\/wp\/v2\/types\/product"}],"wp:featuredmedia":[{"embeddable":true,"href":"https:\/\/exlibris.ee\/ru\/wp-json\/wp\/v2\/media\/57139"}],"wp:attachment":[{"href":"https:\/\/exlibris.ee\/ru\/wp-json\/wp\/v2\/media?parent=44993"}],"wp:term":[{"taxonomy":"product_brand","embeddable":true,"href":"https:\/\/exlibris.ee\/ru\/wp-json\/wp\/v2\/product_brand?post=44993"},{"taxonomy":"product_cat","embeddable":true,"href":"https:\/\/exlibris.ee\/ru\/wp-json\/wp\/v2\/product_cat?post=44993"},{"taxonomy":"product_tag","embeddable":true,"href":"https:\/\/exlibris.ee\/ru\/wp-json\/wp\/v2\/product_tag?post=44993"},{"taxonomy":"series","embeddable":true,"href":"https:\/\/exlibris.ee\/ru\/wp-json\/wp\/v2\/series?post=44993"},{"taxonomy":"publisher","embeddable":true,"href":"https:\/\/exlibris.ee\/ru\/wp-json\/wp\/v2\/publisher?post=44993"}],"curies":[{"name":"wp","href":"https:\/\/api.w.org\/{rel}","templated":true}]}}