{"id":44995,"date":"2023-05-12T11:19:57","date_gmt":"2023-05-12T08:19:57","guid":{"rendered":"https:\/\/exlibris.ee\/toode\/das-gleiche-ist-nicht-dasselbe-stolpersteine-der-deutschen-sprache-pdf-download\/"},"modified":"2026-04-23T05:53:16","modified_gmt":"2026-04-23T02:53:16","slug":"das-gleiche-ist-nicht-dasselbe-stolpersteine-der-deutschen-sprache-pdf-download","status":"publish","type":"product","link":"https:\/\/exlibris.ee\/ru\/produkt\/das-gleiche-ist-nicht-dasselbe-stolpersteine-der-deutschen-sprache-pdf-download\/","title":{"rendered":"\u00bbDas Gleiche ist nicht dasselbe!\u00ab  Stolpersteine der deutschen Sprache \/ PDF-Download"},"content":{"rendered":"<p>Der Taschentrainer deckt alle wichtigen Bereiche der Rechtschreibung und Zeichensetzung sowie typische Quellen f\u00fcr Grammatikfehler ab und hilft gezielt, typische Fehler zu vermeiden.- 30 \u00dcbungseinheiten als Trimm-dich-Runden ergeben ein komplettes Fitness-Programm zur Fehlervermeidung- Jedes Kapitel schlie\u00dft mit der entsprechenden Regel ab &#8212; ideal zum Nachschlagen in Zweifelsf\u00e4llen- Am\u00fcsante und praxisnahe Beispiele machen das Lernen zum Vergn\u00fcgen.<\/p>\n","protected":false},"excerpt":{"rendered":"<p>Der Taschentrainer deckt alle wichtigen Bereiche der Rechtschreibung und Zeichensetzung sowie typische Quellen f\u00fcr Grammatikfehler ab und hilft gezielt, typische Fehler zu vermeiden.- 30 \u00dcbungseinheiten als Trimm-dich-Runden ergeben ein komplettes Fitness-Programm zur Fehlervermeidung- Jedes Kapitel schlie\u00dft mit der entsprechenden Regel&#8230;<\/p>\n","protected":false},"featured_media":57163,"template":"","meta":{"_acf_changed":false,"inline_featured_image":false},"product_brand":[],"product_cat":[558],"product_tag":[],"series":[],"publisher":[{"id":497,"name":"Hueber Verlag","slug":"hueber-verlag"}],"class_list":{"0":"post-44995","1":"product","2":"type-product","3":"status-publish","4":"has-post-thumbnail","6":"product_cat-deutsch-uben","7":"publisher-hueber-verlag","9":"first","10":"onbackorder","11":"taxable","12":"shipping-taxable","13":"purchasable","14":"product-type-simple"},"acf":[],"_links":{"self":[{"href":"https:\/\/exlibris.ee\/ru\/wp-json\/wp\/v2\/product\/44995","targetHints":{"allow":["GET"]}}],"collection":[{"href":"https:\/\/exlibris.ee\/ru\/wp-json\/wp\/v2\/product"}],"about":[{"href":"https:\/\/exlibris.ee\/ru\/wp-json\/wp\/v2\/types\/product"}],"wp:featuredmedia":[{"embeddable":true,"href":"https:\/\/exlibris.ee\/ru\/wp-json\/wp\/v2\/media\/57163"}],"wp:attachment":[{"href":"https:\/\/exlibris.ee\/ru\/wp-json\/wp\/v2\/media?parent=44995"}],"wp:term":[{"taxonomy":"product_brand","embeddable":true,"href":"https:\/\/exlibris.ee\/ru\/wp-json\/wp\/v2\/product_brand?post=44995"},{"taxonomy":"product_cat","embeddable":true,"href":"https:\/\/exlibris.ee\/ru\/wp-json\/wp\/v2\/product_cat?post=44995"},{"taxonomy":"product_tag","embeddable":true,"href":"https:\/\/exlibris.ee\/ru\/wp-json\/wp\/v2\/product_tag?post=44995"},{"taxonomy":"series","embeddable":true,"href":"https:\/\/exlibris.ee\/ru\/wp-json\/wp\/v2\/series?post=44995"},{"taxonomy":"publisher","embeddable":true,"href":"https:\/\/exlibris.ee\/ru\/wp-json\/wp\/v2\/publisher?post=44995"}],"curies":[{"name":"wp","href":"https:\/\/api.w.org\/{rel}","templated":true}]}}