{"id":44996,"date":"2023-05-12T11:19:58","date_gmt":"2023-05-12T08:19:58","guid":{"rendered":"https:\/\/exlibris.ee\/toode\/spielerisch-deutsch-lernen-lernkrimi-die-spur-zum-kellerfenster\/"},"modified":"2026-04-20T09:43:24","modified_gmt":"2026-04-20T06:43:24","slug":"spielerisch-deutsch-lernen-lernkrimi-die-spur-zum-kellerfenster","status":"publish","type":"product","link":"https:\/\/exlibris.ee\/ru\/produkt\/spielerisch-deutsch-lernen-lernkrimi-die-spur-zum-kellerfenster\/","title":{"rendered":"Lernkrimi \u2013 Die Spur zum Kellerfenster  Buch mit MP3-Download"},"content":{"rendered":"<p>Die Titel f\u00fcr den Vorschulbereich aus der Reihe Spielerisch Deutsch lernen bieten spannende Lernkrimis f\u00fcr Sch\u00fclerinnen und Sch\u00fcler der 1. und 2. Klasse. Zu den abgeschlossenen Detektivgeschichten gibt es spezielle Aufgaben der deutschen Sprache, die jeweils auf das Sprach- und \u00dcbungsniveau des Lehrplans abgestimmt sind. In der Geschichte Die Spur zum Kellerfenster dreht sich der Fall um Hannes\u2019 Hamster Karli, der in der Schule verschwindet, kurz bevor dieser ihn im Unterricht vorstellen will. Wo kann er sein? Schon bald haben die Detektive eine hei\u00dfe Spur &#8230;<\/p>\n","protected":false},"excerpt":{"rendered":"<p>Die Titel f\u00fcr den Vorschulbereich aus der Reihe Spielerisch Deutsch lernen bieten spannende Lernkrimis f\u00fcr Sch\u00fclerinnen und Sch\u00fcler der 1. und 2. Klasse. Zu den abgeschlossenen Detektivgeschichten gibt es spezielle Aufgaben der deutschen Sprache, die jeweils auf das Sprach- und&#8230;<\/p>\n","protected":false},"featured_media":57172,"template":"","meta":{"_acf_changed":false,"inline_featured_image":false},"product_brand":[],"product_cat":[503],"product_tag":[],"series":[{"id":550,"name":"Spielerisch deutsch lernen","slug":"spielerisch-deutsch-lernen"}],"publisher":[{"id":497,"name":"Hueber Verlag","slug":"hueber-verlag"}],"class_list":{"0":"post-44996","1":"product","2":"type-product","3":"status-publish","4":"has-post-thumbnail","6":"product_cat-lernen-mit-bildern-und-spielen","7":"series-spielerisch-deutsch-lernen","8":"publisher-hueber-verlag","10":"first","11":"onbackorder","12":"taxable","13":"shipping-taxable","14":"purchasable","15":"product-type-simple"},"acf":[],"_links":{"self":[{"href":"https:\/\/exlibris.ee\/ru\/wp-json\/wp\/v2\/product\/44996","targetHints":{"allow":["GET"]}}],"collection":[{"href":"https:\/\/exlibris.ee\/ru\/wp-json\/wp\/v2\/product"}],"about":[{"href":"https:\/\/exlibris.ee\/ru\/wp-json\/wp\/v2\/types\/product"}],"wp:featuredmedia":[{"embeddable":true,"href":"https:\/\/exlibris.ee\/ru\/wp-json\/wp\/v2\/media\/57172"}],"wp:attachment":[{"href":"https:\/\/exlibris.ee\/ru\/wp-json\/wp\/v2\/media?parent=44996"}],"wp:term":[{"taxonomy":"product_brand","embeddable":true,"href":"https:\/\/exlibris.ee\/ru\/wp-json\/wp\/v2\/product_brand?post=44996"},{"taxonomy":"product_cat","embeddable":true,"href":"https:\/\/exlibris.ee\/ru\/wp-json\/wp\/v2\/product_cat?post=44996"},{"taxonomy":"product_tag","embeddable":true,"href":"https:\/\/exlibris.ee\/ru\/wp-json\/wp\/v2\/product_tag?post=44996"},{"taxonomy":"series","embeddable":true,"href":"https:\/\/exlibris.ee\/ru\/wp-json\/wp\/v2\/series?post=44996"},{"taxonomy":"publisher","embeddable":true,"href":"https:\/\/exlibris.ee\/ru\/wp-json\/wp\/v2\/publisher?post=44996"}],"curies":[{"name":"wp","href":"https:\/\/api.w.org\/{rel}","templated":true}]}}