{"id":44998,"date":"2023-05-12T11:19:58","date_gmt":"2023-05-12T08:19:58","guid":{"rendered":"https:\/\/exlibris.ee\/toode\/beste-freunde-a1-deutsch-fur-jugendliche-digitales-videopaket\/"},"modified":"2026-04-18T15:42:59","modified_gmt":"2026-04-18T12:42:59","slug":"beste-freunde-a1-deutsch-fur-jugendliche-digitales-videopaket","status":"publish","type":"product","link":"https:\/\/exlibris.ee\/ru\/produkt\/beste-freunde-a1-deutsch-fur-jugendliche-digitales-videopaket\/","title":{"rendered":"Beste Freunde A1  Deutsch f\u00fcr Jugendliche \/ Digitales Videopaket"},"content":{"rendered":"<p>Das digitale Videopaket steht auf der Medienplattform Hueber interaktiv zur Verf\u00fcgung. In sechs kurzen Filmen (\u00e0 ca. drei Minuten) zu Beste Freunde A1 werden Szenen aus dem Alltag deutschsprachiger Jugendlicher gezeigt. In jedem Modulfilm stellt sich eine Jugendliche \/ ein Jugendlicher vor, unabh\u00e4ngig von den Protagonisten des Kursbuchs Beste Freunde. Sie sind zu erleben zu Hause, in der Freizeit, mit der Familie, mit den Freunden, beim Sport und veranschaulichen so die aktuelle Lebensrealit\u00e4t in deutschsprachigen L\u00e4ndern.Die landeskundlich orientierten Dia-Shows enthalten Informationen zu den beliebtesten Freizeitbesch\u00e4ftigungen, Sportarten, Schulf\u00e4cher, Essen, Sehensw\u00fcrdigkeiten etc. von Jugendlichen in Deutschland. Jede Dia-Show dauert ca. 3 Minuten.Zu den Filmen und Dia-Shows gibt es didaktisierte Arbeitsbl\u00e4tter.<\/p>\n","protected":false},"excerpt":{"rendered":"<p>Das digitale Videopaket steht auf der Medienplattform Hueber interaktiv zur Verf\u00fcgung. In sechs kurzen Filmen (\u00e0 ca. drei Minuten) zu Beste Freunde A1 werden Szenen aus dem Alltag deutschsprachiger Jugendlicher gezeigt. In jedem Modulfilm stellt sich eine Jugendliche \/ ein&#8230;<\/p>\n","protected":false},"featured_media":57184,"template":"","meta":{"_acf_changed":false,"inline_featured_image":false},"product_brand":[],"product_cat":[477],"product_tag":[],"series":[{"id":577,"name":"Beste Freunde A1","slug":"beste-freunde-a1"}],"publisher":[{"id":497,"name":"Hueber Verlag","slug":"hueber-verlag"}],"class_list":{"0":"post-44998","1":"product","2":"type-product","3":"status-publish","4":"has-post-thumbnail","6":"product_cat-lehrwerke-fur-jugendliche","7":"series-beste-freunde-a1","8":"publisher-hueber-verlag","10":"first","11":"onbackorder","12":"taxable","13":"shipping-taxable","14":"purchasable","15":"product-type-simple"},"acf":[],"_links":{"self":[{"href":"https:\/\/exlibris.ee\/ru\/wp-json\/wp\/v2\/product\/44998","targetHints":{"allow":["GET"]}}],"collection":[{"href":"https:\/\/exlibris.ee\/ru\/wp-json\/wp\/v2\/product"}],"about":[{"href":"https:\/\/exlibris.ee\/ru\/wp-json\/wp\/v2\/types\/product"}],"wp:featuredmedia":[{"embeddable":true,"href":"https:\/\/exlibris.ee\/ru\/wp-json\/wp\/v2\/media\/57184"}],"wp:attachment":[{"href":"https:\/\/exlibris.ee\/ru\/wp-json\/wp\/v2\/media?parent=44998"}],"wp:term":[{"taxonomy":"product_brand","embeddable":true,"href":"https:\/\/exlibris.ee\/ru\/wp-json\/wp\/v2\/product_brand?post=44998"},{"taxonomy":"product_cat","embeddable":true,"href":"https:\/\/exlibris.ee\/ru\/wp-json\/wp\/v2\/product_cat?post=44998"},{"taxonomy":"product_tag","embeddable":true,"href":"https:\/\/exlibris.ee\/ru\/wp-json\/wp\/v2\/product_tag?post=44998"},{"taxonomy":"series","embeddable":true,"href":"https:\/\/exlibris.ee\/ru\/wp-json\/wp\/v2\/series?post=44998"},{"taxonomy":"publisher","embeddable":true,"href":"https:\/\/exlibris.ee\/ru\/wp-json\/wp\/v2\/publisher?post=44998"}],"curies":[{"name":"wp","href":"https:\/\/api.w.org\/{rel}","templated":true}]}}