{"id":45005,"date":"2023-05-12T11:19:59","date_gmt":"2023-05-12T08:19:59","guid":{"rendered":"https:\/\/exlibris.ee\/toode\/claudia-mallorca-pdf-download\/"},"modified":"2026-04-25T17:42:26","modified_gmt":"2026-04-25T14:42:26","slug":"claudia-mallorca-pdf-download","status":"publish","type":"product","link":"https:\/\/exlibris.ee\/ru\/produkt\/claudia-mallorca-pdf-download\/","title":{"rendered":"Claudia, Mallorca  PDF-Download"},"content":{"rendered":"<p>Echte Lekt\u00fcre auf der Niveaustufe A1! Kurze, einfache S\u00e4tze lassen vor dem inneren Auge des Lesers einen Film erstehen \u2013 Menschen, die mit ihren Gef\u00fchlen, ihren Hoffnungen, ihren Tr\u00e4umen und Begehrlichkeiten aufeinander treffen und ihr gegenseitiges Schicksal beeinflussen. Die Hueber Lese-Novelas bieten echten Lesestoff auf einem denkbar einfachen sprachlichen Niveau: Lesespa\u00df, der nicht durch didaktische Ma\u00dfnahmen ged\u00e4mpft wird; das gro\u00dfartige Gef\u00fchl, schon auf dieser fr\u00fchen Stufe des Lernens authentische Lese-Erlebnisse genie\u00dfen zu k\u00f6nnen; die Chance, sich einfach von den Geschehnissen mitrei\u00dfen zu lassen und dabei schon fast zu vergessen, dass es sich um Lekt\u00fcre in der \u201eschwierigen\u201c Zielsprache handelt: Sommer, Sonne, Strand. Die idealen Bedingungen f\u00fcr einen Flirt. Aber Claudia, eine junge \u00c4rztin, ist frustriert. Nach der letzten Beziehung hat sie genug von M\u00e4nnern. Lucy, ihre Zwillingsschwester, m\u00f6chte helfen. Sie hat eine interessante Idee, wie Claudia einen neuen Mann finden kann &#8230;<\/p>\n","protected":false},"excerpt":{"rendered":"<p>Echte Lekt\u00fcre auf der Niveaustufe A1! Kurze, einfache S\u00e4tze lassen vor dem inneren Auge des Lesers einen Film erstehen \u2013 Menschen, die mit ihren Gef\u00fchlen, ihren Hoffnungen, ihren Tr\u00e4umen und Begehrlichkeiten aufeinander treffen und ihr gegenseitiges Schicksal beeinflussen. Die Hueber&#8230;<\/p>\n","protected":false},"featured_media":57232,"template":"","meta":{"_acf_changed":false,"inline_featured_image":false},"product_brand":[],"product_cat":[851],"product_tag":[],"series":[{"id":1002,"name":"Claudia, Mallorca","slug":"claudia-mallorca"}],"publisher":[{"id":497,"name":"Hueber Verlag","slug":"hueber-verlag"}],"class_list":{"0":"post-45005","1":"product","2":"type-product","3":"status-publish","4":"has-post-thumbnail","6":"product_cat-lesetexte-deutsch","7":"series-claudia-mallorca","8":"publisher-hueber-verlag","10":"first","11":"onbackorder","12":"taxable","13":"shipping-taxable","14":"purchasable","15":"product-type-simple"},"acf":[],"_links":{"self":[{"href":"https:\/\/exlibris.ee\/ru\/wp-json\/wp\/v2\/product\/45005","targetHints":{"allow":["GET"]}}],"collection":[{"href":"https:\/\/exlibris.ee\/ru\/wp-json\/wp\/v2\/product"}],"about":[{"href":"https:\/\/exlibris.ee\/ru\/wp-json\/wp\/v2\/types\/product"}],"wp:featuredmedia":[{"embeddable":true,"href":"https:\/\/exlibris.ee\/ru\/wp-json\/wp\/v2\/media\/57232"}],"wp:attachment":[{"href":"https:\/\/exlibris.ee\/ru\/wp-json\/wp\/v2\/media?parent=45005"}],"wp:term":[{"taxonomy":"product_brand","embeddable":true,"href":"https:\/\/exlibris.ee\/ru\/wp-json\/wp\/v2\/product_brand?post=45005"},{"taxonomy":"product_cat","embeddable":true,"href":"https:\/\/exlibris.ee\/ru\/wp-json\/wp\/v2\/product_cat?post=45005"},{"taxonomy":"product_tag","embeddable":true,"href":"https:\/\/exlibris.ee\/ru\/wp-json\/wp\/v2\/product_tag?post=45005"},{"taxonomy":"series","embeddable":true,"href":"https:\/\/exlibris.ee\/ru\/wp-json\/wp\/v2\/series?post=45005"},{"taxonomy":"publisher","embeddable":true,"href":"https:\/\/exlibris.ee\/ru\/wp-json\/wp\/v2\/publisher?post=45005"}],"curies":[{"name":"wp","href":"https:\/\/api.w.org\/{rel}","templated":true}]}}