{"id":45006,"date":"2023-05-12T11:19:59","date_gmt":"2023-05-12T08:19:59","guid":{"rendered":"https:\/\/exlibris.ee\/toode\/daz-arbeitsheft-zeit-monate-jahreszeiten-uhrzeit-buch\/"},"modified":"2026-04-17T15:44:37","modified_gmt":"2026-04-17T12:44:37","slug":"daz-arbeitsheft-zeit-monate-jahreszeiten-uhrzeit-buch","status":"publish","type":"product","link":"https:\/\/exlibris.ee\/ru\/produkt\/daz-arbeitsheft-zeit-monate-jahreszeiten-uhrzeit-buch\/","title":{"rendered":"DaZ-Arbeitsheft Zeit  Monate, Jahreszeiten, Uhrzeit \/ Buch"},"content":{"rendered":"<p>Mit dem DaZ-Arbeitsheft Zeit lernen Kinder in der Grundschule kleinschrittig und spielerisch die Uhrzeit: von der vollen Stunde bis zur genauen Minutenangabe. Es ist besonders geeignet f\u00fcr Kinder mit Deutsch als Zweitsprache und Kinder mit F\u00f6rderbedarf. Weitere Themen sind: Jahreszeiten, Monate, Wochentage, Tageszeiten sowie verschiedene Uhren. &#8212; abwechslungsreiche und sehr spielerische \u00dcbungen &#8212; Lese-\u00dcbungen mit der Silbenlernmethode in zweifarbigen Sprechsilben &#8212; \u00fcbersichtliche Regelerkl\u00e4rungen in Infok\u00e4sten mit der Eule Evelin &#8212; mit Spieluhr zum Basteln.<\/p>\n","protected":false},"excerpt":{"rendered":"<p>Mit dem DaZ-Arbeitsheft Zeit lernen Kinder in der Grundschule kleinschrittig und spielerisch die Uhrzeit: von der vollen Stunde bis zur genauen Minutenangabe. Es ist besonders geeignet f\u00fcr Kinder mit Deutsch als Zweitsprache und Kinder mit F\u00f6rderbedarf. Weitere Themen sind: Jahreszeiten,&#8230;<\/p>\n","protected":false},"featured_media":57241,"template":"","meta":{"_acf_changed":false,"inline_featured_image":false},"product_brand":[],"product_cat":[503],"product_tag":[],"series":[],"publisher":[{"id":497,"name":"Hueber Verlag","slug":"hueber-verlag"}],"class_list":{"0":"post-45006","1":"product","2":"type-product","3":"status-publish","4":"has-post-thumbnail","6":"product_cat-lernen-mit-bildern-und-spielen","7":"publisher-hueber-verlag","9":"first","10":"instock","11":"taxable","12":"shipping-taxable","13":"purchasable","14":"product-type-simple"},"acf":[],"_links":{"self":[{"href":"https:\/\/exlibris.ee\/ru\/wp-json\/wp\/v2\/product\/45006","targetHints":{"allow":["GET"]}}],"collection":[{"href":"https:\/\/exlibris.ee\/ru\/wp-json\/wp\/v2\/product"}],"about":[{"href":"https:\/\/exlibris.ee\/ru\/wp-json\/wp\/v2\/types\/product"}],"wp:featuredmedia":[{"embeddable":true,"href":"https:\/\/exlibris.ee\/ru\/wp-json\/wp\/v2\/media\/57241"}],"wp:attachment":[{"href":"https:\/\/exlibris.ee\/ru\/wp-json\/wp\/v2\/media?parent=45006"}],"wp:term":[{"taxonomy":"product_brand","embeddable":true,"href":"https:\/\/exlibris.ee\/ru\/wp-json\/wp\/v2\/product_brand?post=45006"},{"taxonomy":"product_cat","embeddable":true,"href":"https:\/\/exlibris.ee\/ru\/wp-json\/wp\/v2\/product_cat?post=45006"},{"taxonomy":"product_tag","embeddable":true,"href":"https:\/\/exlibris.ee\/ru\/wp-json\/wp\/v2\/product_tag?post=45006"},{"taxonomy":"series","embeddable":true,"href":"https:\/\/exlibris.ee\/ru\/wp-json\/wp\/v2\/series?post=45006"},{"taxonomy":"publisher","embeddable":true,"href":"https:\/\/exlibris.ee\/ru\/wp-json\/wp\/v2\/publisher?post=45006"}],"curies":[{"name":"wp","href":"https:\/\/api.w.org\/{rel}","templated":true}]}}