{"id":45018,"date":"2023-05-12T11:20:01","date_gmt":"2023-05-12T08:20:01","guid":{"rendered":"https:\/\/exlibris.ee\/toode\/ausblick-1-bruckenkurs-lehrerhandbuch-als-pdf-download\/"},"modified":"2026-04-19T12:02:07","modified_gmt":"2026-04-19T09:02:07","slug":"ausblick-1-bruckenkurs-lehrerhandbuch-als-pdf-download","status":"publish","type":"product","link":"https:\/\/exlibris.ee\/ru\/produkt\/ausblick-1-bruckenkurs-lehrerhandbuch-als-pdf-download\/","title":{"rendered":"Ausblick 1 Br\u00fcckenkurs  \/ Lehrerhandbuch als PDF-Download"},"content":{"rendered":"<p>Das Lehrerhandbuch enth\u00e4lt &#8212; eine allgemeine Einf\u00fchrung in die Konzeption des Lehrwerks &#8212; einen detaillierten Fahrplan durch die Lektionen &#8212; weiteres Spielmaterial f\u00fcr den Unterricht als Kopiervorlage &#8212; zus\u00e4tzliche Hinweise, Informationen und Texte zu einzelnen Themen &#8212; Vorschl\u00e4ge f\u00fcr die Projektarbeit &#8212; Tests zu jeder Lektion als Kopiervorlage &#8212; die Transkriptionen aller H\u00f6rtexte im Kursbuch und im Arbeitsbuch- alle L\u00f6sungen zu Kursbuch und Arbeitsbuch.<\/p>\n","protected":false},"excerpt":{"rendered":"<p>Das Lehrerhandbuch enth\u00e4lt &#8212; eine allgemeine Einf\u00fchrung in die Konzeption des Lehrwerks &#8212; einen detaillierten Fahrplan durch die Lektionen &#8212; weiteres Spielmaterial f\u00fcr den Unterricht als Kopiervorlage &#8212; zus\u00e4tzliche Hinweise, Informationen und Texte zu einzelnen Themen &#8212; Vorschl\u00e4ge f\u00fcr die&#8230;<\/p>\n","protected":false},"featured_media":57361,"template":"","meta":{"_acf_changed":false,"inline_featured_image":false},"product_brand":[],"product_cat":[1121],"product_tag":[],"series":[{"id":954,"name":"AusBlick 1","slug":"ausblick-1"}],"publisher":[{"id":497,"name":"Hueber Verlag","slug":"hueber-verlag"}],"class_list":{"0":"post-45018","1":"product","2":"type-product","3":"status-publish","4":"has-post-thumbnail","6":"product_cat-lehrwerke-fur-jugendliche-und-erwachsene","7":"series-ausblick-1","8":"publisher-hueber-verlag","10":"first","11":"onbackorder","12":"taxable","13":"shipping-taxable","14":"purchasable","15":"product-type-simple"},"acf":[],"_links":{"self":[{"href":"https:\/\/exlibris.ee\/ru\/wp-json\/wp\/v2\/product\/45018","targetHints":{"allow":["GET"]}}],"collection":[{"href":"https:\/\/exlibris.ee\/ru\/wp-json\/wp\/v2\/product"}],"about":[{"href":"https:\/\/exlibris.ee\/ru\/wp-json\/wp\/v2\/types\/product"}],"wp:featuredmedia":[{"embeddable":true,"href":"https:\/\/exlibris.ee\/ru\/wp-json\/wp\/v2\/media\/57361"}],"wp:attachment":[{"href":"https:\/\/exlibris.ee\/ru\/wp-json\/wp\/v2\/media?parent=45018"}],"wp:term":[{"taxonomy":"product_brand","embeddable":true,"href":"https:\/\/exlibris.ee\/ru\/wp-json\/wp\/v2\/product_brand?post=45018"},{"taxonomy":"product_cat","embeddable":true,"href":"https:\/\/exlibris.ee\/ru\/wp-json\/wp\/v2\/product_cat?post=45018"},{"taxonomy":"product_tag","embeddable":true,"href":"https:\/\/exlibris.ee\/ru\/wp-json\/wp\/v2\/product_tag?post=45018"},{"taxonomy":"series","embeddable":true,"href":"https:\/\/exlibris.ee\/ru\/wp-json\/wp\/v2\/series?post=45018"},{"taxonomy":"publisher","embeddable":true,"href":"https:\/\/exlibris.ee\/ru\/wp-json\/wp\/v2\/publisher?post=45018"}],"curies":[{"name":"wp","href":"https:\/\/api.w.org\/{rel}","templated":true}]}}