{"id":45024,"date":"2023-05-12T11:20:02","date_gmt":"2023-05-12T08:20:02","guid":{"rendered":"https:\/\/exlibris.ee\/toode\/erste-hilfe-deutsch-alphabetisierung-fur-kinder-buch\/"},"modified":"2026-04-12T11:36:02","modified_gmt":"2026-04-12T08:36:02","slug":"erste-hilfe-deutsch-alphabetisierung-fur-kinder-buch","status":"publish","type":"product","link":"https:\/\/exlibris.ee\/ru\/produkt\/erste-hilfe-deutsch-alphabetisierung-fur-kinder-buch\/","title":{"rendered":"Erste Hilfe Deutsch \u2013 Alphabetisierung f\u00fcr Kinder  Buch"},"content":{"rendered":"<p>Wie der kleinen Fliege, die auf ihrer Suche nach Licht immer wieder gegen Fensterscheiben knallt, so geht es auch dem gro\u00dfen Doktor Faust: Keine seiner Wissenschaften bringt ihn der Wahrheit n\u00e4her. Schon will er aus Entt\u00e4uschung sein Leben wegwerfen, da macht ihm Mephisto ein Angebot: Vergiss die fixen Ideen, st\u00fcrz dich ins Vergn\u00fcgen! Was dann folgt, ist jene bittere Geschichte, die Faust an den Rand des Wahnsinns treibt. Goethes &#171;Faust, erster Teil&#187; als A2-Werkstatt &#8212; zum Selbstlesen, zum Lesen mit verteilten Rollen, zum Nachdenken, zum Diskutieren.<\/p>\n","protected":false},"excerpt":{"rendered":"<p>Wie der kleinen Fliege, die auf ihrer Suche nach Licht immer wieder gegen Fensterscheiben knallt, so geht es auch dem gro\u00dfen Doktor Faust: Keine seiner Wissenschaften bringt ihn der Wahrheit n\u00e4her. Schon will er aus Entt\u00e4uschung sein Leben wegwerfen, da&#8230;<\/p>\n","protected":false},"featured_media":56737,"template":"","meta":{"_acf_changed":false,"inline_featured_image":false},"product_brand":[],"product_cat":[471],"product_tag":[],"series":[{"id":1011,"name":"Erste Hilfe Deutsch","slug":"erste-hilfe-deutsch"}],"publisher":[{"id":497,"name":"Hueber Verlag","slug":"hueber-verlag"}],"class_list":{"0":"post-45024","1":"product","2":"type-product","3":"status-publish","4":"has-post-thumbnail","6":"product_cat-lehrwerke-fur-kinder","7":"series-erste-hilfe-deutsch","8":"publisher-hueber-verlag","10":"first","11":"onbackorder","12":"taxable","13":"shipping-taxable","14":"purchasable","15":"product-type-simple"},"acf":[],"_links":{"self":[{"href":"https:\/\/exlibris.ee\/ru\/wp-json\/wp\/v2\/product\/45024","targetHints":{"allow":["GET"]}}],"collection":[{"href":"https:\/\/exlibris.ee\/ru\/wp-json\/wp\/v2\/product"}],"about":[{"href":"https:\/\/exlibris.ee\/ru\/wp-json\/wp\/v2\/types\/product"}],"wp:featuredmedia":[{"embeddable":true,"href":"https:\/\/exlibris.ee\/ru\/wp-json\/wp\/v2\/media\/56737"}],"wp:attachment":[{"href":"https:\/\/exlibris.ee\/ru\/wp-json\/wp\/v2\/media?parent=45024"}],"wp:term":[{"taxonomy":"product_brand","embeddable":true,"href":"https:\/\/exlibris.ee\/ru\/wp-json\/wp\/v2\/product_brand?post=45024"},{"taxonomy":"product_cat","embeddable":true,"href":"https:\/\/exlibris.ee\/ru\/wp-json\/wp\/v2\/product_cat?post=45024"},{"taxonomy":"product_tag","embeddable":true,"href":"https:\/\/exlibris.ee\/ru\/wp-json\/wp\/v2\/product_tag?post=45024"},{"taxonomy":"series","embeddable":true,"href":"https:\/\/exlibris.ee\/ru\/wp-json\/wp\/v2\/series?post=45024"},{"taxonomy":"publisher","embeddable":true,"href":"https:\/\/exlibris.ee\/ru\/wp-json\/wp\/v2\/publisher?post=45024"}],"curies":[{"name":"wp","href":"https:\/\/api.w.org\/{rel}","templated":true}]}}