{"id":45031,"date":"2023-05-12T11:20:04","date_gmt":"2023-05-12T08:20:04","guid":{"rendered":"https:\/\/exlibris.ee\/toode\/erste-hilfe-deutsch-schreibubungen\/"},"modified":"2026-04-13T05:38:00","modified_gmt":"2026-04-13T02:38:00","slug":"erste-hilfe-deutsch-schreibubungen","status":"publish","type":"product","link":"https:\/\/exlibris.ee\/ru\/produkt\/erste-hilfe-deutsch-schreibubungen\/","title":{"rendered":"Erste Hilfe Deutsch  Schreib\u00fcbungen"},"content":{"rendered":"<p>Zielgruppe: Lernende der Niveaustufe A2 im Alter von 14-18 Jahren Sascha und Anna haben eine Wohngemeinschaft in Berlin. Ihr Nachbar Nic ist in die impulsive Sascha verknallt, sie will aber nichts von ihm wissen. Anna, die eher sch\u00fcchtern und zur\u00fcckhaltend ist, findet Nic wiederum toll, doch der nimmt gar keine Notiz von ihr. Als der lebenslustige Amerikaner Sam auftaucht, wird das Leben der drei Freunde auf den Kopf gestellt. Sam beherrscht die deutsche Sprache zun\u00e4chst nur sehr bruchst\u00fcckhaft: Seine Versuche, seine Umgebung zu verstehen und selbst verstanden zu werden, liefern die zentrale Dynamik f\u00fcr die Serie und ihre Lerninhalte. Die Drehb\u00fccher von extr@ sind sorgf\u00e4ltig geschrieben, um die Sprache einfach und f\u00fcr alle Lern-Niveaus zug\u00e4nglich zu machen. Sie decken den wichtigsten Wortschatz und die wichtigsten Strukturen der deutschen Sprache ab. Kombiniert mit Witz, starken Identifikationsfiguren und einer gro\u00dfz\u00fcgigen Dosis Situationskomik sprechen Stil und Geschichten von extr@ die Lernenden sofort an. Vertrieb \u00fcber den Hueber Verlag in alle L\u00e4nder au\u00dfer Gro\u00dfbritannien.<\/p>\n","protected":false},"excerpt":{"rendered":"<p>Zielgruppe: Lernende der Niveaustufe A2 im Alter von 14-18 Jahren Sascha und Anna haben eine Wohngemeinschaft in Berlin. Ihr Nachbar Nic ist in die impulsive Sascha verknallt, sie will aber nichts von ihm wissen. Anna, die eher sch\u00fcchtern und zur\u00fcckhaltend&#8230;<\/p>\n","protected":false},"featured_media":57244,"template":"","meta":{"_acf_changed":false,"inline_featured_image":false},"product_brand":[],"product_cat":[538],"product_tag":[],"series":[{"id":1011,"name":"Erste Hilfe Deutsch","slug":"erste-hilfe-deutsch"}],"publisher":[{"id":497,"name":"Hueber Verlag","slug":"hueber-verlag"}],"class_list":{"0":"post-45031","1":"product","2":"type-product","3":"status-publish","4":"has-post-thumbnail","6":"product_cat-lehrwerke-fur-erwachsene","7":"series-erste-hilfe-deutsch","8":"publisher-hueber-verlag","10":"first","11":"instock","12":"taxable","13":"shipping-taxable","14":"purchasable","15":"product-type-simple"},"acf":[],"_links":{"self":[{"href":"https:\/\/exlibris.ee\/ru\/wp-json\/wp\/v2\/product\/45031","targetHints":{"allow":["GET"]}}],"collection":[{"href":"https:\/\/exlibris.ee\/ru\/wp-json\/wp\/v2\/product"}],"about":[{"href":"https:\/\/exlibris.ee\/ru\/wp-json\/wp\/v2\/types\/product"}],"wp:featuredmedia":[{"embeddable":true,"href":"https:\/\/exlibris.ee\/ru\/wp-json\/wp\/v2\/media\/57244"}],"wp:attachment":[{"href":"https:\/\/exlibris.ee\/ru\/wp-json\/wp\/v2\/media?parent=45031"}],"wp:term":[{"taxonomy":"product_brand","embeddable":true,"href":"https:\/\/exlibris.ee\/ru\/wp-json\/wp\/v2\/product_brand?post=45031"},{"taxonomy":"product_cat","embeddable":true,"href":"https:\/\/exlibris.ee\/ru\/wp-json\/wp\/v2\/product_cat?post=45031"},{"taxonomy":"product_tag","embeddable":true,"href":"https:\/\/exlibris.ee\/ru\/wp-json\/wp\/v2\/product_tag?post=45031"},{"taxonomy":"series","embeddable":true,"href":"https:\/\/exlibris.ee\/ru\/wp-json\/wp\/v2\/series?post=45031"},{"taxonomy":"publisher","embeddable":true,"href":"https:\/\/exlibris.ee\/ru\/wp-json\/wp\/v2\/publisher?post=45031"}],"curies":[{"name":"wp","href":"https:\/\/api.w.org\/{rel}","templated":true}]}}