{"id":45033,"date":"2023-05-12T11:20:04","date_gmt":"2023-05-12T08:20:04","guid":{"rendered":"https:\/\/exlibris.ee\/toode\/akademie-deutsch-b2-intensivlehrwerk-interaktive-version\/"},"modified":"2026-04-18T15:44:51","modified_gmt":"2026-04-18T12:44:51","slug":"akademie-deutsch-b2-intensivlehrwerk-interaktive-version","status":"publish","type":"product","link":"https:\/\/exlibris.ee\/ru\/produkt\/akademie-deutsch-b2-intensivlehrwerk-interaktive-version\/","title":{"rendered":"Akademie Deutsch B2+  Intensivlehrwerk &#8212; Interaktive Version"},"content":{"rendered":"<p>&#171;Akademie Deutsch ist ein Intensivlehrwerk f\u00fcr lerngewohnte Erwachsene, akademisch gepr\u00e4gte Lerner:innen, Studienbewerber:innen, Studienkollegs und Studierende, die ein Studium oder eine qualifizierte berufliche T\u00e4tigkeit im deutschsprachigen Raum anstreben. Akademie Deutsch B2+ \u2013 Interaktive Version digitalisiertes Kursbuch mit integrierten Audiodateien und interaktiven \u00dcbungen \u2022 digitale Version f\u00fcr Whiteboard, PC und Tablet (Zugang \u00fcber Online-Lernplattformen) \u2022 zielt auf eine autonome Sprachverwendung in Alltag, Studium und Beruf ab \u2022 f\u00fchrt schnell und zielorientiert zur Niveaustufe B2+ \u2022 vertieft dabei insbesondere Strukturen und produktive Elemente \u2022 ber\u00fccksichtigt neben den Fertigkeiten des Gemeinsamen Europ\u00e4ischen Referenzrahmens auch die Anforderungen akademischer Zugangspr\u00fcfungen \u2022 praxiserprobt in Intensivkursen f\u00fcr Studienbewerber:innen und Studierende \u2022 unterschiedliche methodische Ans\u00e4tze unterst\u00fctzen die verschiedenen Lerntypen \u2022 steile Grammatikprogression mit hohem Vertiefungsgrad \u2022 vielf\u00e4ltiges, abwechslungsreiches Aufgaben- und \u00dcbungsangebot zu allen Fertigkeiten sowie zu pr\u00fcfungsrelevanten Strukturen.<\/p>\n","protected":false},"excerpt":{"rendered":"<p>&#171;Akademie Deutsch ist ein Intensivlehrwerk f\u00fcr lerngewohnte Erwachsene, akademisch gepr\u00e4gte Lerner:innen, Studienbewerber:innen, Studienkollegs und Studierende, die ein Studium oder eine qualifizierte berufliche T\u00e4tigkeit im deutschsprachigen Raum anstreben. Akademie Deutsch B2+ \u2013 Interaktive Version digitalisiertes Kursbuch mit integrierten Audiodateien und interaktiven&#8230;<\/p>\n","protected":false},"featured_media":57499,"template":"","meta":{"_acf_changed":false,"inline_featured_image":false},"product_brand":[],"product_cat":[538],"product_tag":[],"series":[{"id":1001,"name":"Akademie Deutsch B2+","slug":"akademie-deutsch-b2"}],"publisher":[{"id":497,"name":"Hueber Verlag","slug":"hueber-verlag"}],"class_list":{"0":"post-45033","1":"product","2":"type-product","3":"status-publish","4":"has-post-thumbnail","6":"product_cat-lehrwerke-fur-erwachsene","7":"series-akademie-deutsch-b2","8":"publisher-hueber-verlag","10":"first","11":"onbackorder","12":"taxable","13":"shipping-taxable","14":"purchasable","15":"product-type-simple"},"acf":[],"_links":{"self":[{"href":"https:\/\/exlibris.ee\/ru\/wp-json\/wp\/v2\/product\/45033","targetHints":{"allow":["GET"]}}],"collection":[{"href":"https:\/\/exlibris.ee\/ru\/wp-json\/wp\/v2\/product"}],"about":[{"href":"https:\/\/exlibris.ee\/ru\/wp-json\/wp\/v2\/types\/product"}],"wp:featuredmedia":[{"embeddable":true,"href":"https:\/\/exlibris.ee\/ru\/wp-json\/wp\/v2\/media\/57499"}],"wp:attachment":[{"href":"https:\/\/exlibris.ee\/ru\/wp-json\/wp\/v2\/media?parent=45033"}],"wp:term":[{"taxonomy":"product_brand","embeddable":true,"href":"https:\/\/exlibris.ee\/ru\/wp-json\/wp\/v2\/product_brand?post=45033"},{"taxonomy":"product_cat","embeddable":true,"href":"https:\/\/exlibris.ee\/ru\/wp-json\/wp\/v2\/product_cat?post=45033"},{"taxonomy":"product_tag","embeddable":true,"href":"https:\/\/exlibris.ee\/ru\/wp-json\/wp\/v2\/product_tag?post=45033"},{"taxonomy":"series","embeddable":true,"href":"https:\/\/exlibris.ee\/ru\/wp-json\/wp\/v2\/series?post=45033"},{"taxonomy":"publisher","embeddable":true,"href":"https:\/\/exlibris.ee\/ru\/wp-json\/wp\/v2\/publisher?post=45033"}],"curies":[{"name":"wp","href":"https:\/\/api.w.org\/{rel}","templated":true}]}}