{"id":45051,"date":"2023-05-12T11:20:08","date_gmt":"2023-05-12T08:20:08","guid":{"rendered":"https:\/\/exlibris.ee\/toode\/erste-schritte-plus-neu-einstiegskurs-audio-cd\/"},"modified":"2026-04-14T19:30:50","modified_gmt":"2026-04-14T16:30:50","slug":"erste-schritte-plus-neu-einstiegskurs-audio-cd","status":"publish","type":"product","link":"https:\/\/exlibris.ee\/ru\/produkt\/erste-schritte-plus-neu-einstiegskurs-audio-cd\/","title":{"rendered":"Erste Schritte plus Neu Einstiegskurs  Audio-CD"},"content":{"rendered":"<p>In der interaktiven Version sind alle H\u00f6rdateien direkt bei der jeweiligen Aufgabe abrufbar. Das DSD I PRO ist eine berufssprachliche Variante der Pr\u00fcfung DSD I. Die Pr\u00fcfung wird in Deutschland und an einigen Schulen im Ausland abgenommen und wird von der Zentralstelle f\u00fcr das Auslandsschulwesen entwickelt und angeboten. Zielgruppe: Das Buch wendet sich an Jugendliche auf dem Niveau A2 -B1, die sich gezielt auf die Pr\u00fcfung Deutsches Sprachdiplom I PRO vorbereiten m\u00f6chten. Entsprechende Sprachkenntnisse werden vorausgesetzt. Die Lerner werden Schritt f\u00fcr Schritt in allen vier Fertigkeiten auf die Pr\u00fcfungsaufgaben vorbereitet \u2013 ein Schwerpunkt ist dabei das ausf\u00fchrliche Schreibtraining. Wertvolle Tipps zeigen den Lernern Strategien auf, um die Pr\u00fcfung leichter zu bestehen. Dazu gibt es weitere Aufgaben im Testformat. Modelltests nach jeder Niveaustufe schlie\u00dfen die Pr\u00fcfungsvorbereitung ab. Die Audiodateien und L\u00f6sungen stehen auch als kostenfreier Download im Lehrwerkservice zur Verf\u00fcgung.<\/p>\n","protected":false},"excerpt":{"rendered":"<p>In der interaktiven Version sind alle H\u00f6rdateien direkt bei der jeweiligen Aufgabe abrufbar. Das DSD I PRO ist eine berufssprachliche Variante der Pr\u00fcfung DSD I. Die Pr\u00fcfung wird in Deutschland und an einigen Schulen im Ausland abgenommen und wird von&#8230;<\/p>\n","protected":false},"featured_media":57097,"template":"","meta":{"_acf_changed":false,"inline_featured_image":false},"product_brand":[],"product_cat":[538],"product_tag":[],"series":[{"id":1017,"name":"Erste Schritte plus","slug":"erste-schritte-plus"}],"publisher":[{"id":497,"name":"Hueber Verlag","slug":"hueber-verlag"}],"class_list":{"0":"post-45051","1":"product","2":"type-product","3":"status-publish","4":"has-post-thumbnail","6":"product_cat-lehrwerke-fur-erwachsene","7":"series-erste-schritte-plus","8":"publisher-hueber-verlag","10":"first","11":"onbackorder","12":"taxable","13":"shipping-taxable","14":"purchasable","15":"product-type-simple"},"acf":[],"_links":{"self":[{"href":"https:\/\/exlibris.ee\/ru\/wp-json\/wp\/v2\/product\/45051","targetHints":{"allow":["GET"]}}],"collection":[{"href":"https:\/\/exlibris.ee\/ru\/wp-json\/wp\/v2\/product"}],"about":[{"href":"https:\/\/exlibris.ee\/ru\/wp-json\/wp\/v2\/types\/product"}],"wp:featuredmedia":[{"embeddable":true,"href":"https:\/\/exlibris.ee\/ru\/wp-json\/wp\/v2\/media\/57097"}],"wp:attachment":[{"href":"https:\/\/exlibris.ee\/ru\/wp-json\/wp\/v2\/media?parent=45051"}],"wp:term":[{"taxonomy":"product_brand","embeddable":true,"href":"https:\/\/exlibris.ee\/ru\/wp-json\/wp\/v2\/product_brand?post=45051"},{"taxonomy":"product_cat","embeddable":true,"href":"https:\/\/exlibris.ee\/ru\/wp-json\/wp\/v2\/product_cat?post=45051"},{"taxonomy":"product_tag","embeddable":true,"href":"https:\/\/exlibris.ee\/ru\/wp-json\/wp\/v2\/product_tag?post=45051"},{"taxonomy":"series","embeddable":true,"href":"https:\/\/exlibris.ee\/ru\/wp-json\/wp\/v2\/series?post=45051"},{"taxonomy":"publisher","embeddable":true,"href":"https:\/\/exlibris.ee\/ru\/wp-json\/wp\/v2\/publisher?post=45051"}],"curies":[{"name":"wp","href":"https:\/\/api.w.org\/{rel}","templated":true}]}}