{"id":45056,"date":"2023-05-12T11:20:09","date_gmt":"2023-05-12T08:20:09","guid":{"rendered":"https:\/\/exlibris.ee\/toode\/das-aktuelle-grammatikstudio-a1-animationen-der-deutschen-grammatik-digitales-videopaket\/"},"modified":"2026-04-15T13:42:14","modified_gmt":"2026-04-15T10:42:14","slug":"das-aktuelle-grammatikstudio-a1-animationen-der-deutschen-grammatik-digitales-videopaket","status":"publish","type":"product","link":"https:\/\/exlibris.ee\/ru\/produkt\/das-aktuelle-grammatikstudio-a1-animationen-der-deutschen-grammatik-digitales-videopaket\/","title":{"rendered":"Das Aktuelle Grammatikstudio A1  Animationen der deutschen Grammatik \/ Digitales Videopaket"},"content":{"rendered":"<p>Zielgruppe: Jugendliche und erwachsene Lernende. Das Aktuelle Grammatikstudio ist f\u00fcr die Niveaustufen A1, A2, B1 und B2 erh\u00e4ltlich. Themen A1: Reflexive Verben, Verb &#171;lassen&#187;, Modalverben, Syntax, Lokale Pr\u00e4positionen, Temporale Pr\u00e4positionen, Tempus Das Aktuelle Grammatikstudio A1 pr\u00e4sentiert innovative, leicht verst\u00e4ndliche Video-Animationen der deutschen Grammatik mit Hilfe unterschiedlicher Sportarten. Es visualisiert alle wesentlichen Grammatikph\u00e4nomene des A1-Niveaus und kommt ohne Ton aus. Die Videos stehen auf der Medienplattform Hueber interaktiv bereit. Die Animationen eignen sich wegen ihrer Transparenz, Kleinschrittigkeit und Mobilit\u00e4t f\u00fcr das selbst\u00e4ndige Lernen genauso wie f\u00fcr einen abwechslungsreichen, motivierenden Unterricht (zum Beispiel auch auf interaktiven Whiteboards). Besonders wirkungsvoll sind sie als Begleitung des Sprachunterrichts, zur Wiederholung der Grammatik und zur Verbesserung der Grammatikkompetenzen. Das Grammatikstudio orientiert sich an der einschl\u00e4gigen Forschung der Kognitiven Grammatik, einem neuen Ansatz, der den Gebrauch der Sprache, ihre Bedeutungs- und Formbez\u00fcge und ihre Bildhaftigkeit zum Gegenstand hat, und damit auch angewandte Landeskunde verbindet. Forschungsarbeiten belegen die hohe Effizienz und signifikant erh\u00f6hte Nachhaltigkeit des Ansatzes und eine bemerkenswerte hohe Beliebtheit bei Lernern.<\/p>\n","protected":false},"excerpt":{"rendered":"<p>Zielgruppe: Jugendliche und erwachsene Lernende. Das Aktuelle Grammatikstudio ist f\u00fcr die Niveaustufen A1, A2, B1 und B2 erh\u00e4ltlich. Themen A1: Reflexive Verben, Verb &#171;lassen&#187;, Modalverben, Syntax, Lokale Pr\u00e4positionen, Temporale Pr\u00e4positionen, Tempus Das Aktuelle Grammatikstudio A1 pr\u00e4sentiert innovative, leicht verst\u00e4ndliche Video-Animationen&#8230;<\/p>\n","protected":false},"featured_media":57634,"template":"","meta":{"_acf_changed":false,"inline_featured_image":false},"product_brand":[],"product_cat":[480],"product_tag":[],"series":[{"id":1020,"name":"Das Aktuelle Grammatikstudio","slug":"das-aktuelle-grammatikstudio"}],"publisher":[{"id":497,"name":"Hueber Verlag","slug":"hueber-verlag"}],"class_list":{"0":"post-45056","1":"product","2":"type-product","3":"status-publish","4":"has-post-thumbnail","6":"product_cat-grammatiken","7":"series-das-aktuelle-grammatikstudio","8":"publisher-hueber-verlag","10":"first","11":"onbackorder","12":"taxable","13":"shipping-taxable","14":"purchasable","15":"product-type-simple"},"acf":[],"_links":{"self":[{"href":"https:\/\/exlibris.ee\/ru\/wp-json\/wp\/v2\/product\/45056","targetHints":{"allow":["GET"]}}],"collection":[{"href":"https:\/\/exlibris.ee\/ru\/wp-json\/wp\/v2\/product"}],"about":[{"href":"https:\/\/exlibris.ee\/ru\/wp-json\/wp\/v2\/types\/product"}],"wp:featuredmedia":[{"embeddable":true,"href":"https:\/\/exlibris.ee\/ru\/wp-json\/wp\/v2\/media\/57634"}],"wp:attachment":[{"href":"https:\/\/exlibris.ee\/ru\/wp-json\/wp\/v2\/media?parent=45056"}],"wp:term":[{"taxonomy":"product_brand","embeddable":true,"href":"https:\/\/exlibris.ee\/ru\/wp-json\/wp\/v2\/product_brand?post=45056"},{"taxonomy":"product_cat","embeddable":true,"href":"https:\/\/exlibris.ee\/ru\/wp-json\/wp\/v2\/product_cat?post=45056"},{"taxonomy":"product_tag","embeddable":true,"href":"https:\/\/exlibris.ee\/ru\/wp-json\/wp\/v2\/product_tag?post=45056"},{"taxonomy":"series","embeddable":true,"href":"https:\/\/exlibris.ee\/ru\/wp-json\/wp\/v2\/series?post=45056"},{"taxonomy":"publisher","embeddable":true,"href":"https:\/\/exlibris.ee\/ru\/wp-json\/wp\/v2\/publisher?post=45056"}],"curies":[{"name":"wp","href":"https:\/\/api.w.org\/{rel}","templated":true}]}}