{"id":45063,"date":"2023-05-12T11:20:10","date_gmt":"2023-05-12T08:20:10","guid":{"rendered":"https:\/\/exlibris.ee\/toode\/delfin-lehrbuch-arbeitsbuch-teil-3-mit-integrierter-audio-cd-lektionen-15-20\/"},"modified":"2026-04-13T05:38:06","modified_gmt":"2026-04-13T02:38:06","slug":"delfin-lehrbuch-arbeitsbuch-teil-3-mit-integrierter-audio-cd-lektionen-15-20","status":"publish","type":"product","link":"https:\/\/exlibris.ee\/ru\/produkt\/delfin-lehrbuch-arbeitsbuch-teil-3-mit-integrierter-audio-cd-lektionen-15-20\/","title":{"rendered":"Delfin   \/ Lehrbuch + Arbeitsbuch Teil 3 mit integrierter Audio-CD \u2013 Lektionen 15\u201320"},"content":{"rendered":"<p>Die dreib\u00e4ndige Ausgabe von dem Lehrwerk Delfin Teil 2 f\u00fchrt zum Niveau A2. Zusatzmaterialien wie Audio-CDs, L\u00f6sungen zum Arbeitsbuch, Glossare und Lehrerhandbuch siehe Delfin &#8212; Einb\u00e4ndige Ausgabe.<\/p>\n","protected":false},"excerpt":{"rendered":"<p>Die dreib\u00e4ndige Ausgabe von dem Lehrwerk Delfin Teil 2 f\u00fchrt zum Niveau A2. Zusatzmaterialien wie Audio-CDs, L\u00f6sungen zum Arbeitsbuch, Glossare und Lehrerhandbuch siehe Delfin &#8212; Einb\u00e4ndige Ausgabe.<\/p>\n","protected":false},"featured_media":0,"template":"","meta":{"_acf_changed":false,"inline_featured_image":false},"product_brand":[],"product_cat":[897],"product_tag":[],"series":[{"id":945,"name":"Delfin","slug":"delfin"}],"publisher":[{"id":497,"name":"Hueber Verlag","slug":"hueber-verlag"}],"class_list":{"0":"post-45063","1":"product","2":"type-product","3":"status-publish","5":"product_cat-keeleope-leiunurk","6":"series-delfin","7":"publisher-hueber-verlag","9":"first","10":"instock","11":"taxable","12":"shipping-taxable","13":"purchasable","14":"product-type-simple"},"acf":[],"_links":{"self":[{"href":"https:\/\/exlibris.ee\/ru\/wp-json\/wp\/v2\/product\/45063","targetHints":{"allow":["GET"]}}],"collection":[{"href":"https:\/\/exlibris.ee\/ru\/wp-json\/wp\/v2\/product"}],"about":[{"href":"https:\/\/exlibris.ee\/ru\/wp-json\/wp\/v2\/types\/product"}],"wp:attachment":[{"href":"https:\/\/exlibris.ee\/ru\/wp-json\/wp\/v2\/media?parent=45063"}],"wp:term":[{"taxonomy":"product_brand","embeddable":true,"href":"https:\/\/exlibris.ee\/ru\/wp-json\/wp\/v2\/product_brand?post=45063"},{"taxonomy":"product_cat","embeddable":true,"href":"https:\/\/exlibris.ee\/ru\/wp-json\/wp\/v2\/product_cat?post=45063"},{"taxonomy":"product_tag","embeddable":true,"href":"https:\/\/exlibris.ee\/ru\/wp-json\/wp\/v2\/product_tag?post=45063"},{"taxonomy":"series","embeddable":true,"href":"https:\/\/exlibris.ee\/ru\/wp-json\/wp\/v2\/series?post=45063"},{"taxonomy":"publisher","embeddable":true,"href":"https:\/\/exlibris.ee\/ru\/wp-json\/wp\/v2\/publisher?post=45063"}],"curies":[{"name":"wp","href":"https:\/\/api.w.org\/{rel}","templated":true}]}}