{"id":45066,"date":"2023-05-12T11:20:10","date_gmt":"2023-05-12T08:20:10","guid":{"rendered":"https:\/\/exlibris.ee\/toode\/beste-freunde-a1-1-interaktives-kursbuch-fur-whiteboard-und-beamer-dvd-rom\/"},"modified":"2026-04-13T05:38:07","modified_gmt":"2026-04-13T02:38:07","slug":"beste-freunde-a1-1-interaktives-kursbuch-fur-whiteboard-und-beamer-dvd-rom","status":"publish","type":"product","link":"https:\/\/exlibris.ee\/ru\/produkt\/beste-freunde-a1-1-interaktives-kursbuch-fur-whiteboard-und-beamer-dvd-rom\/","title":{"rendered":"Beste Freunde A1.1   \/ Interaktives Kursbuch f\u00fcr Whiteboard und Beamer \u2013 DVD-ROM"},"content":{"rendered":"<p>Interaktives Kursbuch f\u00fcr Whiteboard und Beamer f\u00fcr eine einfache und unkomplizierte Nutzung im Unterricht. Das interaktive Kursbuch f\u00fcr den Unterricht enth\u00e4lt: &#8212; das gesamte digitalisierte Kursbuch Beste Freunde A1.1 &#8212; die \u00dcbungen zur selbstentdeckende Grammatik des Arbeitsbuchs Beste Freunde A1.1 &#8212; integrierte Audiodateien &#8212; interaktive \u00dcbungen mit Feedbackfunktion und Whiteboard-Werkzeugen (Stift, Marker \u2026).<\/p>\n","protected":false},"excerpt":{"rendered":"<p>Interaktives Kursbuch f\u00fcr Whiteboard und Beamer f\u00fcr eine einfache und unkomplizierte Nutzung im Unterricht. Das interaktive Kursbuch f\u00fcr den Unterricht enth\u00e4lt: &#8212; das gesamte digitalisierte Kursbuch Beste Freunde A1.1 &#8212; die \u00dcbungen zur selbstentdeckende Grammatik des Arbeitsbuchs Beste Freunde A1.1&#8230;<\/p>\n","protected":false},"featured_media":57691,"template":"","meta":{"_acf_changed":false,"inline_featured_image":false},"product_brand":[],"product_cat":[477],"product_tag":[],"series":[{"id":582,"name":"Beste Freunde A1.1","slug":"beste-freunde-a1-1"}],"publisher":[{"id":497,"name":"Hueber Verlag","slug":"hueber-verlag"}],"class_list":{"0":"post-45066","1":"product","2":"type-product","3":"status-publish","4":"has-post-thumbnail","6":"product_cat-lehrwerke-fur-jugendliche","7":"series-beste-freunde-a1-1","8":"publisher-hueber-verlag","10":"first","11":"onbackorder","12":"taxable","13":"shipping-taxable","14":"purchasable","15":"product-type-simple"},"acf":[],"_links":{"self":[{"href":"https:\/\/exlibris.ee\/ru\/wp-json\/wp\/v2\/product\/45066","targetHints":{"allow":["GET"]}}],"collection":[{"href":"https:\/\/exlibris.ee\/ru\/wp-json\/wp\/v2\/product"}],"about":[{"href":"https:\/\/exlibris.ee\/ru\/wp-json\/wp\/v2\/types\/product"}],"wp:featuredmedia":[{"embeddable":true,"href":"https:\/\/exlibris.ee\/ru\/wp-json\/wp\/v2\/media\/57691"}],"wp:attachment":[{"href":"https:\/\/exlibris.ee\/ru\/wp-json\/wp\/v2\/media?parent=45066"}],"wp:term":[{"taxonomy":"product_brand","embeddable":true,"href":"https:\/\/exlibris.ee\/ru\/wp-json\/wp\/v2\/product_brand?post=45066"},{"taxonomy":"product_cat","embeddable":true,"href":"https:\/\/exlibris.ee\/ru\/wp-json\/wp\/v2\/product_cat?post=45066"},{"taxonomy":"product_tag","embeddable":true,"href":"https:\/\/exlibris.ee\/ru\/wp-json\/wp\/v2\/product_tag?post=45066"},{"taxonomy":"series","embeddable":true,"href":"https:\/\/exlibris.ee\/ru\/wp-json\/wp\/v2\/series?post=45066"},{"taxonomy":"publisher","embeddable":true,"href":"https:\/\/exlibris.ee\/ru\/wp-json\/wp\/v2\/publisher?post=45066"}],"curies":[{"name":"wp","href":"https:\/\/api.w.org\/{rel}","templated":true}]}}