{"id":45073,"date":"2023-05-12T11:20:12","date_gmt":"2023-05-12T08:20:12","guid":{"rendered":"https:\/\/exlibris.ee\/toode\/der-neue-mitbewohner-und-andere-geschichten-pdf-download\/"},"modified":"2026-05-03T10:00:21","modified_gmt":"2026-05-03T07:00:21","slug":"der-neue-mitbewohner-und-andere-geschichten-pdf-download","status":"publish","type":"product","link":"https:\/\/exlibris.ee\/ru\/produkt\/der-neue-mitbewohner-und-andere-geschichten-pdf-download\/","title":{"rendered":"Der neue Mitbewohner und andere Geschichten  PDF-Download"},"content":{"rendered":"<p>F\u00fcr erwachsene DaF-Lerner mit Grundkenntnissen auf der Niveaustufe A1, auch f\u00fcr Selbstlerner und als Zusatzmaterial in Integrationskursen Neun unterhaltsame Kurzgeschichten wie z. B. \u201eMitbewohner\u201c: Amadeo sucht ein neues Zuhause. So ein Gl\u00fcck, dass eine Freundin ihn Familie Vogel vorstellt, die ein gro\u00dfes Haus hat und manchmal auch Zimmer an Studenten vermietet. Die Familie findet Amadeo sympathisch und er kann bei ihnen einziehen. Das ist auch f\u00fcr Familie Vogel ein gro\u00dfes Gl\u00fcck, denn Amadeo ist ein unkomplizierter, ruhiger Mitbewohner, der zudem ein wunderbarer Zuh\u00f6rer ist und so zum engen Vertrauten vor allem von Herrn Vogel wird. Dessen Frau dagegen scheint sich zun\u00e4chst nicht allzu sehr f\u00fcr ihn zu interessieren, bis sie eines Abends mit einem Glas Wein in der Hand in sein Zimmer kommt. Sie scheint etwas auf dem Herzen zu haben, doch als sie Amadeo n\u00e4her kommt, steht pl\u00f6tzlich ihr Mann im Zimmer \u2026 &#8212; Das gesamte H\u00f6rbuch der Lekt\u00fcre und die Tracks zu den \u00dcbungen stehen als kostenloser MP3-Download zur Verf\u00fcgung. &#8212; F\u00fcr jedes Kapitel passende \u00dcbungen zum Lese- und H\u00f6rverstehen mit L\u00f6sungsschl\u00fcssel im Anhang.<\/p>\n","protected":false},"excerpt":{"rendered":"<p>F\u00fcr erwachsene DaF-Lerner mit Grundkenntnissen auf der Niveaustufe A1, auch f\u00fcr Selbstlerner und als Zusatzmaterial in Integrationskursen Neun unterhaltsame Kurzgeschichten wie z. B. \u201eMitbewohner\u201c: Amadeo sucht ein neues Zuhause. So ein Gl\u00fcck, dass eine Freundin ihn Familie Vogel vorstellt, die&#8230;<\/p>\n","protected":false},"featured_media":57736,"template":"","meta":{"_acf_changed":false,"inline_featured_image":false},"product_brand":[],"product_cat":[851],"product_tag":[],"series":[{"id":1009,"name":"Der neue Mitbewohner und andere Geschichten","slug":"der-neue-mitbewohner-und-andere-geschichten"}],"publisher":[{"id":497,"name":"Hueber Verlag","slug":"hueber-verlag"}],"class_list":{"0":"post-45073","1":"product","2":"type-product","3":"status-publish","4":"has-post-thumbnail","6":"product_cat-lesetexte-deutsch","7":"series-der-neue-mitbewohner-und-andere-geschichten","8":"publisher-hueber-verlag","10":"first","11":"onbackorder","12":"taxable","13":"shipping-taxable","14":"purchasable","15":"product-type-simple"},"acf":[],"_links":{"self":[{"href":"https:\/\/exlibris.ee\/ru\/wp-json\/wp\/v2\/product\/45073","targetHints":{"allow":["GET"]}}],"collection":[{"href":"https:\/\/exlibris.ee\/ru\/wp-json\/wp\/v2\/product"}],"about":[{"href":"https:\/\/exlibris.ee\/ru\/wp-json\/wp\/v2\/types\/product"}],"wp:featuredmedia":[{"embeddable":true,"href":"https:\/\/exlibris.ee\/ru\/wp-json\/wp\/v2\/media\/57736"}],"wp:attachment":[{"href":"https:\/\/exlibris.ee\/ru\/wp-json\/wp\/v2\/media?parent=45073"}],"wp:term":[{"taxonomy":"product_brand","embeddable":true,"href":"https:\/\/exlibris.ee\/ru\/wp-json\/wp\/v2\/product_brand?post=45073"},{"taxonomy":"product_cat","embeddable":true,"href":"https:\/\/exlibris.ee\/ru\/wp-json\/wp\/v2\/product_cat?post=45073"},{"taxonomy":"product_tag","embeddable":true,"href":"https:\/\/exlibris.ee\/ru\/wp-json\/wp\/v2\/product_tag?post=45073"},{"taxonomy":"series","embeddable":true,"href":"https:\/\/exlibris.ee\/ru\/wp-json\/wp\/v2\/series?post=45073"},{"taxonomy":"publisher","embeddable":true,"href":"https:\/\/exlibris.ee\/ru\/wp-json\/wp\/v2\/publisher?post=45073"}],"curies":[{"name":"wp","href":"https:\/\/api.w.org\/{rel}","templated":true}]}}