{"id":45078,"date":"2023-05-12T11:20:13","date_gmt":"2023-05-12T08:20:13","guid":{"rendered":"https:\/\/exlibris.ee\/toode\/erste-hilfe-deutsch-kursmaterial-fur-gefluchtete\/"},"modified":"2026-04-12T11:38:56","modified_gmt":"2026-04-12T08:38:56","slug":"erste-hilfe-deutsch-kursmaterial-fur-gefluchtete","status":"publish","type":"product","link":"https:\/\/exlibris.ee\/ru\/produkt\/erste-hilfe-deutsch-kursmaterial-fur-gefluchtete\/","title":{"rendered":"Erste Hilfe Deutsch  Kursmaterial f\u00fcr Gefl\u00fcchtete"},"content":{"rendered":"<p>Echte Lekt\u00fcre auf der Niveaustufe A1! Kurze, einfache S\u00e4tze lassen vor dem inneren Auge des Lesers einen Film erstehen \u2013 Menschen, die mit ihren Gef\u00fchlen, ihren Hoffnungen, ihren Tr\u00e4umen und Begehrlichkeiten aufeinander treffen und ihr gegenseitiges Schicksal beeinflussen. Die Hueber Lese-Novelas bieten echten Lesestoff auf einem denkbar einfachen sprachlichen Niveau: Lesespa\u00df, der nicht durch didaktische Ma\u00dfnahmen ged\u00e4mpft wird; das gro\u00dfartige Gef\u00fchl, schon auf dieser fr\u00fchen Stufe des Lernens authentische Lese-Erlebnisse genie\u00dfen zu k\u00f6nnen; die Chance, sich einfach von den Geschehnissen mitrei\u00dfen zu lassen und dabei schon fast zu vergessen, dass es sich um Lekt\u00fcre in der \u201eschwierigen\u201c Zielsprache handelt: Die Studentin Eva f\u00fchlt sich in Wien einsam. \u00dcber eine Kontaktb\u00f6rse im Internet lernt sie Arnold kennen. Arnold ist sehr aufmerksam und unterst\u00fctzt die mittellose Studentin gro\u00dfz\u00fcgig mit Geld. Allm\u00e4hlich beschleicht Eva aber das Gef\u00fchl, dass mit Arnold vielleicht etwas nicht ganz stimmt \u2026<\/p>\n","protected":false},"excerpt":{"rendered":"<p>Echte Lekt\u00fcre auf der Niveaustufe A1! Kurze, einfache S\u00e4tze lassen vor dem inneren Auge des Lesers einen Film erstehen \u2013 Menschen, die mit ihren Gef\u00fchlen, ihren Hoffnungen, ihren Tr\u00e4umen und Begehrlichkeiten aufeinander treffen und ihr gegenseitiges Schicksal beeinflussen. Die Hueber&#8230;<\/p>\n","protected":false},"featured_media":56185,"template":"","meta":{"_acf_changed":false,"inline_featured_image":false},"product_brand":[],"product_cat":[538],"product_tag":[],"series":[{"id":1011,"name":"Erste Hilfe Deutsch","slug":"erste-hilfe-deutsch"}],"publisher":[{"id":497,"name":"Hueber Verlag","slug":"hueber-verlag"}],"class_list":{"0":"post-45078","1":"product","2":"type-product","3":"status-publish","4":"has-post-thumbnail","6":"product_cat-lehrwerke-fur-erwachsene","7":"series-erste-hilfe-deutsch","8":"publisher-hueber-verlag","10":"first","11":"onbackorder","12":"taxable","13":"shipping-taxable","14":"purchasable","15":"product-type-simple"},"acf":[],"_links":{"self":[{"href":"https:\/\/exlibris.ee\/ru\/wp-json\/wp\/v2\/product\/45078","targetHints":{"allow":["GET"]}}],"collection":[{"href":"https:\/\/exlibris.ee\/ru\/wp-json\/wp\/v2\/product"}],"about":[{"href":"https:\/\/exlibris.ee\/ru\/wp-json\/wp\/v2\/types\/product"}],"wp:featuredmedia":[{"embeddable":true,"href":"https:\/\/exlibris.ee\/ru\/wp-json\/wp\/v2\/media\/56185"}],"wp:attachment":[{"href":"https:\/\/exlibris.ee\/ru\/wp-json\/wp\/v2\/media?parent=45078"}],"wp:term":[{"taxonomy":"product_brand","embeddable":true,"href":"https:\/\/exlibris.ee\/ru\/wp-json\/wp\/v2\/product_brand?post=45078"},{"taxonomy":"product_cat","embeddable":true,"href":"https:\/\/exlibris.ee\/ru\/wp-json\/wp\/v2\/product_cat?post=45078"},{"taxonomy":"product_tag","embeddable":true,"href":"https:\/\/exlibris.ee\/ru\/wp-json\/wp\/v2\/product_tag?post=45078"},{"taxonomy":"series","embeddable":true,"href":"https:\/\/exlibris.ee\/ru\/wp-json\/wp\/v2\/series?post=45078"},{"taxonomy":"publisher","embeddable":true,"href":"https:\/\/exlibris.ee\/ru\/wp-json\/wp\/v2\/publisher?post=45078"}],"curies":[{"name":"wp","href":"https:\/\/api.w.org\/{rel}","templated":true}]}}