{"id":45087,"date":"2023-05-12T11:20:14","date_gmt":"2023-05-12T08:20:14","guid":{"rendered":"https:\/\/exlibris.ee\/toode\/deutsch-ganz-leicht-a1-a-german-self-study-course-for-beginners-paket-textbuch-arbeitsbuch-2-audio-cds\/"},"modified":"2026-04-07T03:38:52","modified_gmt":"2026-04-07T00:38:52","slug":"deutsch-ganz-leicht-a1-a-german-self-study-course-for-beginners-paket-textbuch-arbeitsbuch-2-audio-cds","status":"publish","type":"product","link":"https:\/\/exlibris.ee\/ru\/produkt\/deutsch-ganz-leicht-a1-a-german-self-study-course-for-beginners-paket-textbuch-arbeitsbuch-2-audio-cds\/","title":{"rendered":"Deutsch ganz leicht A1    A German Self-Study Course for Beginners \/ Paket: Textbuch + Arbeitsbuch + 2 Audio-CDs"},"content":{"rendered":"<p>Der leichte Weg zu ersten Deutschkenntnissen: Die neue Reihe Deutsch ganz leicht A1 f\u00fchrt Anf\u00e4nger ohne oder mit geringen Vorkenntnissen Schritt f\u00fcr Schritt zum Niveau A1. Vier Personen begleiten den Lerner in zwei fortlaufenden Geschichten durch den Kurs und geben einen authentischen Einblick in ihr Privat- und Berufsleben. So k\u00f6nnen Alltagssituationen nach Absolvierung des Kurses problemlos gemeistert werden. Jeder Kurs besteht aus einem zweisprachigen Arbeitsbuch (Deutsch &#8212; Englisch) einem Textbuch und 2 Audio-CDs: &#8212; Das einsprachige Textbuch enth\u00e4lt die kompletten Dialoge der Audio-CDs mit \u00dcbungen und kurzen Anmerkungen zur Grammatik. &#8212; Das zweisprachige Arbeitsbuch (Deutsch &#8212; Englisch) f\u00fchrt den Lerner in seiner Muttersprache durch die Lektionen, die in wiederkehrende Rubriken aufgeteilt sind: Dialog mit \u00dcbungen &#8212; Grammatik, Neue W\u00f6rter, \u00dcbungen &#8212; Aussprache. &#8212; Die einsprachigen Audio-CDs enthalten die Dialoge, Texte und \u00dcbungen.<\/p>\n","protected":false},"excerpt":{"rendered":"<p>Der leichte Weg zu ersten Deutschkenntnissen: Die neue Reihe Deutsch ganz leicht A1 f\u00fchrt Anf\u00e4nger ohne oder mit geringen Vorkenntnissen Schritt f\u00fcr Schritt zum Niveau A1. Vier Personen begleiten den Lerner in zwei fortlaufenden Geschichten durch den Kurs und geben&#8230;<\/p>\n","protected":false},"featured_media":57847,"template":"","meta":{"_acf_changed":false,"inline_featured_image":false},"product_brand":[],"product_cat":[538],"product_tag":[],"series":[{"id":1027,"name":"Deutsch ganz leicht","slug":"deutsch-ganz-leicht"}],"publisher":[{"id":497,"name":"Hueber Verlag","slug":"hueber-verlag"}],"class_list":{"0":"post-45087","1":"product","2":"type-product","3":"status-publish","4":"has-post-thumbnail","6":"product_cat-lehrwerke-fur-erwachsene","7":"series-deutsch-ganz-leicht","8":"publisher-hueber-verlag","10":"first","11":"onbackorder","12":"taxable","13":"shipping-taxable","14":"purchasable","15":"product-type-simple"},"acf":[],"_links":{"self":[{"href":"https:\/\/exlibris.ee\/ru\/wp-json\/wp\/v2\/product\/45087","targetHints":{"allow":["GET"]}}],"collection":[{"href":"https:\/\/exlibris.ee\/ru\/wp-json\/wp\/v2\/product"}],"about":[{"href":"https:\/\/exlibris.ee\/ru\/wp-json\/wp\/v2\/types\/product"}],"wp:featuredmedia":[{"embeddable":true,"href":"https:\/\/exlibris.ee\/ru\/wp-json\/wp\/v2\/media\/57847"}],"wp:attachment":[{"href":"https:\/\/exlibris.ee\/ru\/wp-json\/wp\/v2\/media?parent=45087"}],"wp:term":[{"taxonomy":"product_brand","embeddable":true,"href":"https:\/\/exlibris.ee\/ru\/wp-json\/wp\/v2\/product_brand?post=45087"},{"taxonomy":"product_cat","embeddable":true,"href":"https:\/\/exlibris.ee\/ru\/wp-json\/wp\/v2\/product_cat?post=45087"},{"taxonomy":"product_tag","embeddable":true,"href":"https:\/\/exlibris.ee\/ru\/wp-json\/wp\/v2\/product_tag?post=45087"},{"taxonomy":"series","embeddable":true,"href":"https:\/\/exlibris.ee\/ru\/wp-json\/wp\/v2\/series?post=45087"},{"taxonomy":"publisher","embeddable":true,"href":"https:\/\/exlibris.ee\/ru\/wp-json\/wp\/v2\/publisher?post=45087"}],"curies":[{"name":"wp","href":"https:\/\/api.w.org\/{rel}","templated":true}]}}