{"id":45089,"date":"2023-05-12T11:20:16","date_gmt":"2023-05-12T08:20:16","guid":{"rendered":"https:\/\/exlibris.ee\/toode\/bergkristall-eine-weihnachtsgeschichte-nach-adalbert-stifter-leseheft\/"},"modified":"2026-04-07T03:38:53","modified_gmt":"2026-04-07T00:38:53","slug":"bergkristall-eine-weihnachtsgeschichte-nach-adalbert-stifter-leseheft","status":"publish","type":"product","link":"https:\/\/exlibris.ee\/ru\/produkt\/bergkristall-eine-weihnachtsgeschichte-nach-adalbert-stifter-leseheft\/","title":{"rendered":"Bergkristall  Eine Weihnachtsgeschichte nach Adalbert Stifter \/ Leseheft"},"content":{"rendered":"<p>Wei\u00dfe Weihnachten? Nein, an diesem 24. Dezember liegt nur oben auf den hohen Bergen Schnee. Trotzdem freuen sich Konrad und sein Schwesterchen Sanna. Weil es so warm ist, d\u00fcrfen sie zu den Gro\u00dfeltern ins Nachbartal hin\u00fcberwandern. Am Abend wollen sie wieder zu Hause bei ihren Eltern sein, doch auf dem R\u00fcckweg schneit es pl\u00f6tzlich sehr stark. Schnell wird alles wei\u00df. Die Kinder k\u00f6nnen die Landschaft nicht mehr sehen und den Weg nicht mehr finden. Weiter und weiter steigen sie ins Gebirge hinauf, bis es rund um sie nur noch Eis und Schnee gibt. Stille Nacht, heilige Nacht \u2026 eiskalte Nacht. Wird es ihre letzte sein.<\/p>\n","protected":false},"excerpt":{"rendered":"<p>Wei\u00dfe Weihnachten? Nein, an diesem 24. Dezember liegt nur oben auf den hohen Bergen Schnee. Trotzdem freuen sich Konrad und sein Schwesterchen Sanna. Weil es so warm ist, d\u00fcrfen sie zu den Gro\u00dfeltern ins Nachbartal hin\u00fcberwandern. Am Abend wollen sie&#8230;<\/p>\n","protected":false},"featured_media":57862,"template":"","meta":{"_acf_changed":false,"inline_featured_image":false},"product_brand":[],"product_cat":[851],"product_tag":[],"series":[{"id":989,"name":"Bergkristall","slug":"bergkristall"}],"publisher":[{"id":497,"name":"Hueber Verlag","slug":"hueber-verlag"}],"class_list":{"0":"post-45089","1":"product","2":"type-product","3":"status-publish","4":"has-post-thumbnail","6":"product_cat-lesetexte-deutsch","7":"series-bergkristall","8":"publisher-hueber-verlag","10":"first","11":"onbackorder","12":"taxable","13":"shipping-taxable","14":"purchasable","15":"product-type-simple"},"acf":[],"_links":{"self":[{"href":"https:\/\/exlibris.ee\/ru\/wp-json\/wp\/v2\/product\/45089","targetHints":{"allow":["GET"]}}],"collection":[{"href":"https:\/\/exlibris.ee\/ru\/wp-json\/wp\/v2\/product"}],"about":[{"href":"https:\/\/exlibris.ee\/ru\/wp-json\/wp\/v2\/types\/product"}],"wp:featuredmedia":[{"embeddable":true,"href":"https:\/\/exlibris.ee\/ru\/wp-json\/wp\/v2\/media\/57862"}],"wp:attachment":[{"href":"https:\/\/exlibris.ee\/ru\/wp-json\/wp\/v2\/media?parent=45089"}],"wp:term":[{"taxonomy":"product_brand","embeddable":true,"href":"https:\/\/exlibris.ee\/ru\/wp-json\/wp\/v2\/product_brand?post=45089"},{"taxonomy":"product_cat","embeddable":true,"href":"https:\/\/exlibris.ee\/ru\/wp-json\/wp\/v2\/product_cat?post=45089"},{"taxonomy":"product_tag","embeddable":true,"href":"https:\/\/exlibris.ee\/ru\/wp-json\/wp\/v2\/product_tag?post=45089"},{"taxonomy":"series","embeddable":true,"href":"https:\/\/exlibris.ee\/ru\/wp-json\/wp\/v2\/series?post=45089"},{"taxonomy":"publisher","embeddable":true,"href":"https:\/\/exlibris.ee\/ru\/wp-json\/wp\/v2\/publisher?post=45089"}],"curies":[{"name":"wp","href":"https:\/\/api.w.org\/{rel}","templated":true}]}}