{"id":45090,"date":"2023-05-12T11:20:16","date_gmt":"2023-05-12T08:20:16","guid":{"rendered":"https:\/\/exlibris.ee\/toode\/em-neu-2008-hauptkurs-arbeitsbuch-mit-audio-cd\/"},"modified":"2026-04-23T05:57:54","modified_gmt":"2026-04-23T02:57:54","slug":"em-neu-2008-hauptkurs-arbeitsbuch-mit-audio-cd","status":"publish","type":"product","link":"https:\/\/exlibris.ee\/ru\/produkt\/em-neu-2008-hauptkurs-arbeitsbuch-mit-audio-cd\/","title":{"rendered":"em neu 2008 Hauptkurs  Arbeitsbuch mit Audio-CD"},"content":{"rendered":"<p>Das Arbeitsbuch enth\u00e4lt vertiefende \u00dcbungen zu Grammatik, Wortschatz, Fertigkeiten und Lerntechniken; Aussprachetraining; Lernkontrolle (nach den Kann-Beschreibungen des Europ\u00e4ischen Referenzrahmens). Die Audio-CD enth\u00e4lt alle H\u00f6rtexte zum Arbeitsbuch.<\/p>\n","protected":false},"excerpt":{"rendered":"<p>Das Arbeitsbuch enth\u00e4lt vertiefende \u00dcbungen zu Grammatik, Wortschatz, Fertigkeiten und Lerntechniken; Aussprachetraining; Lernkontrolle (nach den Kann-Beschreibungen des Europ\u00e4ischen Referenzrahmens). Die Audio-CD enth\u00e4lt alle H\u00f6rtexte zum Arbeitsbuch.<\/p>\n","protected":false},"featured_media":57922,"template":"","meta":{"_acf_changed":false,"inline_featured_image":false},"product_brand":[],"product_cat":[897],"product_tag":[],"series":[{"id":1029,"name":"em neu 2019","slug":"em-neu-2019"}],"publisher":[{"id":497,"name":"Hueber Verlag","slug":"hueber-verlag"}],"class_list":{"0":"post-45090","1":"product","2":"type-product","3":"status-publish","4":"has-post-thumbnail","6":"product_cat-keeleope-leiunurk","7":"series-em-neu-2019","8":"publisher-hueber-verlag","10":"first","11":"instock","12":"taxable","13":"shipping-taxable","14":"purchasable","15":"product-type-simple"},"acf":[],"_links":{"self":[{"href":"https:\/\/exlibris.ee\/ru\/wp-json\/wp\/v2\/product\/45090","targetHints":{"allow":["GET"]}}],"collection":[{"href":"https:\/\/exlibris.ee\/ru\/wp-json\/wp\/v2\/product"}],"about":[{"href":"https:\/\/exlibris.ee\/ru\/wp-json\/wp\/v2\/types\/product"}],"wp:featuredmedia":[{"embeddable":true,"href":"https:\/\/exlibris.ee\/ru\/wp-json\/wp\/v2\/media\/57922"}],"wp:attachment":[{"href":"https:\/\/exlibris.ee\/ru\/wp-json\/wp\/v2\/media?parent=45090"}],"wp:term":[{"taxonomy":"product_brand","embeddable":true,"href":"https:\/\/exlibris.ee\/ru\/wp-json\/wp\/v2\/product_brand?post=45090"},{"taxonomy":"product_cat","embeddable":true,"href":"https:\/\/exlibris.ee\/ru\/wp-json\/wp\/v2\/product_cat?post=45090"},{"taxonomy":"product_tag","embeddable":true,"href":"https:\/\/exlibris.ee\/ru\/wp-json\/wp\/v2\/product_tag?post=45090"},{"taxonomy":"series","embeddable":true,"href":"https:\/\/exlibris.ee\/ru\/wp-json\/wp\/v2\/series?post=45090"},{"taxonomy":"publisher","embeddable":true,"href":"https:\/\/exlibris.ee\/ru\/wp-json\/wp\/v2\/publisher?post=45090"}],"curies":[{"name":"wp","href":"https:\/\/api.w.org\/{rel}","templated":true}]}}