{"id":45095,"date":"2023-05-12T11:20:29","date_gmt":"2023-05-12T08:20:29","guid":{"rendered":"https:\/\/exlibris.ee\/toode\/eine-nacht-in-berlin-pdf-download\/"},"modified":"2026-04-20T09:47:21","modified_gmt":"2026-04-20T06:47:21","slug":"eine-nacht-in-berlin-pdf-download","status":"publish","type":"product","link":"https:\/\/exlibris.ee\/ru\/produkt\/eine-nacht-in-berlin-pdf-download\/","title":{"rendered":"Eine Nacht in Berlin  PDF-Download"},"content":{"rendered":"<p>Voraussetzung: em neu Hauptkurs ist f\u00fcr Lernende, die die Grundstufe erfolgreich abgeschlossen haben. Lernziel: Sprachbeherrschung auf der Niveaustufe B2. Zur Vorbereitung auf die entsprechenden Pr\u00fcfungen von Goethe-Institut, telc und \u00d6SD gibt es kostenlose Zusatzhefte bzw. Download-Materialien im Internet. Zusatzmaterialien zu weiteren B2-Pr\u00fcfungen sind in Vorbereitung. Die sechsb\u00e4ndige Ausgabe enth\u00e4lt jeweils eine Arbeitsbuch-CD. Die separaten Audio-CDs zum Kursbuch und das Lehrerhandbuch der dreib\u00e4ndigen Ausgabe passen auch zu dieser sechsb\u00e4ndigen Ausgabe.&#187;<\/p>\n","protected":false},"excerpt":{"rendered":"<p>Voraussetzung: em neu Hauptkurs ist f\u00fcr Lernende, die die Grundstufe erfolgreich abgeschlossen haben. Lernziel: Sprachbeherrschung auf der Niveaustufe B2. Zur Vorbereitung auf die entsprechenden Pr\u00fcfungen von Goethe-Institut, telc und \u00d6SD gibt es kostenlose Zusatzhefte bzw. Download-Materialien im Internet. Zusatzmaterialien zu&#8230;<\/p>\n","protected":false},"featured_media":57895,"template":"","meta":{"_acf_changed":false,"inline_featured_image":false},"product_brand":[],"product_cat":[851],"product_tag":[],"series":[{"id":1028,"name":"Eine Nacht in Berlin","slug":"eine-nacht-in-berlin"}],"publisher":[{"id":497,"name":"Hueber Verlag","slug":"hueber-verlag"}],"class_list":{"0":"post-45095","1":"product","2":"type-product","3":"status-publish","4":"has-post-thumbnail","6":"product_cat-lesetexte-deutsch","7":"series-eine-nacht-in-berlin","8":"publisher-hueber-verlag","10":"first","11":"onbackorder","12":"taxable","13":"shipping-taxable","14":"purchasable","15":"product-type-simple"},"acf":[],"_links":{"self":[{"href":"https:\/\/exlibris.ee\/ru\/wp-json\/wp\/v2\/product\/45095","targetHints":{"allow":["GET"]}}],"collection":[{"href":"https:\/\/exlibris.ee\/ru\/wp-json\/wp\/v2\/product"}],"about":[{"href":"https:\/\/exlibris.ee\/ru\/wp-json\/wp\/v2\/types\/product"}],"wp:featuredmedia":[{"embeddable":true,"href":"https:\/\/exlibris.ee\/ru\/wp-json\/wp\/v2\/media\/57895"}],"wp:attachment":[{"href":"https:\/\/exlibris.ee\/ru\/wp-json\/wp\/v2\/media?parent=45095"}],"wp:term":[{"taxonomy":"product_brand","embeddable":true,"href":"https:\/\/exlibris.ee\/ru\/wp-json\/wp\/v2\/product_brand?post=45095"},{"taxonomy":"product_cat","embeddable":true,"href":"https:\/\/exlibris.ee\/ru\/wp-json\/wp\/v2\/product_cat?post=45095"},{"taxonomy":"product_tag","embeddable":true,"href":"https:\/\/exlibris.ee\/ru\/wp-json\/wp\/v2\/product_tag?post=45095"},{"taxonomy":"series","embeddable":true,"href":"https:\/\/exlibris.ee\/ru\/wp-json\/wp\/v2\/series?post=45095"},{"taxonomy":"publisher","embeddable":true,"href":"https:\/\/exlibris.ee\/ru\/wp-json\/wp\/v2\/publisher?post=45095"}],"curies":[{"name":"wp","href":"https:\/\/api.w.org\/{rel}","templated":true}]}}