{"id":45105,"date":"2023-05-12T11:20:34","date_gmt":"2023-05-12T08:20:34","guid":{"rendered":"https:\/\/exlibris.ee\/toode\/deutsch-in-der-kita-griechisch-spanisch-polnisch-rumanisch-pdf-mp3-download\/"},"modified":"2026-04-23T05:57:58","modified_gmt":"2026-04-23T02:57:58","slug":"deutsch-in-der-kita-griechisch-spanisch-polnisch-rumanisch-pdf-mp3-download","status":"publish","type":"product","link":"https:\/\/exlibris.ee\/ru\/produkt\/deutsch-in-der-kita-griechisch-spanisch-polnisch-rumanisch-pdf-mp3-download\/","title":{"rendered":"Deutsch in der Kita  Griechisch, Spanisch, Polnisch, Rum\u00e4nisch \/ PDF\/MP3-Download"},"content":{"rendered":"<p>Der handliche Berufssprachf\u00fchrer Deutsch in der Kita bietet die M\u00f6glichkeit, deutsche Vokabeln und Redemittel f\u00fcr typische Berufssituationen einzu\u00fcben oder sie schnell nachzuschlagen. Deutsch in der Kita wendet sich an polnische Muttersprachler und enth\u00e4lt neben den Redemitteln auch eine einsprachige Deutsch-Grammatik sowie ein kleines Fachw\u00f6rterbuch Deutsch mit phonetischen Transkribierungen und \u00dcbersetzungen. Inklusive MP3-Download, der alle S\u00e4tze vertont in Deutsch und als \u00dcbersetzung bereitstellt. Behandelte Themen: &#8212; Mit Kollegen und Vorgesetzten sprechen &#8212; Mit Eltern sprechen &#8212; Die \u00dcbergabe &#8212; Mit Kindern sprechen &#8212; K\u00f6rperpflege und Hygiene &#8212; Unfall, Erste Hilfe und Gef\u00e4hrdung u. v. m.<\/p>\n","protected":false},"excerpt":{"rendered":"<p>Der handliche Berufssprachf\u00fchrer Deutsch in der Kita bietet die M\u00f6glichkeit, deutsche Vokabeln und Redemittel f\u00fcr typische Berufssituationen einzu\u00fcben oder sie schnell nachzuschlagen. Deutsch in der Kita wendet sich an polnische Muttersprachler und enth\u00e4lt neben den Redemitteln auch eine einsprachige Deutsch-Grammatik&#8230;<\/p>\n","protected":false},"featured_media":57970,"template":"","meta":{"_acf_changed":false,"inline_featured_image":false},"product_brand":[],"product_cat":[885],"product_tag":[],"series":[],"publisher":[{"id":497,"name":"Hueber Verlag","slug":"hueber-verlag"}],"class_list":{"0":"post-45105","1":"product","2":"type-product","3":"status-publish","4":"has-post-thumbnail","6":"product_cat-berufssprache","7":"publisher-hueber-verlag","9":"first","10":"onbackorder","11":"taxable","12":"shipping-taxable","13":"purchasable","14":"product-type-simple"},"acf":[],"_links":{"self":[{"href":"https:\/\/exlibris.ee\/ru\/wp-json\/wp\/v2\/product\/45105","targetHints":{"allow":["GET"]}}],"collection":[{"href":"https:\/\/exlibris.ee\/ru\/wp-json\/wp\/v2\/product"}],"about":[{"href":"https:\/\/exlibris.ee\/ru\/wp-json\/wp\/v2\/types\/product"}],"wp:featuredmedia":[{"embeddable":true,"href":"https:\/\/exlibris.ee\/ru\/wp-json\/wp\/v2\/media\/57970"}],"wp:attachment":[{"href":"https:\/\/exlibris.ee\/ru\/wp-json\/wp\/v2\/media?parent=45105"}],"wp:term":[{"taxonomy":"product_brand","embeddable":true,"href":"https:\/\/exlibris.ee\/ru\/wp-json\/wp\/v2\/product_brand?post=45105"},{"taxonomy":"product_cat","embeddable":true,"href":"https:\/\/exlibris.ee\/ru\/wp-json\/wp\/v2\/product_cat?post=45105"},{"taxonomy":"product_tag","embeddable":true,"href":"https:\/\/exlibris.ee\/ru\/wp-json\/wp\/v2\/product_tag?post=45105"},{"taxonomy":"series","embeddable":true,"href":"https:\/\/exlibris.ee\/ru\/wp-json\/wp\/v2\/series?post=45105"},{"taxonomy":"publisher","embeddable":true,"href":"https:\/\/exlibris.ee\/ru\/wp-json\/wp\/v2\/publisher?post=45105"}],"curies":[{"name":"wp","href":"https:\/\/api.w.org\/{rel}","templated":true}]}}