{"id":45113,"date":"2023-05-12T11:20:36","date_gmt":"2023-05-12T08:20:36","guid":{"rendered":"https:\/\/exlibris.ee\/toode\/em-neu-2008-hauptkurs-kursbuch-arbeitsbuch-lektion-6-10-mit-arbeitsbuch-audio-cd\/"},"modified":"2026-04-23T07:38:01","modified_gmt":"2026-04-23T04:38:01","slug":"em-neu-2008-hauptkurs-kursbuch-arbeitsbuch-lektion-6-10-mit-arbeitsbuch-audio-cd","status":"publish","type":"product","link":"https:\/\/exlibris.ee\/ru\/produkt\/em-neu-2008-hauptkurs-kursbuch-arbeitsbuch-lektion-6-10-mit-arbeitsbuch-audio-cd\/","title":{"rendered":"em neu 2008 Hauptkurs  Kursbuch + Arbeitsbuch, Lektion 6-10 mit Arbeitsbuch-Audio-CD"},"content":{"rendered":"<p>Der Einstiegskurs zu Schritte plus Neu f\u00fcr lernungewohnte Kursteilnehmer\/innen &#8212; besonders geeignet f\u00fcr Asylbewerberkurse und als Einstieg in Integrationskurse &#8212; sprachliche Vorbereitung auf einfache Alltagssituationen &#8212; erster Einblick in Wortschatz, Redemittel und Grammatik &#8212; strukturierter und systematischer Einstieg in die deutsche Sprache &#8212; macht mit g\u00e4ngigen Aufgaben- und \u00dcbungstypen vertraut &#8212; ansprechendes Layout mit vielen Fotos und Illustrationen &#8212; zus\u00e4tzliches Trainingsbuch f\u00fcr die selbst\u00e4ndige Arbeit zu Hause &#8212; alle H\u00f6rtexte sind inkludiert.<\/p>\n","protected":false},"excerpt":{"rendered":"<p>Der Einstiegskurs zu Schritte plus Neu f\u00fcr lernungewohnte Kursteilnehmer\/innen &#8212; besonders geeignet f\u00fcr Asylbewerberkurse und als Einstieg in Integrationskurse &#8212; sprachliche Vorbereitung auf einfache Alltagssituationen &#8212; erster Einblick in Wortschatz, Redemittel und Grammatik &#8212; strukturierter und systematischer Einstieg in die&#8230;<\/p>\n","protected":false},"featured_media":57754,"template":"","meta":{"_acf_changed":false,"inline_featured_image":false},"product_brand":[],"product_cat":[897],"product_tag":[],"series":[{"id":1039,"name":"em neu 2022","slug":"em-neu-2022"}],"publisher":[{"id":497,"name":"Hueber Verlag","slug":"hueber-verlag"}],"class_list":{"0":"post-45113","1":"product","2":"type-product","3":"status-publish","4":"has-post-thumbnail","6":"product_cat-keeleope-leiunurk","7":"series-em-neu-2022","8":"publisher-hueber-verlag","10":"first","11":"instock","12":"taxable","13":"shipping-taxable","14":"purchasable","15":"product-type-simple"},"acf":[],"_links":{"self":[{"href":"https:\/\/exlibris.ee\/ru\/wp-json\/wp\/v2\/product\/45113","targetHints":{"allow":["GET"]}}],"collection":[{"href":"https:\/\/exlibris.ee\/ru\/wp-json\/wp\/v2\/product"}],"about":[{"href":"https:\/\/exlibris.ee\/ru\/wp-json\/wp\/v2\/types\/product"}],"wp:featuredmedia":[{"embeddable":true,"href":"https:\/\/exlibris.ee\/ru\/wp-json\/wp\/v2\/media\/57754"}],"wp:attachment":[{"href":"https:\/\/exlibris.ee\/ru\/wp-json\/wp\/v2\/media?parent=45113"}],"wp:term":[{"taxonomy":"product_brand","embeddable":true,"href":"https:\/\/exlibris.ee\/ru\/wp-json\/wp\/v2\/product_brand?post=45113"},{"taxonomy":"product_cat","embeddable":true,"href":"https:\/\/exlibris.ee\/ru\/wp-json\/wp\/v2\/product_cat?post=45113"},{"taxonomy":"product_tag","embeddable":true,"href":"https:\/\/exlibris.ee\/ru\/wp-json\/wp\/v2\/product_tag?post=45113"},{"taxonomy":"series","embeddable":true,"href":"https:\/\/exlibris.ee\/ru\/wp-json\/wp\/v2\/series?post=45113"},{"taxonomy":"publisher","embeddable":true,"href":"https:\/\/exlibris.ee\/ru\/wp-json\/wp\/v2\/publisher?post=45113"}],"curies":[{"name":"wp","href":"https:\/\/api.w.org\/{rel}","templated":true}]}}