{"id":45115,"date":"2023-05-12T11:20:36","date_gmt":"2023-05-12T08:20:36","guid":{"rendered":"https:\/\/exlibris.ee\/toode\/em-neu-2008-abschlusskurs-kursbuch-arbeitsbuch-lektion-6-10-mit-arbeitsbuch-audio-cd\/"},"modified":"2026-04-23T07:38:01","modified_gmt":"2026-04-23T04:38:01","slug":"em-neu-2008-abschlusskurs-kursbuch-arbeitsbuch-lektion-6-10-mit-arbeitsbuch-audio-cd","status":"publish","type":"product","link":"https:\/\/exlibris.ee\/ru\/produkt\/em-neu-2008-abschlusskurs-kursbuch-arbeitsbuch-lektion-6-10-mit-arbeitsbuch-audio-cd\/","title":{"rendered":"em neu 2008 Abschlusskurs  Kursbuch + Arbeitsbuch, Lektion 6\u201310 mit Arbeitsbuch-Audio-CD"},"content":{"rendered":"<p>Die Erste Hilfe Deutsch Lernkarten sind sowohl ideal f\u00fcr Kinder, Jugendliche und Erwachsene in Alphabetsierungskursen und im Erstunterricht f\u00fcr Gefl\u00fcchtete und Asylsuchende als auch f\u00fcr Lernende, die sich einen ersten Wortschatz mit Hilfe von Bildern erarbeiten m\u00f6chten. Jede Buchseite enth\u00e4lt acht vierfarbige Lernkarten, die dank einer Perforation leicht herausgetrennt werden k\u00f6nnen. Die Lernkarten decken 240 wichtige W\u00f6rter aus Wortfeldern wie Farben, Zahlen, K\u00f6rper, Kleidung, Essen und Trinken ab. Auf einer Seite der Lernkarte ist der Begriff mit einer vierfarbigen Illustration abgebildet. Auf der anderen Seite befindet sich das Stichwort, eine phonetische Transkription, Angaben zur Wortklasse und gegebenenfalls Pluralform (beim Nomen), Steigerung (beim Adjektiv Komparativ und Superlativ) oder Konjugation (beim Verb 1. Person Pr\u00e4sens, Imperfekt, Perfekt). Darunter kann der Lernende eine \u00dcbersetzung in seine Muttersprache eintragen. Die Vertonung der 240 Stichw\u00f6rter steht als kostenloser MP3-Download im Hueber Audioservice zur Verf\u00fcgung.<\/p>\n","protected":false},"excerpt":{"rendered":"<p>Die Erste Hilfe Deutsch Lernkarten sind sowohl ideal f\u00fcr Kinder, Jugendliche und Erwachsene in Alphabetsierungskursen und im Erstunterricht f\u00fcr Gefl\u00fcchtete und Asylsuchende als auch f\u00fcr Lernende, die sich einen ersten Wortschatz mit Hilfe von Bildern erarbeiten m\u00f6chten. Jede Buchseite enth\u00e4lt&#8230;<\/p>\n","protected":false},"featured_media":57574,"template":"","meta":{"_acf_changed":false,"inline_featured_image":false},"product_brand":[],"product_cat":[897],"product_tag":[],"series":[{"id":1041,"name":"em neu 2012","slug":"em-neu-2012"}],"publisher":[{"id":497,"name":"Hueber Verlag","slug":"hueber-verlag"}],"class_list":{"0":"post-45115","1":"product","2":"type-product","3":"status-publish","4":"has-post-thumbnail","6":"product_cat-keeleope-leiunurk","7":"series-em-neu-2012","8":"publisher-hueber-verlag","10":"first","11":"instock","12":"taxable","13":"shipping-taxable","14":"purchasable","15":"product-type-simple"},"acf":[],"_links":{"self":[{"href":"https:\/\/exlibris.ee\/ru\/wp-json\/wp\/v2\/product\/45115","targetHints":{"allow":["GET"]}}],"collection":[{"href":"https:\/\/exlibris.ee\/ru\/wp-json\/wp\/v2\/product"}],"about":[{"href":"https:\/\/exlibris.ee\/ru\/wp-json\/wp\/v2\/types\/product"}],"wp:featuredmedia":[{"embeddable":true,"href":"https:\/\/exlibris.ee\/ru\/wp-json\/wp\/v2\/media\/57574"}],"wp:attachment":[{"href":"https:\/\/exlibris.ee\/ru\/wp-json\/wp\/v2\/media?parent=45115"}],"wp:term":[{"taxonomy":"product_brand","embeddable":true,"href":"https:\/\/exlibris.ee\/ru\/wp-json\/wp\/v2\/product_brand?post=45115"},{"taxonomy":"product_cat","embeddable":true,"href":"https:\/\/exlibris.ee\/ru\/wp-json\/wp\/v2\/product_cat?post=45115"},{"taxonomy":"product_tag","embeddable":true,"href":"https:\/\/exlibris.ee\/ru\/wp-json\/wp\/v2\/product_tag?post=45115"},{"taxonomy":"series","embeddable":true,"href":"https:\/\/exlibris.ee\/ru\/wp-json\/wp\/v2\/series?post=45115"},{"taxonomy":"publisher","embeddable":true,"href":"https:\/\/exlibris.ee\/ru\/wp-json\/wp\/v2\/publisher?post=45115"}],"curies":[{"name":"wp","href":"https:\/\/api.w.org\/{rel}","templated":true}]}}