{"id":45123,"date":"2023-05-12T11:20:40","date_gmt":"2023-05-12T08:20:40","guid":{"rendered":"https:\/\/exlibris.ee\/toode\/starten-wir-a2-video-dvd\/"},"modified":"2026-04-07T05:20:15","modified_gmt":"2026-04-07T02:20:15","slug":"starten-wir-a2-video-dvd","status":"publish","type":"product","link":"https:\/\/exlibris.ee\/ru\/produkt\/starten-wir-a2-video-dvd\/","title":{"rendered":"Starten wir! A2  Video-DVD"},"content":{"rendered":"<p>Die Video-DVD zu Starten wir! A2 Geeignet f\u00fcr Erwachsene und Jugendliche ab 16 Jahren weltweit, die mit Starten wir! A2 arbeiten, aber auch unabh\u00e4ngig vom Lehrwerk einsetzbar. &#8212; 24 Videos: Zu jeder Lektion gibt es zwei Videos: eines zur Landeskunde und ein Lernvideo &#8212; Die Videos folgen der Progression des Lehrwerks &#8212; Sie zeigen Schaupl\u00e4tze in den deutschsprachigen L\u00e4ndern: z.B. in Berlin, Hamburg, Salzburg und Z\u00fcrich. &#8212; Die Protagonisten schaffen emotionale N\u00e4he und Identifikationsm\u00f6glichkeiten. &#8212; Die Lernvideos bieten abwechslungsreiche, f\u00fcr das Lernen geeignete Formate (Foto-Story, Landkarten, Bildunterst\u00fctzung, Skype, Chat, Top-Shot-Videos). &#8212; Die Videos eignen sich sehr gut zur Binnendifferenzierung wie auch zur Wiederholung und Vertiefung. &#8212; Die zielgruppengerechten Settings regen zu eigenen Textproduktionen an. &#8212; Kopiervorlagen sowie methodisch-didaktische Hinweise zur Arbeit mit den Videos finden Sie in unserem Lehrwerksservice.<\/p>\n","protected":false},"excerpt":{"rendered":"<p>Die Video-DVD zu Starten wir! A2 Geeignet f\u00fcr Erwachsene und Jugendliche ab 16 Jahren weltweit, die mit Starten wir! A2 arbeiten, aber auch unabh\u00e4ngig vom Lehrwerk einsetzbar. &#8212; 24 Videos: Zu jeder Lektion gibt es zwei Videos: eines zur Landeskunde&#8230;<\/p>\n","protected":false},"featured_media":58123,"template":"","meta":{"_acf_changed":false,"inline_featured_image":false},"product_brand":[],"product_cat":[1121],"product_tag":[],"series":[{"id":557,"name":"Starten Wir! A2","slug":"starten-wir-a2"}],"publisher":[{"id":497,"name":"Hueber Verlag","slug":"hueber-verlag"}],"class_list":{"0":"post-45123","1":"product","2":"type-product","3":"status-publish","4":"has-post-thumbnail","6":"product_cat-lehrwerke-fur-jugendliche-und-erwachsene","7":"series-starten-wir-a2","8":"publisher-hueber-verlag","10":"first","11":"onbackorder","12":"taxable","13":"shipping-taxable","14":"purchasable","15":"product-type-simple"},"acf":[],"_links":{"self":[{"href":"https:\/\/exlibris.ee\/ru\/wp-json\/wp\/v2\/product\/45123","targetHints":{"allow":["GET"]}}],"collection":[{"href":"https:\/\/exlibris.ee\/ru\/wp-json\/wp\/v2\/product"}],"about":[{"href":"https:\/\/exlibris.ee\/ru\/wp-json\/wp\/v2\/types\/product"}],"wp:featuredmedia":[{"embeddable":true,"href":"https:\/\/exlibris.ee\/ru\/wp-json\/wp\/v2\/media\/58123"}],"wp:attachment":[{"href":"https:\/\/exlibris.ee\/ru\/wp-json\/wp\/v2\/media?parent=45123"}],"wp:term":[{"taxonomy":"product_brand","embeddable":true,"href":"https:\/\/exlibris.ee\/ru\/wp-json\/wp\/v2\/product_brand?post=45123"},{"taxonomy":"product_cat","embeddable":true,"href":"https:\/\/exlibris.ee\/ru\/wp-json\/wp\/v2\/product_cat?post=45123"},{"taxonomy":"product_tag","embeddable":true,"href":"https:\/\/exlibris.ee\/ru\/wp-json\/wp\/v2\/product_tag?post=45123"},{"taxonomy":"series","embeddable":true,"href":"https:\/\/exlibris.ee\/ru\/wp-json\/wp\/v2\/series?post=45123"},{"taxonomy":"publisher","embeddable":true,"href":"https:\/\/exlibris.ee\/ru\/wp-json\/wp\/v2\/publisher?post=45123"}],"curies":[{"name":"wp","href":"https:\/\/api.w.org\/{rel}","templated":true}]}}