{"id":45124,"date":"2023-05-12T11:20:40","date_gmt":"2023-05-12T08:20:40","guid":{"rendered":"https:\/\/exlibris.ee\/toode\/deutsch-kompakt-neu-englische-ausgabe-paket-2-bucher-3-audio-cds\/"},"modified":"2026-04-10T05:17:43","modified_gmt":"2026-04-10T02:17:43","slug":"deutsch-kompakt-neu-englische-ausgabe-paket-2-bucher-3-audio-cds","status":"publish","type":"product","link":"https:\/\/exlibris.ee\/ru\/produkt\/deutsch-kompakt-neu-englische-ausgabe-paket-2-bucher-3-audio-cds\/","title":{"rendered":"deutsch kompakt Neu  Englische Ausgabe \/ Paket: 2 B\u00fccher + 3 Audio-CDs"},"content":{"rendered":"<p>Der Selbstlernkurs &#171;deutsch kompakt Neu &#8212; Russische Ausgabe&#187; begleitet Anf\u00e4nger:innen ohne Vorkenntnisse in ihrer Muttersprache und schafft eine Sprachkompetenz, die die m\u00fcndliche und schriftliche Teilnahme an der Alltagskommunikation erm\u00f6glicht. Ein unterhaltsamer, effektiver und motivierender Einstieg in die deutsche Sprache! Jeder Kurs besteht aus einem einsprachigen Textbuch, einem zweisprachigen Arbeitsbuch und Audiomaterial als MP3-Download.: &#8212; Das einsprachige Textbuch enth\u00e4lt die kompletten Dialoge der Audiomaterialien mit \u00dcbungen und kurzen Anmerkungen zur Grammatik. &#8212; Das zweisprachige Arbeitsbuch f\u00fchrt die Lernenden in ihrer Muttersprache durch die Lektionen, die in wiederkehrende Rubriken aufgeteilt sind: Dialog mit \u00dcbungen \u2013 Grammatik, Neue W\u00f6rter, \u00dcbungen \u2013 Aussprache. &#8212; Die einsprachigen Audiomaterialien enthalten Dialoge, Texte und \u00dcbungen.<\/p>\n","protected":false},"excerpt":{"rendered":"<p>Der Selbstlernkurs &#171;deutsch kompakt Neu &#8212; Russische Ausgabe&#187; begleitet Anf\u00e4nger:innen ohne Vorkenntnisse in ihrer Muttersprache und schafft eine Sprachkompetenz, die die m\u00fcndliche und schriftliche Teilnahme an der Alltagskommunikation erm\u00f6glicht. Ein unterhaltsamer, effektiver und motivierender Einstieg in die deutsche Sprache! Jeder&#8230;<\/p>\n","protected":false},"featured_media":58126,"template":"","meta":{"_acf_changed":false,"inline_featured_image":false},"product_brand":[],"product_cat":[538],"product_tag":[],"series":[{"id":1043,"name":"deutsch kompakt Neu","slug":"deutsch-kompakt-neu"}],"publisher":[{"id":497,"name":"Hueber Verlag","slug":"hueber-verlag"}],"class_list":{"0":"post-45124","1":"product","2":"type-product","3":"status-publish","4":"has-post-thumbnail","6":"product_cat-lehrwerke-fur-erwachsene","7":"series-deutsch-kompakt-neu","8":"publisher-hueber-verlag","10":"first","11":"instock","12":"taxable","13":"shipping-taxable","14":"purchasable","15":"product-type-simple"},"acf":[],"_links":{"self":[{"href":"https:\/\/exlibris.ee\/ru\/wp-json\/wp\/v2\/product\/45124","targetHints":{"allow":["GET"]}}],"collection":[{"href":"https:\/\/exlibris.ee\/ru\/wp-json\/wp\/v2\/product"}],"about":[{"href":"https:\/\/exlibris.ee\/ru\/wp-json\/wp\/v2\/types\/product"}],"wp:featuredmedia":[{"embeddable":true,"href":"https:\/\/exlibris.ee\/ru\/wp-json\/wp\/v2\/media\/58126"}],"wp:attachment":[{"href":"https:\/\/exlibris.ee\/ru\/wp-json\/wp\/v2\/media?parent=45124"}],"wp:term":[{"taxonomy":"product_brand","embeddable":true,"href":"https:\/\/exlibris.ee\/ru\/wp-json\/wp\/v2\/product_brand?post=45124"},{"taxonomy":"product_cat","embeddable":true,"href":"https:\/\/exlibris.ee\/ru\/wp-json\/wp\/v2\/product_cat?post=45124"},{"taxonomy":"product_tag","embeddable":true,"href":"https:\/\/exlibris.ee\/ru\/wp-json\/wp\/v2\/product_tag?post=45124"},{"taxonomy":"series","embeddable":true,"href":"https:\/\/exlibris.ee\/ru\/wp-json\/wp\/v2\/series?post=45124"},{"taxonomy":"publisher","embeddable":true,"href":"https:\/\/exlibris.ee\/ru\/wp-json\/wp\/v2\/publisher?post=45124"}],"curies":[{"name":"wp","href":"https:\/\/api.w.org\/{rel}","templated":true}]}}