{"id":45125,"date":"2023-05-12T11:20:40","date_gmt":"2023-05-12T08:20:40","guid":{"rendered":"https:\/\/exlibris.ee\/toode\/deutsch-kompakt-neu-turkische-ausgabe-paket-2-bucher-3-audio-cds\/"},"modified":"2026-04-10T05:17:43","modified_gmt":"2026-04-10T02:17:43","slug":"deutsch-kompakt-neu-turkische-ausgabe-paket-2-bucher-3-audio-cds","status":"publish","type":"product","link":"https:\/\/exlibris.ee\/ru\/produkt\/deutsch-kompakt-neu-turkische-ausgabe-paket-2-bucher-3-audio-cds\/","title":{"rendered":"deutsch kompakt Neu  T\u00fcrkische Ausgabe \/ Paket: 2 B\u00fccher + 3 Audio-CDs"},"content":{"rendered":"<p>Zehn Bildgeschichten von Vater und Sohn, die sich besonders zum Erz\u00e4hlen eignen und die durch ihre Thematik zu weitergehenden Aktivit\u00e4ten im Unterricht motivieren. Zu jeder Geschichte bietet das Buch Hilfen f\u00fcr die Wiederholung und Erweiterung des Wortschatzes und \u00dcbungen zur Erarbeitung wichtiger Strukturen und Redemittel. Au\u00dferdem werden Vorschl\u00e4ge f\u00fcr Rollenspiele, m\u00fcndliche oder schriftliche \u00c4u\u00dferungen zu einzelnen Aspekten, Gruppendiskussionen usw. gemacht. Biografische Notizen zum Leben und Werk Erich Ohsers, der mit seinen Vater-und-Sohn-Geschichten unter dem Pseudonym E. O. Plauen weltber\u00fchmt wurde, runden das Buch ab.<\/p>\n","protected":false},"excerpt":{"rendered":"<p>Zehn Bildgeschichten von Vater und Sohn, die sich besonders zum Erz\u00e4hlen eignen und die durch ihre Thematik zu weitergehenden Aktivit\u00e4ten im Unterricht motivieren. Zu jeder Geschichte bietet das Buch Hilfen f\u00fcr die Wiederholung und Erweiterung des Wortschatzes und \u00dcbungen zur&#8230;<\/p>\n","protected":false},"featured_media":58129,"template":"","meta":{"_acf_changed":false,"inline_featured_image":false},"product_brand":[],"product_cat":[538],"product_tag":[],"series":[{"id":1043,"name":"deutsch kompakt Neu","slug":"deutsch-kompakt-neu"}],"publisher":[{"id":497,"name":"Hueber Verlag","slug":"hueber-verlag"}],"class_list":{"0":"post-45125","1":"product","2":"type-product","3":"status-publish","4":"has-post-thumbnail","6":"product_cat-lehrwerke-fur-erwachsene","7":"series-deutsch-kompakt-neu","8":"publisher-hueber-verlag","10":"first","11":"onbackorder","12":"taxable","13":"shipping-taxable","14":"purchasable","15":"product-type-simple"},"acf":[],"_links":{"self":[{"href":"https:\/\/exlibris.ee\/ru\/wp-json\/wp\/v2\/product\/45125","targetHints":{"allow":["GET"]}}],"collection":[{"href":"https:\/\/exlibris.ee\/ru\/wp-json\/wp\/v2\/product"}],"about":[{"href":"https:\/\/exlibris.ee\/ru\/wp-json\/wp\/v2\/types\/product"}],"wp:featuredmedia":[{"embeddable":true,"href":"https:\/\/exlibris.ee\/ru\/wp-json\/wp\/v2\/media\/58129"}],"wp:attachment":[{"href":"https:\/\/exlibris.ee\/ru\/wp-json\/wp\/v2\/media?parent=45125"}],"wp:term":[{"taxonomy":"product_brand","embeddable":true,"href":"https:\/\/exlibris.ee\/ru\/wp-json\/wp\/v2\/product_brand?post=45125"},{"taxonomy":"product_cat","embeddable":true,"href":"https:\/\/exlibris.ee\/ru\/wp-json\/wp\/v2\/product_cat?post=45125"},{"taxonomy":"product_tag","embeddable":true,"href":"https:\/\/exlibris.ee\/ru\/wp-json\/wp\/v2\/product_tag?post=45125"},{"taxonomy":"series","embeddable":true,"href":"https:\/\/exlibris.ee\/ru\/wp-json\/wp\/v2\/series?post=45125"},{"taxonomy":"publisher","embeddable":true,"href":"https:\/\/exlibris.ee\/ru\/wp-json\/wp\/v2\/publisher?post=45125"}],"curies":[{"name":"wp","href":"https:\/\/api.w.org\/{rel}","templated":true}]}}