{"id":45138,"date":"2023-05-12T11:20:43","date_gmt":"2023-05-12T08:20:43","guid":{"rendered":"https:\/\/exlibris.ee\/toode\/beste-freunde-plus-a2-1-medienpaket\/"},"modified":"2026-04-05T17:22:29","modified_gmt":"2026-04-05T14:22:29","slug":"beste-freunde-plus-a2-1-medienpaket","status":"publish","type":"product","link":"https:\/\/exlibris.ee\/ru\/produkt\/beste-freunde-plus-a2-1-medienpaket\/","title":{"rendered":"Beste Freunde PLUS A2.1    \/ Medienpaket"},"content":{"rendered":"<p>Beste Freunde PLUS \u2013 das interaktive DaF-Lehrwerk (A1 &#8212; B1) f\u00fcr Deutsch als Fremdsprache Beste Freunde PLUS A2.1 Medienpaket f\u00fcr Kursleitende Das Medienpaket enth\u00e4lt: &#8212; eine Video-DVD mit allen Filmen zum Kursbuch &#8212; Audio-CDs mit allen H\u00f6rtexten zum Kurs- und Arbeitsbuch.<\/p>\n","protected":false},"excerpt":{"rendered":"<p>Beste Freunde PLUS \u2013 das interaktive DaF-Lehrwerk (A1 &#8212; B1) f\u00fcr Deutsch als Fremdsprache Beste Freunde PLUS A2.1 Medienpaket f\u00fcr Kursleitende Das Medienpaket enth\u00e4lt: &#8212; eine Video-DVD mit allen Filmen zum Kursbuch &#8212; Audio-CDs mit allen H\u00f6rtexten zum Kurs- und&#8230;<\/p>\n","protected":false},"featured_media":131231,"template":"","meta":{"_acf_changed":false,"inline_featured_image":false},"product_brand":[],"product_cat":[477],"product_tag":[],"series":[{"id":1044,"name":"Beste Freunde PLUS A2.1","slug":"beste-freunde-plus-a2-1"}],"publisher":[{"id":497,"name":"Hueber Verlag","slug":"hueber-verlag"}],"class_list":{"0":"post-45138","1":"product","2":"type-product","3":"status-publish","4":"has-post-thumbnail","6":"product_cat-lehrwerke-fur-jugendliche","7":"series-beste-freunde-plus-a2-1","8":"publisher-hueber-verlag","10":"first","11":"onbackorder","12":"taxable","13":"shipping-taxable","14":"purchasable","15":"product-type-simple"},"acf":[],"_links":{"self":[{"href":"https:\/\/exlibris.ee\/ru\/wp-json\/wp\/v2\/product\/45138","targetHints":{"allow":["GET"]}}],"collection":[{"href":"https:\/\/exlibris.ee\/ru\/wp-json\/wp\/v2\/product"}],"about":[{"href":"https:\/\/exlibris.ee\/ru\/wp-json\/wp\/v2\/types\/product"}],"wp:featuredmedia":[{"embeddable":true,"href":"https:\/\/exlibris.ee\/ru\/wp-json\/wp\/v2\/media\/131231"}],"wp:attachment":[{"href":"https:\/\/exlibris.ee\/ru\/wp-json\/wp\/v2\/media?parent=45138"}],"wp:term":[{"taxonomy":"product_brand","embeddable":true,"href":"https:\/\/exlibris.ee\/ru\/wp-json\/wp\/v2\/product_brand?post=45138"},{"taxonomy":"product_cat","embeddable":true,"href":"https:\/\/exlibris.ee\/ru\/wp-json\/wp\/v2\/product_cat?post=45138"},{"taxonomy":"product_tag","embeddable":true,"href":"https:\/\/exlibris.ee\/ru\/wp-json\/wp\/v2\/product_tag?post=45138"},{"taxonomy":"series","embeddable":true,"href":"https:\/\/exlibris.ee\/ru\/wp-json\/wp\/v2\/series?post=45138"},{"taxonomy":"publisher","embeddable":true,"href":"https:\/\/exlibris.ee\/ru\/wp-json\/wp\/v2\/publisher?post=45138"}],"curies":[{"name":"wp","href":"https:\/\/api.w.org\/{rel}","templated":true}]}}